{"id":44546,"date":"2024-11-05T14:26:54","date_gmt":"2024-11-05T13:26:54","guid":{"rendered":"https:\/\/sfu.sk\/?post_type=product&#038;p=44546"},"modified":"2025-07-30T15:02:57","modified_gmt":"2025-07-30T13:02:57","slug":"cinepur-155-2024","status":"publish","type":"product","link":"https:\/\/sfu.sk\/en\/eshop\/cinepur-155-2024\/","title":{"rendered":"Cinepur 155\/2024"},"content":{"rendered":"<p>T\u00e9ma Biopic se zam\u011b\u0159\u00ed na jeho dom\u00e1c\u00ed (Kafka, Bo\u017eena N\u011bmcov\u00e1) i zahrani\u010dn\u00ed (filmy Kena Russella, legendy bojov\u00fdch um\u011bn\u00ed, Napoleon) podoby. V profilu se v\u011bnujeme nov\u00e9mu \u010desk\u00e9mu talentu Vojt\u011bchovi Strakat\u00e9mu, kter\u00fd sv\u016fj film After Party uvedl na festivalu v Ben\u00e1tk\u00e1ch, z n\u011bj\u017e v\u00e1m p\u0159in\u00e1\u0161\u00edme report. Kamery-pero se tentokr\u00e1t zhostila Erika Hn\u00edkov\u00e1 a za doporu\u010den\u00ed ur\u010dit\u011b stoj\u00ed rozhovor s p\u0159edn\u00ed osobnost\u00ed ma\u010farsk\u00e9ho filmu Idik\u00f3 Eny\u00e9di, text o seri\u00e1lu Slow Horses | Apple TV \u010di tradi\u010dn\u00ed kritiky (nap\u0159. I&#8217;m not Everything I Want to Be \/ Je\u0161t\u011b nejsem, k\u00fdm chci b\u00fdt re\u017eis\u00e9rky Kl\u00e1ra Tasovsk\u00e1 nebo Sem\u00ednko posv\u00e1tn\u00e9ho f\u00edkovn\u00edku). Jist\u011b si v\u0161imnete i vizu\u00e1ln\u011b kr\u00e1sn\u00e9 inzerce Mezipatra QFF, Kreativn\u00ed Evropa a filmu V kuchyni.<\/p>\n","protected":false},"excerpt":{"rendered":"<p>T\u00e9ma Biopic se zam\u011b\u0159\u00ed na jeho dom\u00e1c\u00ed (Kafka, Bo\u017eena N\u011bmcov\u00e1) i zahrani\u010dn\u00ed (filmy Kena Russella, legendy bojov\u00fdch um\u011bn\u00ed, Napoleon) podoby. V profilu se v\u011bnujeme nov\u00e9mu \u010desk\u00e9mu talentu Vojt\u011bchovi Strakat\u00e9mu, kter\u00fd sv\u016fj film After Party uvedl na festivalu v Ben\u00e1tk\u00e1ch, z n\u011bj\u017e v\u00e1m p\u0159in\u00e1\u0161\u00edme report. Kamery-pero se tentokr\u00e1t zhostila Erika Hn\u00edkov\u00e1 a za doporu\u010den\u00ed ur\u010dit\u011b stoj\u00ed [&hellip;]<\/p>\n","protected":false},"featured_media":44547,"comment_status":"closed","ping_status":"closed","template":"","meta":{"_acf_changed":false,"inline_featured_image":false},"product_brand":[],"product_cat":[29,333],"product_tag":[],"class_list":{"0":"post-44546","1":"product","2":"type-product","3":"status-publish","4":"has-post-thumbnail","6":"product_cat-casopisy","7":"product_cat-cinepur-tituly-inych-vydavatelstiev-casopisy","9":"first","10":"instock","11":"shipping-taxable","12":"purchasable","13":"product-type-simple"},"acf":[],"_links":{"self":[{"href":"https:\/\/sfu.sk\/en\/wp-json\/wp\/v2\/product\/44546","targetHints":{"allow":["GET"]}}],"collection":[{"href":"https:\/\/sfu.sk\/en\/wp-json\/wp\/v2\/product"}],"about":[{"href":"https:\/\/sfu.sk\/en\/wp-json\/wp\/v2\/types\/product"}],"replies":[{"embeddable":true,"href":"https:\/\/sfu.sk\/en\/wp-json\/wp\/v2\/comments?post=44546"}],"wp:featuredmedia":[{"embeddable":true,"href":"https:\/\/sfu.sk\/en\/wp-json\/wp\/v2\/media\/44547"}],"wp:attachment":[{"href":"https:\/\/sfu.sk\/en\/wp-json\/wp\/v2\/media?parent=44546"}],"wp:term":[{"taxonomy":"product_brand","embeddable":true,"href":"https:\/\/sfu.sk\/en\/wp-json\/wp\/v2\/product_brand?post=44546"},{"taxonomy":"product_cat","embeddable":true,"href":"https:\/\/sfu.sk\/en\/wp-json\/wp\/v2\/product_cat?post=44546"},{"taxonomy":"product_tag","embeddable":true,"href":"https:\/\/sfu.sk\/en\/wp-json\/wp\/v2\/product_tag?post=44546"}],"curies":[{"name":"wp","href":"https:\/\/api.w.org\/{rel}","templated":true}]}}