{"id":44798,"date":"2024-12-04T11:47:29","date_gmt":"2024-12-04T10:47:29","guid":{"rendered":"https:\/\/sfu.sk\/?post_type=product&#038;p=44798"},"modified":"2025-12-05T11:11:30","modified_gmt":"2025-12-05T10:11:30","slug":"filmovy-kalendar-2025-stanislav-szomolanyi","status":"publish","type":"product","link":"https:\/\/sfu.sk\/en\/eshop\/filmovy-kalendar-2025-stanislav-szomolanyi\/","title":{"rendered":"Filmov\u00fd kalend\u00e1r 2025 &#8211; Stanislav Szomol\u00e1nyi"},"content":{"rendered":"<p>Filmov\u00fd kalend\u00e1r Slovensk\u00e9ho filmov\u00e9ho \u00fastavu na rok 2025 venovan\u00fd dev\u00e4\u0165desiatin\u00e1m slovensk\u00e9ho kameramana Stanislava Szomol\u00e1nyiho (*14.1.1935)<\/p>\n<p>Janu\u00e1r: Slnko v sieti, 1962, autorka fotografie: Zuzana Min\u00e1\u010dov\u00e1<br \/>\nFebru\u00e1r: Organ, 1964, autor fotografie: Milan Kordo\u0161<br \/>\nMarec: Panna z\u00e1zra\u010dnica 1966, autor fotografie: Anton Podstrask\u00fd<br \/>\nApr\u00edl: Tri dc\u00e9ry, 1967, autorka fotografie: Zuzana Min\u00e1\u010dov\u00e1<br \/>\nM\u00e1j: Keby som mal pu\u0161ku, 1971, autor fotografie: Anton Podstrask\u00fd<br \/>\nJ\u00fan: A pobe\u017e\u00edm a\u017e na kraj sveta, autor fotografie: Milan Kordo\u0161<br \/>\nJ\u00fal: Kosenie jastrabej l\u00faky, 1981, autor fotografie: Milan Kordo\u0161<br \/>\nAugust: P\u00e1sla kone na bet\u00f3ne, 1982, autor fotografie: Milan Kordo\u0161<br \/>\nSeptember: Popolv\u00e1r najv\u00e4\u010d\u0161\u00ed na svete, 1982, autor fotografie: V\u00e1clav Pol\u00e1k<br \/>\nOkt\u00f3ber: Falo\u0161n\u00fd princ, 1984, autor fotografie: V\u00e1clav Pol\u00e1k<br \/>\nNovember: O sl\u00e1ve a tr\u00e1ve, 1984, autor fotografie: V\u00e1clav Pol\u00e1k<br \/>\nDecember: \u0160iesta veta, 1986, autor fotografie: Du\u0161an Duk\u00e1t<\/p>\n","protected":false},"excerpt":{"rendered":"<p>Filmov\u00fd kalend\u00e1r Slovensk\u00e9ho filmov\u00e9ho \u00fastavu na rok 2025 venovan\u00fd dev\u00e4\u0165desiatin\u00e1m slovensk\u00e9ho kameramana Stanislava Szomol\u00e1nyiho (*14.1.1935) Janu\u00e1r: Slnko v sieti, 1962, autorka fotografie: Zuzana Min\u00e1\u010dov\u00e1 Febru\u00e1r: Organ, 1964, autor fotografie: Milan Kordo\u0161 Marec: Panna z\u00e1zra\u010dnica 1966, autor fotografie: Anton Podstrask\u00fd Apr\u00edl: Tri dc\u00e9ry, 1967, autorka fotografie: Zuzana Min\u00e1\u010dov\u00e1 M\u00e1j: Keby som mal pu\u0161ku, 1971, autor fotografie: [&hellip;]<\/p>\n","protected":false},"featured_media":44799,"comment_status":"closed","ping_status":"closed","template":"","meta":{"_acf_changed":false,"inline_featured_image":false},"product_brand":[],"product_cat":[22,72,337],"product_tag":[],"class_list":{"0":"post-44798","1":"product","2":"type-product","3":"status-publish","4":"has-post-thumbnail","6":"product_cat-ine","7":"product_cat-nezaradene","8":"product_cat-tituly-sfu-ine","10":"first","11":"instock","12":"shipping-taxable","13":"purchasable","14":"product-type-simple"},"acf":[],"_links":{"self":[{"href":"https:\/\/sfu.sk\/en\/wp-json\/wp\/v2\/product\/44798","targetHints":{"allow":["GET"]}}],"collection":[{"href":"https:\/\/sfu.sk\/en\/wp-json\/wp\/v2\/product"}],"about":[{"href":"https:\/\/sfu.sk\/en\/wp-json\/wp\/v2\/types\/product"}],"replies":[{"embeddable":true,"href":"https:\/\/sfu.sk\/en\/wp-json\/wp\/v2\/comments?post=44798"}],"wp:featuredmedia":[{"embeddable":true,"href":"https:\/\/sfu.sk\/en\/wp-json\/wp\/v2\/media\/44799"}],"wp:attachment":[{"href":"https:\/\/sfu.sk\/en\/wp-json\/wp\/v2\/media?parent=44798"}],"wp:term":[{"taxonomy":"product_brand","embeddable":true,"href":"https:\/\/sfu.sk\/en\/wp-json\/wp\/v2\/product_brand?post=44798"},{"taxonomy":"product_cat","embeddable":true,"href":"https:\/\/sfu.sk\/en\/wp-json\/wp\/v2\/product_cat?post=44798"},{"taxonomy":"product_tag","embeddable":true,"href":"https:\/\/sfu.sk\/en\/wp-json\/wp\/v2\/product_tag?post=44798"}],"curies":[{"name":"wp","href":"https:\/\/api.w.org\/{rel}","templated":true}]}}