{"id":45104,"date":"2024-12-11T10:01:04","date_gmt":"2024-12-11T09:01:04","guid":{"rendered":"https:\/\/sfu.sk\/?post_type=product&#038;p=45104"},"modified":"2026-01-05T02:06:31","modified_gmt":"2026-01-05T01:06:31","slug":"abecedar-slovenskeho-filmu-1921-2021-2-vydanie","status":"publish","type":"product","link":"https:\/\/sfu.sk\/en\/eshop\/abecedar-slovenskeho-filmu-1921-2021-2-vydanie\/","title":{"rendered":"Abeced\u00e1r slovensk\u00e9ho filmu 1921 &#8211; 2021 (2. vydanie)"},"content":{"rendered":"<p><em>Abeced\u00e1r<\/em> tvor\u00ed s\u00fabor 25 kr\u00e1tkych esej\u00ed, ktor\u00e9 sa venuj\u00fa abecedne pomenovan\u00fdm fenom\u00e9nom na\u0161ej filmovej kult\u00fary. Pok\u00fa\u0161ali sme sa zachyti\u0165 najv\u00fdraznej\u0161ie t\u00e9my n\u00e1\u0161ho myslenia o\u00a0filme, fenom\u00e9ny a\u00a0\u010drty filmovej pr\u00e1ce, narat\u00edvne a vizu\u00e1lne mot\u00edvy. Hlavn\u00fdm z\u00e1merom abeced\u00e1ra bolo odp\u00fata\u0165 sa od tradi\u010dn\u00fdch postupov chronologiz\u00e1cie, hierarchiz\u00e1cie \u010di\u00a0kanoniz\u00e1cie. N\u00e1\u0161 mal\u00fd filmov\u00fd arch\u00edv e\u0161te st\u00e1le skr\u00fdva mno\u017estvo nepreb\u00e1dan\u00e9ho filmov\u00e9ho bohatstva. Abeced\u00e1r je z\u00a0tohto poh\u013eadu najm\u00e4 pokus o\u00a0hravej\u0161\u00ed prieskum a\u00a0menej zav\u00e4zuj\u00face nahliadnutie do viac \u010di menej zn\u00e1mych dej\u00edn slovenskej kinematografie.<\/p>\n<p>Publik\u00e1cia vy\u0161la aj v anglickom jazyku. N\u00e1jdete ju <a href=\"http:\/\/www.klapka.sk\/knihy\/alphabet-of-slovak-cinema-1921-2021\" target=\"_blank\" rel=\"noopener\">tu<\/a>.<\/p>\n","protected":false},"excerpt":{"rendered":"<p>Abeced\u00e1r tvor\u00ed s\u00fabor 25 kr\u00e1tkych esej\u00ed, ktor\u00e9 sa venuj\u00fa abecedne pomenovan\u00fdm fenom\u00e9nom na\u0161ej filmovej kult\u00fary. Pok\u00fa\u0161ali sme sa zachyti\u0165 najv\u00fdraznej\u0161ie t\u00e9my n\u00e1\u0161ho myslenia o\u00a0filme, fenom\u00e9ny a\u00a0\u010drty filmovej pr\u00e1ce, narat\u00edvne a vizu\u00e1lne mot\u00edvy. Hlavn\u00fdm z\u00e1merom abeced\u00e1ra bolo odp\u00fata\u0165 sa od tradi\u010dn\u00fdch postupov chronologiz\u00e1cie, hierarchiz\u00e1cie \u010di\u00a0kanoniz\u00e1cie. N\u00e1\u0161 mal\u00fd filmov\u00fd arch\u00edv e\u0161te st\u00e1le skr\u00fdva mno\u017estvo nepreb\u00e1dan\u00e9ho filmov\u00e9ho bohatstva. [&hellip;]<\/p>\n","protected":false},"featured_media":45106,"comment_status":"closed","ping_status":"closed","template":"","meta":{"_acf_changed":false,"inline_featured_image":false},"product_brand":[],"product_cat":[28,324],"product_tag":[],"class_list":{"0":"post-45104","1":"product","2":"type-product","3":"status-publish","4":"has-post-thumbnail","6":"product_cat-knihy","7":"product_cat-tituly-sfu-knihy","9":"first","10":"instock","11":"shipping-taxable","12":"purchasable","13":"product-type-simple"},"acf":[],"_links":{"self":[{"href":"https:\/\/sfu.sk\/en\/wp-json\/wp\/v2\/product\/45104","targetHints":{"allow":["GET"]}}],"collection":[{"href":"https:\/\/sfu.sk\/en\/wp-json\/wp\/v2\/product"}],"about":[{"href":"https:\/\/sfu.sk\/en\/wp-json\/wp\/v2\/types\/product"}],"replies":[{"embeddable":true,"href":"https:\/\/sfu.sk\/en\/wp-json\/wp\/v2\/comments?post=45104"}],"wp:featuredmedia":[{"embeddable":true,"href":"https:\/\/sfu.sk\/en\/wp-json\/wp\/v2\/media\/45106"}],"wp:attachment":[{"href":"https:\/\/sfu.sk\/en\/wp-json\/wp\/v2\/media?parent=45104"}],"wp:term":[{"taxonomy":"product_brand","embeddable":true,"href":"https:\/\/sfu.sk\/en\/wp-json\/wp\/v2\/product_brand?post=45104"},{"taxonomy":"product_cat","embeddable":true,"href":"https:\/\/sfu.sk\/en\/wp-json\/wp\/v2\/product_cat?post=45104"},{"taxonomy":"product_tag","embeddable":true,"href":"https:\/\/sfu.sk\/en\/wp-json\/wp\/v2\/product_tag?post=45104"}],"curies":[{"name":"wp","href":"https:\/\/api.w.org\/{rel}","templated":true}]}}