{"id":45533,"date":"2025-01-10T13:14:40","date_gmt":"2025-01-10T12:14:40","guid":{"rendered":"https:\/\/sfu.sk\/?post_type=product&#038;p=45533"},"modified":"2026-01-05T02:05:50","modified_gmt":"2026-01-05T01:05:50","slug":"blu-ray-kazdy-tyzden-sedem-dni","status":"publish","type":"product","link":"https:\/\/sfu.sk\/en\/eshop\/blu-ray-kazdy-tyzden-sedem-dni\/","title":{"rendered":"blu-ray Ka\u017ed\u00fd t\u00fd\u017ede\u0148 sedem dn\u00ed"},"content":{"rendered":"<p>S\u00fadob\u00fd psychologick\u00fd pr\u00edbeh zo \u017eivota vysoko\u0161kl\u00e1kov, ktor\u00ed si \u010dasto aj za cenu vlastn\u00fdch omylov a sklaman\u00ed h\u013eadaj\u00fa svoje miesto v spolo\u010dnosti. Film zachyt\u00e1va pocity neistoty a strachu, ktor\u00e9 sa zmoc\u0148uj\u00fa \u013eud\u00ed pred hroziacim nebezpe\u010denstvom nukle\u00e1rnej vojny.<\/p>\n","protected":false},"excerpt":{"rendered":"<p>S\u00fadob\u00fd psychologick\u00fd pr\u00edbeh zo \u017eivota vysoko\u0161kl\u00e1kov, ktor\u00ed si \u010dasto aj za cenu vlastn\u00fdch omylov a sklaman\u00ed h\u013eadaj\u00fa svoje miesto v spolo\u010dnosti. Film zachyt\u00e1va pocity neistoty a strachu, ktor\u00e9 sa zmoc\u0148uj\u00fa \u013eud\u00ed pred hroziacim nebezpe\u010denstvom nukle\u00e1rnej vojny.<\/p>\n","protected":false},"featured_media":45534,"comment_status":"closed","ping_status":"closed","template":"","meta":{"_acf_changed":false,"inline_featured_image":false},"product_brand":[],"product_cat":[31,330],"product_tag":[],"class_list":{"0":"post-45533","1":"product","2":"type-product","3":"status-publish","4":"has-post-thumbnail","6":"product_cat-blu-ray","7":"product_cat-tituly-sfu-blu-ray","9":"first","10":"instock","11":"shipping-taxable","12":"purchasable","13":"product-type-simple"},"acf":[],"_links":{"self":[{"href":"https:\/\/sfu.sk\/en\/wp-json\/wp\/v2\/product\/45533","targetHints":{"allow":["GET"]}}],"collection":[{"href":"https:\/\/sfu.sk\/en\/wp-json\/wp\/v2\/product"}],"about":[{"href":"https:\/\/sfu.sk\/en\/wp-json\/wp\/v2\/types\/product"}],"replies":[{"embeddable":true,"href":"https:\/\/sfu.sk\/en\/wp-json\/wp\/v2\/comments?post=45533"}],"wp:featuredmedia":[{"embeddable":true,"href":"https:\/\/sfu.sk\/en\/wp-json\/wp\/v2\/media\/45534"}],"wp:attachment":[{"href":"https:\/\/sfu.sk\/en\/wp-json\/wp\/v2\/media?parent=45533"}],"wp:term":[{"taxonomy":"product_brand","embeddable":true,"href":"https:\/\/sfu.sk\/en\/wp-json\/wp\/v2\/product_brand?post=45533"},{"taxonomy":"product_cat","embeddable":true,"href":"https:\/\/sfu.sk\/en\/wp-json\/wp\/v2\/product_cat?post=45533"},{"taxonomy":"product_tag","embeddable":true,"href":"https:\/\/sfu.sk\/en\/wp-json\/wp\/v2\/product_tag?post=45533"}],"curies":[{"name":"wp","href":"https:\/\/api.w.org\/{rel}","templated":true}]}}