{"id":45537,"date":"2025-01-10T13:21:54","date_gmt":"2025-01-10T12:21:54","guid":{"rendered":"https:\/\/sfu.sk\/?post_type=product&#038;p=45537"},"modified":"2026-01-05T02:05:51","modified_gmt":"2026-01-05T01:05:51","slug":"blu-ray-nylonovy-mesiac","status":"publish","type":"product","link":"https:\/\/sfu.sk\/en\/eshop\/blu-ray-nylonovy-mesiac\/","title":{"rendered":"blu-ray Nylonov\u00fd mesiac"},"content":{"rendered":"<p>Pr\u00edbeh o \u017eivote mlad\u00fdch \u013eud\u00ed, ich snahe unikn\u00fa\u0165 pred vlastnou rozorvanos\u0165ou, nespokojnos\u0165ou a nervozitou okolit\u00e9ho sveta. Na pozad\u00ed ru\u0161n\u00e9ho prostredia s\u00fadobej Bratislavy sa rozv\u00edja milostn\u00fd vz\u0165ah architekta Andreja a kr\u00e1snej Vandy. Andrej, ktor\u00fd bol doteraz k \u017een\u00e1m cynick\u00fd a bezoh\u013eadn\u00fd, sa po prv\u00fdkr\u00e1t skuto\u010dne zamiluje.<\/p>\n","protected":false},"excerpt":{"rendered":"<p>Pr\u00edbeh o \u017eivote mlad\u00fdch \u013eud\u00ed, ich snahe unikn\u00fa\u0165 pred vlastnou rozorvanos\u0165ou, nespokojnos\u0165ou a nervozitou okolit\u00e9ho sveta. Na pozad\u00ed ru\u0161n\u00e9ho prostredia s\u00fadobej Bratislavy sa rozv\u00edja milostn\u00fd vz\u0165ah architekta Andreja a kr\u00e1snej Vandy. Andrej, ktor\u00fd bol doteraz k \u017een\u00e1m cynick\u00fd a bezoh\u013eadn\u00fd, sa po prv\u00fdkr\u00e1t skuto\u010dne zamiluje.<\/p>\n","protected":false},"featured_media":45538,"comment_status":"closed","ping_status":"closed","template":"","meta":{"_acf_changed":false,"inline_featured_image":false},"product_brand":[],"product_cat":[31,330],"product_tag":[],"class_list":{"0":"post-45537","1":"product","2":"type-product","3":"status-publish","4":"has-post-thumbnail","6":"product_cat-blu-ray","7":"product_cat-tituly-sfu-blu-ray","9":"first","10":"instock","11":"shipping-taxable","12":"purchasable","13":"product-type-simple"},"acf":[],"_links":{"self":[{"href":"https:\/\/sfu.sk\/en\/wp-json\/wp\/v2\/product\/45537","targetHints":{"allow":["GET"]}}],"collection":[{"href":"https:\/\/sfu.sk\/en\/wp-json\/wp\/v2\/product"}],"about":[{"href":"https:\/\/sfu.sk\/en\/wp-json\/wp\/v2\/types\/product"}],"replies":[{"embeddable":true,"href":"https:\/\/sfu.sk\/en\/wp-json\/wp\/v2\/comments?post=45537"}],"wp:featuredmedia":[{"embeddable":true,"href":"https:\/\/sfu.sk\/en\/wp-json\/wp\/v2\/media\/45538"}],"wp:attachment":[{"href":"https:\/\/sfu.sk\/en\/wp-json\/wp\/v2\/media?parent=45537"}],"wp:term":[{"taxonomy":"product_brand","embeddable":true,"href":"https:\/\/sfu.sk\/en\/wp-json\/wp\/v2\/product_brand?post=45537"},{"taxonomy":"product_cat","embeddable":true,"href":"https:\/\/sfu.sk\/en\/wp-json\/wp\/v2\/product_cat?post=45537"},{"taxonomy":"product_tag","embeddable":true,"href":"https:\/\/sfu.sk\/en\/wp-json\/wp\/v2\/product_tag?post=45537"}],"curies":[{"name":"wp","href":"https:\/\/api.w.org\/{rel}","templated":true}]}}