{"id":45541,"date":"2025-01-10T13:27:42","date_gmt":"2025-01-10T12:27:42","guid":{"rendered":"https:\/\/sfu.sk\/?post_type=product&#038;p=45541"},"modified":"2026-01-05T02:05:46","modified_gmt":"2026-01-05T01:05:46","slug":"blu-ray-drak-sa-vracia","status":"publish","type":"product","link":"https:\/\/sfu.sk\/en\/eshop\/blu-ray-drak-sa-vracia\/","title":{"rendered":"blu-ray Drak sa vracia"},"content":{"rendered":"<p>Balada o l\u00e1ske, nen\u00e1visti a h\u013eadan\u00ed cesty z osamelosti. Dramatick\u00fd pr\u00edbeh uzavret\u00e9ho a nepr\u00edstupn\u00e9ho hrn\u010diara Martina Lepi\u0161a, ktor\u00e9ho okolie obvi\u0148uje zo skutkov, ktor\u00fdch sa nikdy nedopustil. Po rokoch sa vracia, ale ani jeho stato\u010dn\u00e1 z\u00e1chrana majetku dedin\u010danov pred lesn\u00fdm po\u017eiarom mu neprinesie d\u00f4veru ani miesto medzi \u013eu\u010fmi.<\/p>\n","protected":false},"excerpt":{"rendered":"<p>Balada o l\u00e1ske, nen\u00e1visti a h\u013eadan\u00ed cesty z osamelosti. Dramatick\u00fd pr\u00edbeh uzavret\u00e9ho a nepr\u00edstupn\u00e9ho hrn\u010diara Martina Lepi\u0161a, ktor\u00e9ho okolie obvi\u0148uje zo skutkov, ktor\u00fdch sa nikdy nedopustil. Po rokoch sa vracia, ale ani jeho stato\u010dn\u00e1 z\u00e1chrana majetku dedin\u010danov pred lesn\u00fdm po\u017eiarom mu neprinesie d\u00f4veru ani miesto medzi \u013eu\u010fmi.<\/p>\n","protected":false},"featured_media":45542,"comment_status":"closed","ping_status":"closed","template":"","meta":{"_acf_changed":false,"inline_featured_image":false},"product_brand":[],"product_cat":[31,330],"product_tag":[],"class_list":{"0":"post-45541","1":"product","2":"type-product","3":"status-publish","4":"has-post-thumbnail","6":"product_cat-blu-ray","7":"product_cat-tituly-sfu-blu-ray","9":"first","10":"instock","11":"shipping-taxable","12":"purchasable","13":"product-type-simple"},"acf":[],"_links":{"self":[{"href":"https:\/\/sfu.sk\/en\/wp-json\/wp\/v2\/product\/45541","targetHints":{"allow":["GET"]}}],"collection":[{"href":"https:\/\/sfu.sk\/en\/wp-json\/wp\/v2\/product"}],"about":[{"href":"https:\/\/sfu.sk\/en\/wp-json\/wp\/v2\/types\/product"}],"replies":[{"embeddable":true,"href":"https:\/\/sfu.sk\/en\/wp-json\/wp\/v2\/comments?post=45541"}],"wp:featuredmedia":[{"embeddable":true,"href":"https:\/\/sfu.sk\/en\/wp-json\/wp\/v2\/media\/45542"}],"wp:attachment":[{"href":"https:\/\/sfu.sk\/en\/wp-json\/wp\/v2\/media?parent=45541"}],"wp:term":[{"taxonomy":"product_brand","embeddable":true,"href":"https:\/\/sfu.sk\/en\/wp-json\/wp\/v2\/product_brand?post=45541"},{"taxonomy":"product_cat","embeddable":true,"href":"https:\/\/sfu.sk\/en\/wp-json\/wp\/v2\/product_cat?post=45541"},{"taxonomy":"product_tag","embeddable":true,"href":"https:\/\/sfu.sk\/en\/wp-json\/wp\/v2\/product_tag?post=45541"}],"curies":[{"name":"wp","href":"https:\/\/api.w.org\/{rel}","templated":true}]}}