{"id":45548,"date":"2025-01-10T13:39:54","date_gmt":"2025-01-10T12:39:54","guid":{"rendered":"https:\/\/sfu.sk\/?post_type=product&#038;p=45548"},"modified":"2026-01-05T02:05:52","modified_gmt":"2026-01-05T01:05:52","slug":"blu-ray-pravda-je-to-najdolezitejsie","status":"publish","type":"product","link":"https:\/\/sfu.sk\/en\/eshop\/blu-ray-pravda-je-to-najdolezitejsie\/","title":{"rendered":"blu-ray Pravda je to najd\u00f4le\u017eitej\u0161ie"},"content":{"rendered":"<p>Portr\u00e9t \u010dloveka, intelektu\u00e1la a nadan\u00e9ho film\u00e1ra s d\u00f4sledne definovan\u00fdmi umeleck\u00fdmi z\u00e1mermi, ktor\u00e9 sa mu vinou okolnost\u00ed a doby nie v\u017edy podarilo naplni\u0165. \u00davahy o ideov\u00fdch a estetick\u00fdch v\u00fdchodisk\u00e1ch, ktor\u00e9 po\u010das svojej tvorivej dr\u00e1hy konzekventne sledoval, o zmysle a poslan\u00ed umenia a o princ\u00edpoch, ktor\u00fdch by sa umenie nikdy nemalo vzd\u00e1va\u0165.<\/p>\n","protected":false},"excerpt":{"rendered":"<p>Portr\u00e9t \u010dloveka, intelektu\u00e1la a nadan\u00e9ho film\u00e1ra s d\u00f4sledne definovan\u00fdmi umeleck\u00fdmi z\u00e1mermi, ktor\u00e9 sa mu vinou okolnost\u00ed a doby nie v\u017edy podarilo naplni\u0165. \u00davahy o ideov\u00fdch a estetick\u00fdch v\u00fdchodisk\u00e1ch, ktor\u00e9 po\u010das svojej tvorivej dr\u00e1hy konzekventne sledoval, o zmysle a poslan\u00ed umenia a o princ\u00edpoch, ktor\u00fdch by sa umenie nikdy nemalo vzd\u00e1va\u0165.<\/p>\n","protected":false},"featured_media":45549,"comment_status":"closed","ping_status":"closed","template":"","meta":{"_acf_changed":false,"inline_featured_image":false},"product_brand":[],"product_cat":[31,330],"product_tag":[],"class_list":{"0":"post-45548","1":"product","2":"type-product","3":"status-publish","4":"has-post-thumbnail","6":"product_cat-blu-ray","7":"product_cat-tituly-sfu-blu-ray","9":"first","10":"instock","11":"shipping-taxable","12":"purchasable","13":"product-type-simple"},"acf":[],"_links":{"self":[{"href":"https:\/\/sfu.sk\/en\/wp-json\/wp\/v2\/product\/45548","targetHints":{"allow":["GET"]}}],"collection":[{"href":"https:\/\/sfu.sk\/en\/wp-json\/wp\/v2\/product"}],"about":[{"href":"https:\/\/sfu.sk\/en\/wp-json\/wp\/v2\/types\/product"}],"replies":[{"embeddable":true,"href":"https:\/\/sfu.sk\/en\/wp-json\/wp\/v2\/comments?post=45548"}],"wp:featuredmedia":[{"embeddable":true,"href":"https:\/\/sfu.sk\/en\/wp-json\/wp\/v2\/media\/45549"}],"wp:attachment":[{"href":"https:\/\/sfu.sk\/en\/wp-json\/wp\/v2\/media?parent=45548"}],"wp:term":[{"taxonomy":"product_brand","embeddable":true,"href":"https:\/\/sfu.sk\/en\/wp-json\/wp\/v2\/product_brand?post=45548"},{"taxonomy":"product_cat","embeddable":true,"href":"https:\/\/sfu.sk\/en\/wp-json\/wp\/v2\/product_cat?post=45548"},{"taxonomy":"product_tag","embeddable":true,"href":"https:\/\/sfu.sk\/en\/wp-json\/wp\/v2\/product_tag?post=45548"}],"curies":[{"name":"wp","href":"https:\/\/api.w.org\/{rel}","templated":true}]}}