{"id":45608,"date":"2025-01-17T11:40:52","date_gmt":"2025-01-17T10:40:52","guid":{"rendered":"https:\/\/sfu.sk\/?post_type=product&#038;p=45608"},"modified":"2025-07-30T15:02:31","modified_gmt":"2025-07-30T13:02:31","slug":"cinepur-156-2024","status":"publish","type":"product","link":"https:\/\/sfu.sk\/en\/eshop\/cinepur-156-2024\/","title":{"rendered":"Cinepur 156\/2024"},"content":{"rendered":"<p>V tomto \u010d\u00edsle Cinepur sa tie\u017e do\u010d\u00edtate: Rozhovor Tsai Ming-liang, Portr\u00e9t Ridley Scott, Flashback Snowboar\u010f\u00e1ci, Kamera-pero T. Hlav\u00e1\u010dek, Bruno Dumont a buh filmu, Nov\u00fd franc\u00fazsky horor, Trendy francouzsk\u00e9 TV, Magick\u00fd satirik A. Peretjatko.<\/p>\n","protected":false},"excerpt":{"rendered":"<p>V tomto \u010d\u00edsle Cinepur sa tie\u017e do\u010d\u00edtate: Rozhovor Tsai Ming-liang, Portr\u00e9t Ridley Scott, Flashback Snowboar\u010f\u00e1ci, Kamera-pero T. Hlav\u00e1\u010dek, Bruno Dumont a buh filmu, Nov\u00fd franc\u00fazsky horor, Trendy francouzsk\u00e9 TV, Magick\u00fd satirik A. Peretjatko.<\/p>\n","protected":false},"featured_media":45609,"comment_status":"closed","ping_status":"closed","template":"","meta":{"_acf_changed":false,"inline_featured_image":false},"product_brand":[],"product_cat":[29,333],"product_tag":[],"class_list":{"0":"post-45608","1":"product","2":"type-product","3":"status-publish","4":"has-post-thumbnail","6":"product_cat-casopisy","7":"product_cat-cinepur-tituly-inych-vydavatelstiev-casopisy","9":"first","10":"instock","11":"shipping-taxable","12":"purchasable","13":"product-type-simple"},"acf":[],"_links":{"self":[{"href":"https:\/\/sfu.sk\/en\/wp-json\/wp\/v2\/product\/45608","targetHints":{"allow":["GET"]}}],"collection":[{"href":"https:\/\/sfu.sk\/en\/wp-json\/wp\/v2\/product"}],"about":[{"href":"https:\/\/sfu.sk\/en\/wp-json\/wp\/v2\/types\/product"}],"replies":[{"embeddable":true,"href":"https:\/\/sfu.sk\/en\/wp-json\/wp\/v2\/comments?post=45608"}],"wp:featuredmedia":[{"embeddable":true,"href":"https:\/\/sfu.sk\/en\/wp-json\/wp\/v2\/media\/45609"}],"wp:attachment":[{"href":"https:\/\/sfu.sk\/en\/wp-json\/wp\/v2\/media?parent=45608"}],"wp:term":[{"taxonomy":"product_brand","embeddable":true,"href":"https:\/\/sfu.sk\/en\/wp-json\/wp\/v2\/product_brand?post=45608"},{"taxonomy":"product_cat","embeddable":true,"href":"https:\/\/sfu.sk\/en\/wp-json\/wp\/v2\/product_cat?post=45608"},{"taxonomy":"product_tag","embeddable":true,"href":"https:\/\/sfu.sk\/en\/wp-json\/wp\/v2\/product_tag?post=45608"}],"curies":[{"name":"wp","href":"https:\/\/api.w.org\/{rel}","templated":true}]}}