{"id":46144,"date":"2025-02-17T16:34:58","date_gmt":"2025-02-17T15:34:58","guid":{"rendered":"https:\/\/sfu.sk\/?post_type=product&#038;p=46144"},"modified":"2026-04-09T14:39:33","modified_gmt":"2026-04-09T12:39:33","slug":"kino-ikon-2-2024","status":"publish","type":"product","link":"https:\/\/sfu.sk\/en\/eshop\/kino-ikon-2-2024\/","title":{"rendered":"KINO IKON 2\/2024"},"content":{"rendered":"<p>Druh\u00e9 \u010d\u00edslo otv\u00e1ra pravideln\u00e9 rubrika venovan\u00e1\u00a0dejin\u00e1m slovenskej kinematografie. Slavom\u00edra Mac\u00e1kov\u00e1 v\u00a0texte o\u00a0\u017eivej hudbe v\u00a0ko\u0161ick\u00fdch kin\u00e1ch po\u010das prechodu k\u00a0zvukov\u00e9mu filmu nazna\u010duje mo\u017enosti v\u00fdskumu lok\u00e1lnych, mestsk\u00fdch filmov\u00fdch kult\u00far. Poetike zvuku vo filmoch zn\u00e1meho argent\u00ednskeho re\u017eis\u00e9ra Lisandra Alonsa sa venuj\u00fa braz\u00edlske autorky Natalia Barrenha a\u00a0Virginia Fl\u00f3res. Jadro \u010d\u00edsla tvor\u00ed diskusia o\u00a0filme <em>V\u0161etko \u010do m\u00e1m r\u00e1d<\/em>, z\u00a0pravidelnej programovej sekcie \u010dasopisu Kino Ikon Choice v\u00a0Kine Lumi\u00e8re, ktor\u00e1 vznikla pri pr\u00edle\u017eitosti \u017eivotn\u00e9ho jubilea scen\u00e1ristu filmu Ondreja \u0160ulaja. K\u013e\u00fa\u010dov\u00fa l\u00edniu kinematografickej filozofie v\u00a0\u010dasopise tentoraz vyzna\u010duje rozhovor s\u00a0austr\u00e1lskym filozofom Robertom Sinnerbrinkom o\u00a0estetike a nevyhnutnosti\u00a0etick\u00e9ho z\u00e1meru v\u00a0kontexte kinematografie. V\u00a0novej prieskumnej rubrike Zoom sa Marek Slov\u00e1k venuje fenom\u00e9nu hollywoodskych legacyquelov. Ewa Mazierska a\u00a0\u017dofia \u0160\u010durokov\u00e1 sa venuj\u00fa \u010fal\u0161ej podstatnej t\u00e9me \u010d\u00edsla \u2013 vytv\u00e1raniu, korigovaniu a\u00a0\u00fa\u017eitku filmov\u00fdch k\u00e1nonov v\u00a0kinematografi\u00e1ch strednej Eur\u00f3py. Pravideln\u00fd prispievate\u013e, autor a\u00a0re\u017eis\u00e9r experiment\u00e1lnych filmov Franz Milec sonduje obrazy umelej inteligencie, ktor\u00e9 st\u00e1le viac ovplyv\u0148uj\u00fa aj filmov\u00fa tvorbu a\u00a0ch\u00e1panie autorstva.<\/p>\n","protected":false},"excerpt":{"rendered":"<p>Druh\u00e9 \u010d\u00edslo otv\u00e1ra pravideln\u00e9 rubrika venovan\u00e1\u00a0dejin\u00e1m slovenskej kinematografie. Slavom\u00edra Mac\u00e1kov\u00e1 v\u00a0texte o\u00a0\u017eivej hudbe v\u00a0ko\u0161ick\u00fdch kin\u00e1ch po\u010das prechodu k\u00a0zvukov\u00e9mu filmu nazna\u010duje mo\u017enosti v\u00fdskumu lok\u00e1lnych, mestsk\u00fdch filmov\u00fdch kult\u00far. Poetike zvuku vo filmoch zn\u00e1meho argent\u00ednskeho re\u017eis\u00e9ra Lisandra Alonsa sa venuj\u00fa braz\u00edlske autorky Natalia Barrenha a\u00a0Virginia Fl\u00f3res. Jadro \u010d\u00edsla tvor\u00ed diskusia o\u00a0filme V\u0161etko \u010do m\u00e1m r\u00e1d, z\u00a0pravidelnej programovej sekcie [&hellip;]<\/p>\n","protected":false},"featured_media":46347,"comment_status":"closed","ping_status":"closed","template":"","meta":{"_acf_changed":false,"inline_featured_image":false},"product_brand":[],"product_cat":[29,340,335],"product_tag":[],"class_list":{"0":"post-46144","1":"product","2":"type-product","3":"status-publish","4":"has-post-thumbnail","6":"product_cat-casopisy","7":"product_cat-kino-ikon","8":"product_cat-tituly-sfu-casopisy","10":"first","11":"instock","12":"shipping-taxable","13":"purchasable","14":"product-type-simple"},"acf":[],"_links":{"self":[{"href":"https:\/\/sfu.sk\/en\/wp-json\/wp\/v2\/product\/46144","targetHints":{"allow":["GET"]}}],"collection":[{"href":"https:\/\/sfu.sk\/en\/wp-json\/wp\/v2\/product"}],"about":[{"href":"https:\/\/sfu.sk\/en\/wp-json\/wp\/v2\/types\/product"}],"replies":[{"embeddable":true,"href":"https:\/\/sfu.sk\/en\/wp-json\/wp\/v2\/comments?post=46144"}],"wp:featuredmedia":[{"embeddable":true,"href":"https:\/\/sfu.sk\/en\/wp-json\/wp\/v2\/media\/46347"}],"wp:attachment":[{"href":"https:\/\/sfu.sk\/en\/wp-json\/wp\/v2\/media?parent=46144"}],"wp:term":[{"taxonomy":"product_brand","embeddable":true,"href":"https:\/\/sfu.sk\/en\/wp-json\/wp\/v2\/product_brand?post=46144"},{"taxonomy":"product_cat","embeddable":true,"href":"https:\/\/sfu.sk\/en\/wp-json\/wp\/v2\/product_cat?post=46144"},{"taxonomy":"product_tag","embeddable":true,"href":"https:\/\/sfu.sk\/en\/wp-json\/wp\/v2\/product_tag?post=46144"}],"curies":[{"name":"wp","href":"https:\/\/api.w.org\/{rel}","templated":true}]}}