{"id":46224,"date":"2025-02-20T14:42:20","date_gmt":"2025-02-20T13:42:20","guid":{"rendered":"https:\/\/sfu.sk\/?post_type=product&#038;p=46224"},"modified":"2025-07-30T15:02:20","modified_gmt":"2025-07-30T13:02:20","slug":"cinepur-157-2025","status":"publish","type":"product","link":"https:\/\/sfu.sk\/en\/eshop\/cinepur-157-2025\/","title":{"rendered":"Cinepur 157\/2025"},"content":{"rendered":"<p>V tomto \u010d\u00edsle Cinepur sa tie\u017e do\u010d\u00edtate: Nejlep\u0161\u00ed filmy roku 2024, Brady Corbet a Brutalista, Talent Martin Pavol Repka, Seri\u00e1l Asura, Kovbojov\u00e9 Monteho Hellmana, Antiwestern jako m\u00fdtu?, Indi\u00e1nske filmy z NDR, Fenom\u00e9n queer westernu.<\/p>\n","protected":false},"excerpt":{"rendered":"<p>V tomto \u010d\u00edsle Cinepur sa tie\u017e do\u010d\u00edtate: Nejlep\u0161\u00ed filmy roku 2024, Brady Corbet a Brutalista, Talent Martin Pavol Repka, Seri\u00e1l Asura, Kovbojov\u00e9 Monteho Hellmana, Antiwestern jako m\u00fdtu?, Indi\u00e1nske filmy z NDR, Fenom\u00e9n queer westernu.<\/p>\n","protected":false},"featured_media":46225,"comment_status":"closed","ping_status":"closed","template":"","meta":{"_acf_changed":false,"inline_featured_image":false},"product_brand":[],"product_cat":[29,333],"product_tag":[],"class_list":{"0":"post-46224","1":"product","2":"type-product","3":"status-publish","4":"has-post-thumbnail","6":"product_cat-casopisy","7":"product_cat-cinepur-tituly-inych-vydavatelstiev-casopisy","9":"first","10":"instock","11":"shipping-taxable","12":"purchasable","13":"product-type-simple"},"acf":[],"_links":{"self":[{"href":"https:\/\/sfu.sk\/en\/wp-json\/wp\/v2\/product\/46224","targetHints":{"allow":["GET"]}}],"collection":[{"href":"https:\/\/sfu.sk\/en\/wp-json\/wp\/v2\/product"}],"about":[{"href":"https:\/\/sfu.sk\/en\/wp-json\/wp\/v2\/types\/product"}],"replies":[{"embeddable":true,"href":"https:\/\/sfu.sk\/en\/wp-json\/wp\/v2\/comments?post=46224"}],"wp:featuredmedia":[{"embeddable":true,"href":"https:\/\/sfu.sk\/en\/wp-json\/wp\/v2\/media\/46225"}],"wp:attachment":[{"href":"https:\/\/sfu.sk\/en\/wp-json\/wp\/v2\/media?parent=46224"}],"wp:term":[{"taxonomy":"product_brand","embeddable":true,"href":"https:\/\/sfu.sk\/en\/wp-json\/wp\/v2\/product_brand?post=46224"},{"taxonomy":"product_cat","embeddable":true,"href":"https:\/\/sfu.sk\/en\/wp-json\/wp\/v2\/product_cat?post=46224"},{"taxonomy":"product_tag","embeddable":true,"href":"https:\/\/sfu.sk\/en\/wp-json\/wp\/v2\/product_tag?post=46224"}],"curies":[{"name":"wp","href":"https:\/\/api.w.org\/{rel}","templated":true}]}}