{"id":46607,"date":"2025-03-17T14:01:39","date_gmt":"2025-03-17T13:01:39","guid":{"rendered":"https:\/\/sfu.sk\/?post_type=product&#038;p=46607"},"modified":"2025-03-17T14:04:46","modified_gmt":"2025-03-17T13:04:46","slug":"co-je-noveho-v-mediich","status":"publish","type":"product","link":"https:\/\/sfu.sk\/en\/eshop\/co-je-noveho-v-mediich\/","title":{"rendered":"Co je nov\u00e9ho v m\u00e9di\u00edch"},"content":{"rendered":"<p>Orientace v informac\u00edch se st\u00e1v\u00e1 neust\u00e1le slo\u017eit\u011bj\u0161\u00ed, sv\u011bt m\u00e9di\u00ed je vlivem obrovsk\u00e9ho mno\u017estv\u00ed platforem v\u00edc a v\u00edc nep\u0159ehledn\u00fd. Medi\u00e1ln\u00ed krajina 21. stolet\u00ed, v dob\u011b online \u017eurnalistiky, informa\u010dn\u00edho p\u0159ehlcen\u00ed, dezinformac\u00ed, soci\u00e1ln\u00edch s\u00edt\u00ed a virtu\u00e1ln\u00ed reality. Jak se prom\u011bnila v posledn\u00ed dek\u00e1d\u011b, co znamen\u00e1 oligarchizace a co nez\u00e1vislost m\u00e9di\u00ed, \u010d\u00edm a jak se zm\u011bnily redak\u010dn\u00ed rutiny a kter\u00e9 hodnoty \u017eurnalistick\u00e9 pr\u00e1ce p\u0159etrv\u00e1vaj\u00ed? Analytick\u00e1 reflexe podoby medi\u00e1ln\u00edho trhu, model\u016f financov\u00e1n\u00ed, v\u00fdstup\u016f i instituc\u00ed.<\/p>\n","protected":false},"excerpt":{"rendered":"<p>Orientace v informac\u00edch se st\u00e1v\u00e1 neust\u00e1le slo\u017eit\u011bj\u0161\u00ed, sv\u011bt m\u00e9di\u00ed je vlivem obrovsk\u00e9ho mno\u017estv\u00ed platforem v\u00edc a v\u00edc nep\u0159ehledn\u00fd. Medi\u00e1ln\u00ed krajina 21. stolet\u00ed, v dob\u011b online \u017eurnalistiky, informa\u010dn\u00edho p\u0159ehlcen\u00ed, dezinformac\u00ed, soci\u00e1ln\u00edch s\u00edt\u00ed a virtu\u00e1ln\u00ed reality. Jak se prom\u011bnila v posledn\u00ed dek\u00e1d\u011b, co znamen\u00e1 oligarchizace a co nez\u00e1vislost m\u00e9di\u00ed, \u010d\u00edm a jak se zm\u011bnily redak\u010dn\u00ed rutiny a [&hellip;]<\/p>\n","protected":false},"featured_media":46609,"comment_status":"closed","ping_status":"closed","template":"","meta":{"_acf_changed":false,"inline_featured_image":false},"product_brand":[],"product_cat":[28,318],"product_tag":[],"class_list":{"0":"post-46607","1":"product","2":"type-product","3":"status-publish","4":"has-post-thumbnail","6":"product_cat-knihy","7":"product_cat-tituly-inych-vydavatelstiev","9":"first","10":"instock","11":"shipping-taxable","12":"purchasable","13":"product-type-simple"},"acf":[],"_links":{"self":[{"href":"https:\/\/sfu.sk\/en\/wp-json\/wp\/v2\/product\/46607","targetHints":{"allow":["GET"]}}],"collection":[{"href":"https:\/\/sfu.sk\/en\/wp-json\/wp\/v2\/product"}],"about":[{"href":"https:\/\/sfu.sk\/en\/wp-json\/wp\/v2\/types\/product"}],"replies":[{"embeddable":true,"href":"https:\/\/sfu.sk\/en\/wp-json\/wp\/v2\/comments?post=46607"}],"wp:featuredmedia":[{"embeddable":true,"href":"https:\/\/sfu.sk\/en\/wp-json\/wp\/v2\/media\/46609"}],"wp:attachment":[{"href":"https:\/\/sfu.sk\/en\/wp-json\/wp\/v2\/media?parent=46607"}],"wp:term":[{"taxonomy":"product_brand","embeddable":true,"href":"https:\/\/sfu.sk\/en\/wp-json\/wp\/v2\/product_brand?post=46607"},{"taxonomy":"product_cat","embeddable":true,"href":"https:\/\/sfu.sk\/en\/wp-json\/wp\/v2\/product_cat?post=46607"},{"taxonomy":"product_tag","embeddable":true,"href":"https:\/\/sfu.sk\/en\/wp-json\/wp\/v2\/product_tag?post=46607"}],"curies":[{"name":"wp","href":"https:\/\/api.w.org\/{rel}","templated":true}]}}