{"id":46611,"date":"2025-03-17T14:04:28","date_gmt":"2025-03-17T13:04:28","guid":{"rendered":"https:\/\/sfu.sk\/?post_type=product&#038;p=46611"},"modified":"2025-03-17T14:04:29","modified_gmt":"2025-03-17T13:04:29","slug":"co-je-noveho-v-sociologii","status":"publish","type":"product","link":"https:\/\/sfu.sk\/en\/eshop\/co-je-noveho-v-sociologii\/","title":{"rendered":"Co je nov\u00e9ho v sociologii"},"content":{"rendered":"<p>Na ot\u00e1zku \u201eco je nov\u00e9ho ve spole\u010dnosti\u201c odpov\u00eddaj\u00ed novin\u00e1\u0159i, zv\u011bdav\u00ed soused\u00e9, nebo sociologov\u00e9. Posledn\u00ed jmenovan\u00ed se b\u011bhem 20. stolet\u00ed sna\u017eili vysv\u011btlit t\u0159\u00eddy, elity \u010di probl\u00e9my m\u011bst. Co v\u0161ak tyto velk\u00e9 teorie \u0159\u00edkaj\u00ed o n\u00e1s? \u017dijeme v dob\u011b, ve kter\u00e9 se \u010dasto sklo\u0148uj\u00ed slova krize a rozpad spole\u010dnosti. Je z\u0159ejm\u00e9, \u017ee dnes n\u00e1m kl\u00ed\u010de k vlastn\u00ed identit\u011b poskytuj\u00ed drobn\u011bj\u0161\u00ed v\u011bci \u2013 nap\u0159\u00edklad takov\u00e1 molekula adrenalinu. Ten se stal biochemickou celebritou, poj\u00edtkem kmen\u016f t\u011bch, kte\u0159\u00ed vyhled\u00e1vaj\u00ed extr\u00e9mn\u00ed z\u00e1\u017eitky a jdou za hranu v\u0161ednosti. Jak dne\u0161n\u00ed sociologie zkoum\u00e1 podobn\u00e9 kulturn\u00ed fenom\u00e9ny? Co se m\u016f\u017eeme dozv\u011bd\u011bt o spole\u010dnosti d\u00edky studiu nudy nebo diska?<\/p>\n","protected":false},"excerpt":{"rendered":"<p>Na ot\u00e1zku \u201eco je nov\u00e9ho ve spole\u010dnosti\u201c odpov\u00eddaj\u00ed novin\u00e1\u0159i, zv\u011bdav\u00ed soused\u00e9, nebo sociologov\u00e9. Posledn\u00ed jmenovan\u00ed se b\u011bhem 20. stolet\u00ed sna\u017eili vysv\u011btlit t\u0159\u00eddy, elity \u010di probl\u00e9my m\u011bst. Co v\u0161ak tyto velk\u00e9 teorie \u0159\u00edkaj\u00ed o n\u00e1s? \u017dijeme v dob\u011b, ve kter\u00e9 se \u010dasto sklo\u0148uj\u00ed slova krize a rozpad spole\u010dnosti. Je z\u0159ejm\u00e9, \u017ee dnes n\u00e1m kl\u00ed\u010de k vlastn\u00ed [&hellip;]<\/p>\n","protected":false},"featured_media":46612,"comment_status":"closed","ping_status":"closed","template":"","meta":{"_acf_changed":false,"inline_featured_image":false},"product_brand":[],"product_cat":[28,318],"product_tag":[],"class_list":{"0":"post-46611","1":"product","2":"type-product","3":"status-publish","4":"has-post-thumbnail","6":"product_cat-knihy","7":"product_cat-tituly-inych-vydavatelstiev","9":"first","10":"instock","11":"shipping-taxable","12":"purchasable","13":"product-type-simple"},"acf":[],"_links":{"self":[{"href":"https:\/\/sfu.sk\/en\/wp-json\/wp\/v2\/product\/46611","targetHints":{"allow":["GET"]}}],"collection":[{"href":"https:\/\/sfu.sk\/en\/wp-json\/wp\/v2\/product"}],"about":[{"href":"https:\/\/sfu.sk\/en\/wp-json\/wp\/v2\/types\/product"}],"replies":[{"embeddable":true,"href":"https:\/\/sfu.sk\/en\/wp-json\/wp\/v2\/comments?post=46611"}],"wp:featuredmedia":[{"embeddable":true,"href":"https:\/\/sfu.sk\/en\/wp-json\/wp\/v2\/media\/46612"}],"wp:attachment":[{"href":"https:\/\/sfu.sk\/en\/wp-json\/wp\/v2\/media?parent=46611"}],"wp:term":[{"taxonomy":"product_brand","embeddable":true,"href":"https:\/\/sfu.sk\/en\/wp-json\/wp\/v2\/product_brand?post=46611"},{"taxonomy":"product_cat","embeddable":true,"href":"https:\/\/sfu.sk\/en\/wp-json\/wp\/v2\/product_cat?post=46611"},{"taxonomy":"product_tag","embeddable":true,"href":"https:\/\/sfu.sk\/en\/wp-json\/wp\/v2\/product_tag?post=46611"}],"curies":[{"name":"wp","href":"https:\/\/api.w.org\/{rel}","templated":true}]}}