{"id":46615,"date":"2025-03-17T14:13:14","date_gmt":"2025-03-17T13:13:14","guid":{"rendered":"https:\/\/sfu.sk\/?post_type=product&#038;p=46615"},"modified":"2025-05-06T11:56:50","modified_gmt":"2025-05-06T09:56:50","slug":"dvd-miki","status":"publish","type":"product","link":"https:\/\/sfu.sk\/en\/eshop\/dvd-miki\/","title":{"rendered":"DVD Miki"},"content":{"rendered":"<div id=\"beacon_aa5dde9af1\"><img decoding=\"async\" src=\"https:\/\/rs4.martinus.sk\/delivery\/lg.php?bannerid=0&amp;campaignid=0&amp;zoneid=78&amp;loc=http%3A%2F%2Frs4.martinus.sk%2Fdelivery%2Fjson.php%3Fwhat%255Blb_detail_below_cart%255D%3D82%26what%255Blb_product_recommendation%255D%3D91%26what%255Blb_wide_banner%255D%3D67%26what%255Blb_product_description%255D%3D78%26what%255Blb_megamenu%255D%3D76%26what%255Blb_general_push%255D%3D84%26what%255Blb_header_alert%255D%3D115%26block%3D1%26cart_sum%3D0%26charset%3Dutf8%26current_department%3DDVD%26department%3DDVD%26id%3D1%26iid%3D2755595%26in_stock%3D1%26target%3D_top%26vid%3D6423&amp;cb=aa5dde9af1\" alt=\"\" width=\"0\" height=\"0\" \/>MIKI je pr\u00edbeh mu\u017ea, ktor\u00fd sa vr\u00e1ti zo zahrani\u010dia nasp\u00e4\u0165 do svojej rodnej dediny, do krajiny, ktor\u00e1 sa r\u00fdchlo men\u00ed a v ktorej sa otv\u00e1raj\u00fa nov\u00e9 ve\u013ek\u00e9 mo\u017enosti &#8211; aj v oblasti organizovan\u00e9ho zlo\u010dinu. Miki, p\u00f4vodn\u00fdm povolan\u00edm \u0161of\u00e9r autobusu, v sebe postupne objav\u00ed a aktivuje schopnosti na to, aby vybudoval jednu z najv\u00e4\u010d\u0161\u00edch a najob\u00e1vanej\u0161\u00edch mafi\u00e1nskych skup\u00edn v krajine. Film je in\u0161pirovan\u00fd skuto\u010dn\u00fdmi udalos\u0165ami zo \u017eivota niekdaj\u0161ieho bossa slovensk\u00e9ho podsvetia Mikul\u00e1\u0161a \u010cern\u00e1ka<\/div>\n","protected":false},"excerpt":{"rendered":"<p>MIKI je pr\u00edbeh mu\u017ea, ktor\u00fd sa vr\u00e1ti zo zahrani\u010dia nasp\u00e4\u0165 do svojej rodnej dediny, do krajiny, ktor\u00e1 sa r\u00fdchlo men\u00ed a v ktorej sa otv\u00e1raj\u00fa nov\u00e9 ve\u013ek\u00e9 mo\u017enosti &#8211; aj v oblasti organizovan\u00e9ho zlo\u010dinu. Miki, p\u00f4vodn\u00fdm povolan\u00edm \u0161of\u00e9r autobusu, v sebe postupne objav\u00ed a aktivuje schopnosti na to, aby vybudoval jednu z najv\u00e4\u010d\u0161\u00edch a najob\u00e1vanej\u0161\u00edch [&hellip;]<\/p>\n","protected":false},"featured_media":46616,"comment_status":"closed","ping_status":"closed","template":"","meta":{"_acf_changed":false,"inline_featured_image":false},"product_brand":[],"product_cat":[30,319],"product_tag":[],"class_list":{"0":"post-46615","1":"product","2":"type-product","3":"status-publish","4":"has-post-thumbnail","6":"product_cat-dvd","7":"product_cat-tituly-inych-vydavatelstiev-dvd","9":"first","10":"instock","11":"shipping-taxable","12":"purchasable","13":"product-type-simple"},"acf":[],"_links":{"self":[{"href":"https:\/\/sfu.sk\/en\/wp-json\/wp\/v2\/product\/46615","targetHints":{"allow":["GET"]}}],"collection":[{"href":"https:\/\/sfu.sk\/en\/wp-json\/wp\/v2\/product"}],"about":[{"href":"https:\/\/sfu.sk\/en\/wp-json\/wp\/v2\/types\/product"}],"replies":[{"embeddable":true,"href":"https:\/\/sfu.sk\/en\/wp-json\/wp\/v2\/comments?post=46615"}],"wp:featuredmedia":[{"embeddable":true,"href":"https:\/\/sfu.sk\/en\/wp-json\/wp\/v2\/media\/46616"}],"wp:attachment":[{"href":"https:\/\/sfu.sk\/en\/wp-json\/wp\/v2\/media?parent=46615"}],"wp:term":[{"taxonomy":"product_brand","embeddable":true,"href":"https:\/\/sfu.sk\/en\/wp-json\/wp\/v2\/product_brand?post=46615"},{"taxonomy":"product_cat","embeddable":true,"href":"https:\/\/sfu.sk\/en\/wp-json\/wp\/v2\/product_cat?post=46615"},{"taxonomy":"product_tag","embeddable":true,"href":"https:\/\/sfu.sk\/en\/wp-json\/wp\/v2\/product_tag?post=46615"}],"curies":[{"name":"wp","href":"https:\/\/api.w.org\/{rel}","templated":true}]}}