{"id":47096,"date":"2025-04-08T15:40:46","date_gmt":"2025-04-08T13:40:46","guid":{"rendered":"https:\/\/sfu.sk\/?post_type=product&#038;p=47096"},"modified":"2025-04-08T15:42:09","modified_gmt":"2025-04-08T13:42:09","slug":"dvd-zlata-lyra","status":"publish","type":"product","link":"https:\/\/sfu.sk\/en\/eshop\/dvd-zlata-lyra\/","title":{"rendered":"DVD Zlat\u00e1 l\u00fdra"},"content":{"rendered":"<p>Medzin\u00e1rodn\u00fd festival popul\u00e1rnej hudby Bratislavsk\u00e1 l\u00fdra bol v \u010dasoch &#8220;\u017eeleznej opony&#8221; jedn\u00fdm z najprest\u00ed\u017enej\u0161\u00edch eur\u00f3pskych p\u00f3di\u00ed autorskej piesne. Od svojho vzniku v roku 1966 a\u017e po Ne\u017en\u00fa revol\u00faciu dok\u00e1zal vzkriesi\u0165 takmer nejestvuj\u00facu sc\u00e9nu popul\u00e1rnej hudby, sp\u00e1jal oba n\u00e1rody a \u013eu\u010fom v \u010ceskoslovensku prin\u00e1\u0161al n\u00e1dej na lep\u0161\u00ed \u017eivot.<\/p>\n<div class=\"tabs-content\">\n<div id=\"o-titule\">\n<div class=\"user-content\">Dokument\u00e1rny cyklus Zlat\u00e1 l\u00fdra pon\u00faka popri v\u00fdpovediach takmer 200 osobnost\u00ed \u010desko-slovenskej a zahrani\u010dnej hudobnej sc\u00e9ny aj unik\u00e1tne arch\u00edvne materi\u00e1ly zachyt\u00e1vaj\u00face atmosf\u00e9ru festivalu a spolo\u010densk\u00e9ho diania vo vtedaj\u0161om socialistickom \u010ceskoslovensku. Ka\u017ed\u00fd z dielov vykres\u013euje mozaiku \u013eudsk\u00fdch osudov a nezabudnute\u013en\u00fdch piesn\u00ed nielen na p\u00f3diu, ale aj v z\u00e1kulis\u00ed. 1. diel cyklu je pr\u00edbehom o zrode festivalu, ktor\u00fd zaplnil pr\u00e1zdny priestor pre popul\u00e1rnu hudbu vo vtedaj\u0161om \u010ceskoslovensku, pr\u00edbehom o n\u00e1stupe novej gener\u00e1cie dom\u00e1cich autorov a interpretov, o entuziazme a n\u00e1deji na zmenu re\u017eimu, ktor\u00e1 zavl\u00e1dla medzi \u013eu\u010fmi v 60. rokoch. Uvo\u013enenie a sloboda umeleck\u00e9ho prejavu v\u0161ak po auguste 1968 dost\u00e1vali \u010derven\u00fa. Nast\u00fapila \u00e9ra cenz\u00fary &#8211; od textov piesn\u00ed a\u017e po oble\u010denie a \u00fa\u010desy vystupuj\u00facich spev\u00e1kov. Piesne, v ktor\u00fdch n\u00e1rod videl protest, sa dostali na \u010diernu listinu a znamenali z\u00e1kaz vystupovania na dlh\u00e9 roky.<\/div>\n<\/div>\n<\/div>\n<p>1 diel: Roky n\u00e1deje (1966-1967)<br \/>\n2 diel: Zlomov\u00e9 roky (1968\u20131969)<\/p>\n<p>&nbsp;<\/p>\n","protected":false},"excerpt":{"rendered":"<p>Medzin\u00e1rodn\u00fd festival popul\u00e1rnej hudby Bratislavsk\u00e1 l\u00fdra bol v \u010dasoch &#8220;\u017eeleznej opony&#8221; jedn\u00fdm z najprest\u00ed\u017enej\u0161\u00edch eur\u00f3pskych p\u00f3di\u00ed autorskej piesne. Od svojho vzniku v roku 1966 a\u017e po Ne\u017en\u00fa revol\u00faciu dok\u00e1zal vzkriesi\u0165 takmer nejestvuj\u00facu sc\u00e9nu popul\u00e1rnej hudby, sp\u00e1jal oba n\u00e1rody a \u013eu\u010fom v \u010ceskoslovensku prin\u00e1\u0161al n\u00e1dej na lep\u0161\u00ed \u017eivot. Dokument\u00e1rny cyklus Zlat\u00e1 l\u00fdra pon\u00faka popri v\u00fdpovediach takmer [&hellip;]<\/p>\n","protected":false},"featured_media":47098,"comment_status":"closed","ping_status":"closed","template":"","meta":{"_acf_changed":false,"inline_featured_image":false},"product_brand":[],"product_cat":[30,319],"product_tag":[],"class_list":{"0":"post-47096","1":"product","2":"type-product","3":"status-publish","4":"has-post-thumbnail","6":"product_cat-dvd","7":"product_cat-tituly-inych-vydavatelstiev-dvd","9":"first","10":"instock","11":"shipping-taxable","12":"purchasable","13":"product-type-simple"},"acf":[],"_links":{"self":[{"href":"https:\/\/sfu.sk\/en\/wp-json\/wp\/v2\/product\/47096","targetHints":{"allow":["GET"]}}],"collection":[{"href":"https:\/\/sfu.sk\/en\/wp-json\/wp\/v2\/product"}],"about":[{"href":"https:\/\/sfu.sk\/en\/wp-json\/wp\/v2\/types\/product"}],"replies":[{"embeddable":true,"href":"https:\/\/sfu.sk\/en\/wp-json\/wp\/v2\/comments?post=47096"}],"wp:featuredmedia":[{"embeddable":true,"href":"https:\/\/sfu.sk\/en\/wp-json\/wp\/v2\/media\/47098"}],"wp:attachment":[{"href":"https:\/\/sfu.sk\/en\/wp-json\/wp\/v2\/media?parent=47096"}],"wp:term":[{"taxonomy":"product_brand","embeddable":true,"href":"https:\/\/sfu.sk\/en\/wp-json\/wp\/v2\/product_brand?post=47096"},{"taxonomy":"product_cat","embeddable":true,"href":"https:\/\/sfu.sk\/en\/wp-json\/wp\/v2\/product_cat?post=47096"},{"taxonomy":"product_tag","embeddable":true,"href":"https:\/\/sfu.sk\/en\/wp-json\/wp\/v2\/product_tag?post=47096"}],"curies":[{"name":"wp","href":"https:\/\/api.w.org\/{rel}","templated":true}]}}