{"id":47379,"date":"2025-04-15T16:02:47","date_gmt":"2025-04-15T14:02:47","guid":{"rendered":"https:\/\/sfu.sk\/?post_type=product&#038;p=47379"},"modified":"2025-07-30T15:02:10","modified_gmt":"2025-07-30T13:02:10","slug":"cinepur-158-2025","status":"publish","type":"product","link":"https:\/\/sfu.sk\/en\/eshop\/cinepur-158-2025\/","title":{"rendered":"Cinepur 158\/2025"},"content":{"rendered":"<p>Hlavn\u00ed t\u00e9ma: Erotika editorial Editorial 158 Jind\u0159i\u0161ka Bl\u00e1hov\u00e1 \/ report Transformace \u017eensk\u00e9 identity \/ Berlinale 2025 Kamila Dolotina \/ A\u017e p\u0159\u00edli\u0161 \u00fazk\u00e9 perspektivy? \/ Berlinale pod nov\u00fdm um\u011bleck\u00fdm veden\u00edm Vojt\u011bch Ko\u010d\u00e1rn\u00edk \/ zoom Dinosau\u0159i a posthumanismus \/ Kontinental \u00b425 Kamila Dolotina \/ flashback Posedlost pohybem \/ J\u00e1, ty, ony\u2026 Luk\u00e1\u0161 Skupa \/ portr\u00e9t Neproniknuteln\u00fd a nesmi\u0159iteln\u00fd \/ Kari\u00e9ra Gena Hackmana Anton\u00edn Tesa\u0159 \/ kamera-pero \u010ceho se film zmoc\u0148ovat nem\u00e1 \/ Petr H\u00e1tle Petr H\u00e1tle \/ seri\u00e1l Bezelstn\u00e1 dokonalost \/ Cobra Kai Martin Svoboda \/ videohra Velk\u00e9 d\u011bjiny o\u010dima kov\u00e1\u0159e \/ Kingdom Come Deliverance II Martin Ple\u0161til \/ mimo kino \u201eUm\u011bn\u00ed nezastav\u00edte, mamrdi!\u201c\/ Grand Theft Hamlet Petra Chaloupkov\u00e1 \/ soundtrack V\u0161e\u017erav\u00fd muzik\u00e1l a sonick\u00e1 krajina \/ Hudebn\u00ed kategorie leto\u0161n\u00edch Oscar\u016f \u0160t\u011bp\u00e1n \u0160anda \/ \u010desk\u00fd talent K\u0159ehkost d\u00edv\u010d\u00edch sv\u011bt\u016f na pozad\u00ed hororu \/ Viktorie Novotn\u00e1 Martin Ple\u0161til \/ kritika Trocha komedie Pong D\u017eun-hoa zabije \/ Mickey 17 Dan Kr\u00e1tk\u00fd Kdo si m\u016f\u017ee dovolit konat dobro?<\/p>\n","protected":false},"excerpt":{"rendered":"<p>Hlavn\u00ed t\u00e9ma: Erotika editorial Editorial 158 Jind\u0159i\u0161ka Bl\u00e1hov\u00e1 \/ report Transformace \u017eensk\u00e9 identity \/ Berlinale 2025 Kamila Dolotina \/ A\u017e p\u0159\u00edli\u0161 \u00fazk\u00e9 perspektivy? \/ Berlinale pod nov\u00fdm um\u011bleck\u00fdm veden\u00edm Vojt\u011bch Ko\u010d\u00e1rn\u00edk \/ zoom Dinosau\u0159i a posthumanismus \/ Kontinental \u00b425 Kamila Dolotina \/ flashback Posedlost pohybem \/ J\u00e1, ty, ony\u2026 Luk\u00e1\u0161 Skupa \/ portr\u00e9t Neproniknuteln\u00fd a [&hellip;]<\/p>\n","protected":false},"featured_media":47381,"comment_status":"closed","ping_status":"closed","template":"","meta":{"_acf_changed":false,"inline_featured_image":false},"product_brand":[],"product_cat":[29,333],"product_tag":[],"class_list":{"0":"post-47379","1":"product","2":"type-product","3":"status-publish","4":"has-post-thumbnail","6":"product_cat-casopisy","7":"product_cat-cinepur-tituly-inych-vydavatelstiev-casopisy","9":"first","10":"instock","11":"shipping-taxable","12":"purchasable","13":"product-type-simple"},"acf":[],"_links":{"self":[{"href":"https:\/\/sfu.sk\/en\/wp-json\/wp\/v2\/product\/47379","targetHints":{"allow":["GET"]}}],"collection":[{"href":"https:\/\/sfu.sk\/en\/wp-json\/wp\/v2\/product"}],"about":[{"href":"https:\/\/sfu.sk\/en\/wp-json\/wp\/v2\/types\/product"}],"replies":[{"embeddable":true,"href":"https:\/\/sfu.sk\/en\/wp-json\/wp\/v2\/comments?post=47379"}],"wp:featuredmedia":[{"embeddable":true,"href":"https:\/\/sfu.sk\/en\/wp-json\/wp\/v2\/media\/47381"}],"wp:attachment":[{"href":"https:\/\/sfu.sk\/en\/wp-json\/wp\/v2\/media?parent=47379"}],"wp:term":[{"taxonomy":"product_brand","embeddable":true,"href":"https:\/\/sfu.sk\/en\/wp-json\/wp\/v2\/product_brand?post=47379"},{"taxonomy":"product_cat","embeddable":true,"href":"https:\/\/sfu.sk\/en\/wp-json\/wp\/v2\/product_cat?post=47379"},{"taxonomy":"product_tag","embeddable":true,"href":"https:\/\/sfu.sk\/en\/wp-json\/wp\/v2\/product_tag?post=47379"}],"curies":[{"name":"wp","href":"https:\/\/api.w.org\/{rel}","templated":true}]}}