{"id":47636,"date":"2025-05-15T11:49:48","date_gmt":"2025-05-15T09:49:48","guid":{"rendered":"https:\/\/sfu.sk\/?post_type=product&#038;p=47636"},"modified":"2025-05-15T11:49:54","modified_gmt":"2025-05-15T09:49:54","slug":"dvaja-na-ceste","status":"publish","type":"product","link":"https:\/\/sfu.sk\/en\/eshop\/dvaja-na-ceste\/","title":{"rendered":"Dvaja na ceste"},"content":{"rendered":"<p>Kniha &#8220;Dvaja na ceste&#8221; od Mari\u00e1na Pauera je siln\u00fdm pr\u00edbehom o ceste, ktor\u00e1 symbolizuje nielen fyzick\u00e9 putovanie, ale aj cestu \u017eivotom, pln\u00fa osobn\u00fdch sk\u00fa\u0161ok, rozhodnut\u00ed a h\u013eadania zmyslu. Pr\u00edbeh sleduje dvoch hlavn\u00fdch protagonistov, ktor\u00ed sa vyd\u00e1vaj\u00fa na spolo\u010dn\u00fa cestu, ktor\u00e1 sa st\u00e1va metaforou ich vlastn\u00e9ho rastu, vz\u0165ahov a konfront\u00e1cie s minul\u00fdmi rozhodnutiami.<\/p>\n<p>Pauer vo svojej knihe zru\u010dne preplieta momenty introspekcie s dynamick\u00fdm dejom, \u010d\u00edm vytv\u00e1ra pr\u00edbeh, ktor\u00fd nielen rozpr\u00e1va, ale aj vyz\u00fdva \u010ditate\u013ea na zamyslenie sa nad vlastn\u00fdmi \u017eivotn\u00fdmi vo\u013ebami. Kniha sa venuje t\u00e9mam priate\u013estva, l\u00e1sky, osamelosti a h\u013eadania osobnej identity v modernom svete.<br \/>\nS\u00fa\u010das\u0165ou pr\u00edbehu je aj intenz\u00edvna atmosf\u00e9ra, ktor\u00e1 v\u00e1s vtiahne do dejiska a umo\u017en\u00ed v\u00e1m pre\u017ei\u0165 ka\u017ed\u00fd krok post\u00e1v, od chv\u00ed\u013e odpo\u010dinku a\u017e po n\u00e1ro\u010dn\u00e9 rozhodnutia, ktor\u00e9 ich ovplyvnia. &#8220;Dvaja na ceste&#8221; je knihou o zdie\u013ean\u00ed sk\u00fasenost\u00ed, o ceste, ktor\u00fa nikdy nekr\u00e1\u010dame \u00faplne sami, a o sile, ktor\u00fa m\u00f4\u017eeme \u010derpa\u0165 z druh\u00fdch, aj ke\u010f sa zd\u00e1, \u017ee sme na vlastnej ceste k zmyslu \u017eivota.<\/p>\n","protected":false},"excerpt":{"rendered":"<p>Kniha &#8220;Dvaja na ceste&#8221; od Mari\u00e1na Pauera je siln\u00fdm pr\u00edbehom o ceste, ktor\u00e1 symbolizuje nielen fyzick\u00e9 putovanie, ale aj cestu \u017eivotom, pln\u00fa osobn\u00fdch sk\u00fa\u0161ok, rozhodnut\u00ed a h\u013eadania zmyslu. Pr\u00edbeh sleduje dvoch hlavn\u00fdch protagonistov, ktor\u00ed sa vyd\u00e1vaj\u00fa na spolo\u010dn\u00fa cestu, ktor\u00e1 sa st\u00e1va metaforou ich vlastn\u00e9ho rastu, vz\u0165ahov a konfront\u00e1cie s minul\u00fdmi rozhodnutiami. Pauer vo svojej [&hellip;]<\/p>\n","protected":false},"featured_media":47637,"comment_status":"closed","ping_status":"closed","template":"","meta":{"_acf_changed":false,"inline_featured_image":false},"product_brand":[],"product_cat":[28,318],"product_tag":[],"class_list":{"0":"post-47636","1":"product","2":"type-product","3":"status-publish","4":"has-post-thumbnail","6":"product_cat-knihy","7":"product_cat-tituly-inych-vydavatelstiev","9":"first","10":"instock","11":"shipping-taxable","12":"purchasable","13":"product-type-simple"},"acf":[],"_links":{"self":[{"href":"https:\/\/sfu.sk\/en\/wp-json\/wp\/v2\/product\/47636","targetHints":{"allow":["GET"]}}],"collection":[{"href":"https:\/\/sfu.sk\/en\/wp-json\/wp\/v2\/product"}],"about":[{"href":"https:\/\/sfu.sk\/en\/wp-json\/wp\/v2\/types\/product"}],"replies":[{"embeddable":true,"href":"https:\/\/sfu.sk\/en\/wp-json\/wp\/v2\/comments?post=47636"}],"wp:featuredmedia":[{"embeddable":true,"href":"https:\/\/sfu.sk\/en\/wp-json\/wp\/v2\/media\/47637"}],"wp:attachment":[{"href":"https:\/\/sfu.sk\/en\/wp-json\/wp\/v2\/media?parent=47636"}],"wp:term":[{"taxonomy":"product_brand","embeddable":true,"href":"https:\/\/sfu.sk\/en\/wp-json\/wp\/v2\/product_brand?post=47636"},{"taxonomy":"product_cat","embeddable":true,"href":"https:\/\/sfu.sk\/en\/wp-json\/wp\/v2\/product_cat?post=47636"},{"taxonomy":"product_tag","embeddable":true,"href":"https:\/\/sfu.sk\/en\/wp-json\/wp\/v2\/product_tag?post=47636"}],"curies":[{"name":"wp","href":"https:\/\/api.w.org\/{rel}","templated":true}]}}