{"id":47687,"date":"2025-05-20T11:45:29","date_gmt":"2025-05-20T09:45:29","guid":{"rendered":"https:\/\/sfu.sk\/?post_type=product&#038;p=47687"},"modified":"2025-08-06T11:03:51","modified_gmt":"2025-08-06T09:03:51","slug":"film-a-doba-3-2024","status":"publish","type":"product","link":"https:\/\/sfu.sk\/en\/eshop\/film-a-doba-3-2024\/","title":{"rendered":"Film a doba 3\/2024"},"content":{"rendered":"<p>T\u0159et\u00ed \u010d\u00edslo nab\u00edz\u00ed dva pohledy Jarom\u00edra Bla\u017eejovsk\u00e9ho na ob\u011b sout\u011b\u017ee MFF Karlovy Vary. Dal\u0161\u00ed texty se nap\u0159. v\u011bnuj\u00ed film\u016fm Kl\u00e1ry Tasovsk\u00e9 nebo Seana Bakera (mj. \u010derstv\u00e9ho dr\u017eitele Zlat\u00e9 palmy z festivalu v Cannes za sv\u016fj film Anora). P\u0159ekladov\u00e9 texty se zam\u011b\u0159uj\u00ed osobnost francouzsk\u00e9ho re\u017eis\u00e9ra Jacquese Tourneura. Rozhovor jsme vedli s \u00edr\u00e1nsk\u00fdm re\u017eis\u00e9rem Mohammadem Al\u00edm T\u00e1leb\u00edm, kter\u00fd aktu\u00e1ln\u011b \u017eije v Bratislav\u011b. Kritiky se v\u011bnuj\u00ed vybran\u00fdm filmov\u00fdch d\u00edl\u016fm (Past, Mord, A\u017e na v\u011bky, Je\u0161t\u011b nejsem, k\u00fdm chci b\u00fdt a dal\u0161\u00edm), zat\u00edmco v kni\u017en\u00ed sekci lze \u010d\u00edst o knih\u00e1ch \u010cesk\u00e1 loutka mezi divadlem, filmem a televiz\u00ed nebo o slovensk\u00e9m filmu v obdob\u00ed druh\u00e9 sv\u011btov\u00e9 v\u00e1lky. V z\u00e1v\u011bru \u010d\u00edsla publikujeme text Kry\u0161tofa Ko\u010dt\u00e1\u0159e \u201eKl\u00ed\u010d na prahu prachu\u201c: N\u00e1\u0161 o\u010distec a \u010d\u00ed fotografie?<\/p>\n","protected":false},"excerpt":{"rendered":"<p>T\u0159et\u00ed \u010d\u00edslo nab\u00edz\u00ed dva pohledy Jarom\u00edra Bla\u017eejovsk\u00e9ho na ob\u011b sout\u011b\u017ee MFF Karlovy Vary. Dal\u0161\u00ed texty se nap\u0159. v\u011bnuj\u00ed film\u016fm Kl\u00e1ry Tasovsk\u00e9 nebo Seana Bakera (mj. \u010derstv\u00e9ho dr\u017eitele Zlat\u00e9 palmy z festivalu v Cannes za sv\u016fj film Anora). P\u0159ekladov\u00e9 texty se zam\u011b\u0159uj\u00ed osobnost francouzsk\u00e9ho re\u017eis\u00e9ra Jacquese Tourneura. Rozhovor jsme vedli s \u00edr\u00e1nsk\u00fdm re\u017eis\u00e9rem Mohammadem Al\u00edm T\u00e1leb\u00edm, [&hellip;]<\/p>\n","protected":false},"featured_media":47689,"comment_status":"closed","ping_status":"closed","template":"","meta":{"_acf_changed":false,"inline_featured_image":false},"product_brand":[],"product_cat":[29,334,327],"product_tag":[],"class_list":{"0":"post-47687","1":"product","2":"type-product","3":"status-publish","4":"has-post-thumbnail","6":"product_cat-casopisy","7":"product_cat-film-a-doba-tituly-inych-vydavatelstiev-casopisy","8":"product_cat-tituly-inych-vydavatelstiev-casopisy","10":"first","11":"instock","12":"shipping-taxable","13":"purchasable","14":"product-type-simple"},"acf":[],"_links":{"self":[{"href":"https:\/\/sfu.sk\/en\/wp-json\/wp\/v2\/product\/47687","targetHints":{"allow":["GET"]}}],"collection":[{"href":"https:\/\/sfu.sk\/en\/wp-json\/wp\/v2\/product"}],"about":[{"href":"https:\/\/sfu.sk\/en\/wp-json\/wp\/v2\/types\/product"}],"replies":[{"embeddable":true,"href":"https:\/\/sfu.sk\/en\/wp-json\/wp\/v2\/comments?post=47687"}],"wp:featuredmedia":[{"embeddable":true,"href":"https:\/\/sfu.sk\/en\/wp-json\/wp\/v2\/media\/47689"}],"wp:attachment":[{"href":"https:\/\/sfu.sk\/en\/wp-json\/wp\/v2\/media?parent=47687"}],"wp:term":[{"taxonomy":"product_brand","embeddable":true,"href":"https:\/\/sfu.sk\/en\/wp-json\/wp\/v2\/product_brand?post=47687"},{"taxonomy":"product_cat","embeddable":true,"href":"https:\/\/sfu.sk\/en\/wp-json\/wp\/v2\/product_cat?post=47687"},{"taxonomy":"product_tag","embeddable":true,"href":"https:\/\/sfu.sk\/en\/wp-json\/wp\/v2\/product_tag?post=47687"}],"curies":[{"name":"wp","href":"https:\/\/api.w.org\/{rel}","templated":true}]}}