{"id":47691,"date":"2025-05-20T11:47:19","date_gmt":"2025-05-20T09:47:19","guid":{"rendered":"https:\/\/sfu.sk\/?post_type=product&#038;p=47691"},"modified":"2025-08-06T11:03:39","modified_gmt":"2025-08-06T09:03:39","slug":"film-a-doba-4-2024","status":"publish","type":"product","link":"https:\/\/sfu.sk\/en\/eshop\/film-a-doba-4-2024\/","title":{"rendered":"Film a doba 4\/2024"},"content":{"rendered":"<p class=\"has-text-color has-normal-font-size\">Posledn\u00ed \u010d\u00edslo roku 2024 je zam\u011b\u0159eno na v\u00fdrazn\u00e9 osobnosti sv\u011btov\u00e9 kinematografie: Mohammad Rasoulof, Lisandro Alonso, Jean Eustache nebo Alain Guiraudie; vybran\u00e9 p\u0159ekladov\u00e9 texty sleduj\u00ed podobnou trajektorii. Rozhovory jsme vedli s re\u017eis\u00e9rkou, v\u00fdtvarnic\u00ed a anim\u00e1torkou Kristinou Dufkovou (\u017divot k se\u017er\u00e1n\u00ed, 2024) a s dvojic\u00ed re\u017eis\u00e9r\u016f Petrem Kazdou a Tom\u00e1\u0161em Weinrebem (J\u00e1, Olga Hepnarov\u00e1, 2016 nebo nejnov\u011bji Nikdo m\u011b nem\u00e1 r\u00e1d, 2024). Kritiky se v\u011bnuj\u00ed vybran\u00fdm filmov\u00fdch d\u00edl\u016fm (Sem\u00ednko posv\u00e1tn\u00e9ho f\u00edkovn\u00edku, Rok vdovy, Anora, Nikdo m\u011b nem\u00e1 r\u00e1d a dal\u0161\u00edm), zat\u00edmco v kni\u017en\u00ed sekci lze \u010d\u00edst o Snech a apokalypse Francise F. Coppoly. V z\u00e1v\u011bru \u010d\u00edsla publikujeme uk\u00e1zku ze sc\u00e9n\u00e1\u0159e nov\u00e9ho projektu Petra Kazdy a Tom\u00e1\u0161e Weinreba \u201cLes\u201d.<\/p>\n","protected":false},"excerpt":{"rendered":"<p>Posledn\u00ed \u010d\u00edslo roku 2024 je zam\u011b\u0159eno na v\u00fdrazn\u00e9 osobnosti sv\u011btov\u00e9 kinematografie: Mohammad Rasoulof, Lisandro Alonso, Jean Eustache nebo Alain Guiraudie; vybran\u00e9 p\u0159ekladov\u00e9 texty sleduj\u00ed podobnou trajektorii. Rozhovory jsme vedli s re\u017eis\u00e9rkou, v\u00fdtvarnic\u00ed a anim\u00e1torkou Kristinou Dufkovou (\u017divot k se\u017er\u00e1n\u00ed, 2024) a s dvojic\u00ed re\u017eis\u00e9r\u016f Petrem Kazdou a Tom\u00e1\u0161em Weinrebem (J\u00e1, Olga Hepnarov\u00e1, 2016 nebo nejnov\u011bji [&hellip;]<\/p>\n","protected":false},"featured_media":47692,"comment_status":"closed","ping_status":"closed","template":"","meta":{"_acf_changed":false,"inline_featured_image":false},"product_brand":[],"product_cat":[29,334,327],"product_tag":[],"class_list":{"0":"post-47691","1":"product","2":"type-product","3":"status-publish","4":"has-post-thumbnail","6":"product_cat-casopisy","7":"product_cat-film-a-doba-tituly-inych-vydavatelstiev-casopisy","8":"product_cat-tituly-inych-vydavatelstiev-casopisy","10":"first","11":"instock","12":"shipping-taxable","13":"purchasable","14":"product-type-simple"},"acf":[],"_links":{"self":[{"href":"https:\/\/sfu.sk\/en\/wp-json\/wp\/v2\/product\/47691","targetHints":{"allow":["GET"]}}],"collection":[{"href":"https:\/\/sfu.sk\/en\/wp-json\/wp\/v2\/product"}],"about":[{"href":"https:\/\/sfu.sk\/en\/wp-json\/wp\/v2\/types\/product"}],"replies":[{"embeddable":true,"href":"https:\/\/sfu.sk\/en\/wp-json\/wp\/v2\/comments?post=47691"}],"wp:featuredmedia":[{"embeddable":true,"href":"https:\/\/sfu.sk\/en\/wp-json\/wp\/v2\/media\/47692"}],"wp:attachment":[{"href":"https:\/\/sfu.sk\/en\/wp-json\/wp\/v2\/media?parent=47691"}],"wp:term":[{"taxonomy":"product_brand","embeddable":true,"href":"https:\/\/sfu.sk\/en\/wp-json\/wp\/v2\/product_brand?post=47691"},{"taxonomy":"product_cat","embeddable":true,"href":"https:\/\/sfu.sk\/en\/wp-json\/wp\/v2\/product_cat?post=47691"},{"taxonomy":"product_tag","embeddable":true,"href":"https:\/\/sfu.sk\/en\/wp-json\/wp\/v2\/product_tag?post=47691"}],"curies":[{"name":"wp","href":"https:\/\/api.w.org\/{rel}","templated":true}]}}