{"id":47695,"date":"2025-05-20T11:49:11","date_gmt":"2025-05-20T09:49:11","guid":{"rendered":"https:\/\/sfu.sk\/?post_type=product&#038;p=47695"},"modified":"2025-08-06T11:03:29","modified_gmt":"2025-08-06T09:03:29","slug":"film-a-doba-1-2025","status":"publish","type":"product","link":"https:\/\/sfu.sk\/en\/eshop\/film-a-doba-1-2025\/","title":{"rendered":"Film a doba 1\/2025"},"content":{"rendered":"<p class=\"has-text-color has-normal-font-size\">Prvn\u00ed \u010d\u00edslo Filmu a doby roku 2025 p\u0159in\u00e1\u0161\u00ed ji\u017e tradi\u010dn\u011b pohled dvou autor\u016f a jedn\u00e9 autorky na \u010desk\u00fd film (hran\u00fd, dokument\u00e1rn\u00ed a animovan\u00fd) uplynul\u00e9ho roku. Dal\u0161\u00ed texty p\u0159in\u00e1\u0161ej\u00ed nap\u0159\u00edklad analytick\u00fd pohled na filmy Roberta Eggerse nebo na adaptace Tolkienova P\u00e1na prsten\u016f. P\u0159ekladov\u00e9 texty se zam\u011b\u0159uj\u00ed na kanadskou re\u017eis\u00e9rku Barbaru Sternberg. Rozhovor jsme tentokr\u00e1t vedli s litevskou re\u017eis\u00e9rkou Saule Bliuvaite a s um\u011blkyn\u00ed Magdalenou Ka\u0161parovou. Kritiky se v\u011bnuj\u00ed vybran\u00fdm filmov\u00fdch d\u00edl\u016fm (Nosferatu, Brutalista, Pt\u00e1\u010de a dal\u0161\u00edm), zat\u00edmco v kni\u017en\u00ed sekci lze \u010d\u00edst o historii animace ve zl\u00ednsk\u00fdch ateli\u00e9rech (Lid\u00e9 \u2013 pr\u00e1ce \u2013 animace) a o monografii Michela Chiona \u201cAudio-vize. Zvuk a obraz ve filmu\u201d. V z\u00e1v\u011bru \u010d\u00edsla p\u0159edstavujeme koncept nov\u00e9ho sn\u00edmku Filipa Diviaka \u201cOtis\u201d.<\/p>\n","protected":false},"excerpt":{"rendered":"<p>Prvn\u00ed \u010d\u00edslo Filmu a doby roku 2025 p\u0159in\u00e1\u0161\u00ed ji\u017e tradi\u010dn\u011b pohled dvou autor\u016f a jedn\u00e9 autorky na \u010desk\u00fd film (hran\u00fd, dokument\u00e1rn\u00ed a animovan\u00fd) uplynul\u00e9ho roku. Dal\u0161\u00ed texty p\u0159in\u00e1\u0161ej\u00ed nap\u0159\u00edklad analytick\u00fd pohled na filmy Roberta Eggerse nebo na adaptace Tolkienova P\u00e1na prsten\u016f. P\u0159ekladov\u00e9 texty se zam\u011b\u0159uj\u00ed na kanadskou re\u017eis\u00e9rku Barbaru Sternberg. Rozhovor jsme tentokr\u00e1t vedli s [&hellip;]<\/p>\n","protected":false},"featured_media":47696,"comment_status":"closed","ping_status":"closed","template":"","meta":{"_acf_changed":false,"inline_featured_image":false},"product_brand":[],"product_cat":[29,334,327],"product_tag":[],"class_list":{"0":"post-47695","1":"product","2":"type-product","3":"status-publish","4":"has-post-thumbnail","6":"product_cat-casopisy","7":"product_cat-film-a-doba-tituly-inych-vydavatelstiev-casopisy","8":"product_cat-tituly-inych-vydavatelstiev-casopisy","10":"first","11":"instock","12":"shipping-taxable","13":"purchasable","14":"product-type-simple"},"acf":[],"_links":{"self":[{"href":"https:\/\/sfu.sk\/en\/wp-json\/wp\/v2\/product\/47695","targetHints":{"allow":["GET"]}}],"collection":[{"href":"https:\/\/sfu.sk\/en\/wp-json\/wp\/v2\/product"}],"about":[{"href":"https:\/\/sfu.sk\/en\/wp-json\/wp\/v2\/types\/product"}],"replies":[{"embeddable":true,"href":"https:\/\/sfu.sk\/en\/wp-json\/wp\/v2\/comments?post=47695"}],"wp:featuredmedia":[{"embeddable":true,"href":"https:\/\/sfu.sk\/en\/wp-json\/wp\/v2\/media\/47696"}],"wp:attachment":[{"href":"https:\/\/sfu.sk\/en\/wp-json\/wp\/v2\/media?parent=47695"}],"wp:term":[{"taxonomy":"product_brand","embeddable":true,"href":"https:\/\/sfu.sk\/en\/wp-json\/wp\/v2\/product_brand?post=47695"},{"taxonomy":"product_cat","embeddable":true,"href":"https:\/\/sfu.sk\/en\/wp-json\/wp\/v2\/product_cat?post=47695"},{"taxonomy":"product_tag","embeddable":true,"href":"https:\/\/sfu.sk\/en\/wp-json\/wp\/v2\/product_tag?post=47695"}],"curies":[{"name":"wp","href":"https:\/\/api.w.org\/{rel}","templated":true}]}}