{"id":48092,"date":"2025-06-11T10:56:40","date_gmt":"2025-06-11T08:56:40","guid":{"rendered":"https:\/\/sfu.sk\/?post_type=product&#038;p=48092"},"modified":"2025-06-11T10:58:43","modified_gmt":"2025-06-11T08:58:43","slug":"na-ceste-k-samostatnosti","status":"publish","type":"product","link":"https:\/\/sfu.sk\/en\/eshop\/na-ceste-k-samostatnosti\/","title":{"rendered":"Na ceste k samostatnosti"},"content":{"rendered":"<p>Monografia filmov\u00e9ho historika, profesora V\u00e1clava Maceka, pon\u00faka dejiny Katedry filmov\u00fdch \u0161t\u00fadi\u00ed Filmovej a telev\u00edznej fakulty V\u0160MU v kontexte hist\u00f3rie fakulty a \u0161koly v rokoch 1949 \u2013 2024. Macek, ktor\u00fd katedru roky aj viedol, vyu\u017e\u00edva arch\u00edvne zdroje, or\u00e1lnu hist\u00f3riu a nevynech\u00e1va ani kontext v\u00fdu\u010dby filmu na Slovensku a v \u010cesku.<\/p>\n<p>\u0160tudijn\u00fd odbor Filmov\u00e1 veda na Slovensku prv\u00fdkr\u00e1t otvorili na Divadelnej fakulte V\u0160MU v \u0161kolskom roku 1978\/1979 v kombin\u00e1cii s divadelnou vedou. \u201e<em>V priebehu osemdesiatych rokov sa spo\u010diatku \u00faspe\u0161n\u00fd pokus o kon\u0161tituovanie filmovej vedy ako \u0161tudijn\u00e9ho odboru na ist\u00fd \u010das preru\u0161il. Toto spomalenie s\u013eubn\u00e9ho v\u00fdvoja bolo sp\u00f4soben\u00e9 administrat\u00edvnym rozhodnut\u00edm o presunut\u00ed odboru z Vysokej \u0161koly m\u00fazick\u00fdch umen\u00ed na Univerzitu Komensk\u00e9ho. Medzit\u00fdm v\u0161ak po\u010det filmov\u00fdch odborov na Divadelnej fakulte narastal a zmenila sa aj politick\u00e1 situ\u00e1cia, \u010do umo\u017enilo 14. 6. 1990 ustanovenie samostatnej Filmovej a telev\u00edznej fakulty. V tom istom roku na tejto fakulte vznik\u00e1 aj samostatn\u00e1 Katedra filmovej vedy. Fungovala a\u017e do roku 2003, ke\u010f sa za\u010dal proces jej transform\u00e1cie na subkatedru v r\u00e1mci ateli\u00e9ru aplikovanej dramaturgie,<\/em>\u201c uv\u00e1dza <a href=\"https:\/\/www.filmovestudia.sk\/\">str\u00e1nka katedry<\/a>. Dnes je op\u00e4\u0165 samostatn\u00e1. Pod n\u00e1zvom Katedra audiovizu\u00e1lnych \u0161t\u00fadi\u00ed fungovala nieko\u013eko rokov, od \u0161kolsk\u00e9ho roka 2022\/2023 sa premenovala na Katedru filmov\u00fdch \u0161t\u00fadi\u00ed.<\/p>\n","protected":false},"excerpt":{"rendered":"<p>Monografia filmov\u00e9ho historika, profesora V\u00e1clava Maceka, pon\u00faka dejiny Katedry filmov\u00fdch \u0161t\u00fadi\u00ed Filmovej a telev\u00edznej fakulty V\u0160MU v kontexte hist\u00f3rie fakulty a \u0161koly v rokoch 1949 \u2013 2024. Macek, ktor\u00fd katedru roky aj viedol, vyu\u017e\u00edva arch\u00edvne zdroje, or\u00e1lnu hist\u00f3riu a nevynech\u00e1va ani kontext v\u00fdu\u010dby filmu na Slovensku a v \u010cesku. \u0160tudijn\u00fd odbor Filmov\u00e1 veda na Slovensku [&hellip;]<\/p>\n","protected":false},"featured_media":48093,"comment_status":"closed","ping_status":"closed","template":"","meta":{"_acf_changed":false,"inline_featured_image":false},"product_brand":[],"product_cat":[28,318],"product_tag":[],"class_list":{"0":"post-48092","1":"product","2":"type-product","3":"status-publish","4":"has-post-thumbnail","6":"product_cat-knihy","7":"product_cat-tituly-inych-vydavatelstiev","9":"first","10":"instock","11":"shipping-taxable","12":"purchasable","13":"product-type-simple"},"acf":[],"_links":{"self":[{"href":"https:\/\/sfu.sk\/en\/wp-json\/wp\/v2\/product\/48092","targetHints":{"allow":["GET"]}}],"collection":[{"href":"https:\/\/sfu.sk\/en\/wp-json\/wp\/v2\/product"}],"about":[{"href":"https:\/\/sfu.sk\/en\/wp-json\/wp\/v2\/types\/product"}],"replies":[{"embeddable":true,"href":"https:\/\/sfu.sk\/en\/wp-json\/wp\/v2\/comments?post=48092"}],"wp:featuredmedia":[{"embeddable":true,"href":"https:\/\/sfu.sk\/en\/wp-json\/wp\/v2\/media\/48093"}],"wp:attachment":[{"href":"https:\/\/sfu.sk\/en\/wp-json\/wp\/v2\/media?parent=48092"}],"wp:term":[{"taxonomy":"product_brand","embeddable":true,"href":"https:\/\/sfu.sk\/en\/wp-json\/wp\/v2\/product_brand?post=48092"},{"taxonomy":"product_cat","embeddable":true,"href":"https:\/\/sfu.sk\/en\/wp-json\/wp\/v2\/product_cat?post=48092"},{"taxonomy":"product_tag","embeddable":true,"href":"https:\/\/sfu.sk\/en\/wp-json\/wp\/v2\/product_tag?post=48092"}],"curies":[{"name":"wp","href":"https:\/\/api.w.org\/{rel}","templated":true}]}}