{"id":48287,"date":"2025-06-25T09:34:02","date_gmt":"2025-06-25T07:34:02","guid":{"rendered":"https:\/\/sfu.sk\/?post_type=product&#038;p=48287"},"modified":"2025-07-30T15:01:47","modified_gmt":"2025-07-30T13:01:47","slug":"cinepur-159-2025","status":"publish","type":"product","link":"https:\/\/sfu.sk\/en\/eshop\/cinepur-159-2025\/","title":{"rendered":"Cinepur 159\/2025"},"content":{"rendered":"<p>V novom \u010d\u00edsle Cinepur n\u00e1jdete aj: Seri\u00e1l Odlou\u010den\u00ed, Kamera-pero Jan Saska, Talent M.M.Kochov\u00e1, Hudba ve filmech Andrew Arnold, Kon\u010d\u00ed film, kon\u010d\u00ed v\u0161etchno, Trilogie o Alexovi, Pa\u0159\u00ed\u017esk\u00e1 fl\u00e2neuse, Pola X a Annete v detailu.<\/p>\n","protected":false},"excerpt":{"rendered":"<p>V novom \u010d\u00edsle Cinepur n\u00e1jdete aj: Seri\u00e1l Odlou\u010den\u00ed, Kamera-pero Jan Saska, Talent M.M.Kochov\u00e1, Hudba ve filmech Andrew Arnold, Kon\u010d\u00ed film, kon\u010d\u00ed v\u0161etchno, Trilogie o Alexovi, Pa\u0159\u00ed\u017esk\u00e1 fl\u00e2neuse, Pola X a Annete v detailu.<\/p>\n","protected":false},"featured_media":48288,"comment_status":"closed","ping_status":"closed","template":"","meta":{"_acf_changed":false,"inline_featured_image":false},"product_brand":[],"product_cat":[29,333],"product_tag":[],"class_list":{"0":"post-48287","1":"product","2":"type-product","3":"status-publish","4":"has-post-thumbnail","6":"product_cat-casopisy","7":"product_cat-cinepur-tituly-inych-vydavatelstiev-casopisy","9":"first","10":"instock","11":"shipping-taxable","12":"purchasable","13":"product-type-simple"},"acf":[],"_links":{"self":[{"href":"https:\/\/sfu.sk\/en\/wp-json\/wp\/v2\/product\/48287","targetHints":{"allow":["GET"]}}],"collection":[{"href":"https:\/\/sfu.sk\/en\/wp-json\/wp\/v2\/product"}],"about":[{"href":"https:\/\/sfu.sk\/en\/wp-json\/wp\/v2\/types\/product"}],"replies":[{"embeddable":true,"href":"https:\/\/sfu.sk\/en\/wp-json\/wp\/v2\/comments?post=48287"}],"wp:featuredmedia":[{"embeddable":true,"href":"https:\/\/sfu.sk\/en\/wp-json\/wp\/v2\/media\/48288"}],"wp:attachment":[{"href":"https:\/\/sfu.sk\/en\/wp-json\/wp\/v2\/media?parent=48287"}],"wp:term":[{"taxonomy":"product_brand","embeddable":true,"href":"https:\/\/sfu.sk\/en\/wp-json\/wp\/v2\/product_brand?post=48287"},{"taxonomy":"product_cat","embeddable":true,"href":"https:\/\/sfu.sk\/en\/wp-json\/wp\/v2\/product_cat?post=48287"},{"taxonomy":"product_tag","embeddable":true,"href":"https:\/\/sfu.sk\/en\/wp-json\/wp\/v2\/product_tag?post=48287"}],"curies":[{"name":"wp","href":"https:\/\/api.w.org\/{rel}","templated":true}]}}