{"id":48535,"date":"2025-07-04T14:48:10","date_gmt":"2025-07-04T12:48:10","guid":{"rendered":"https:\/\/sfu.sk\/?post_type=product&#038;p=48535"},"modified":"2025-08-06T11:03:11","modified_gmt":"2025-08-06T09:03:11","slug":"film-a-doba-2-2025","status":"publish","type":"product","link":"https:\/\/sfu.sk\/en\/eshop\/film-a-doba-2-2025\/","title":{"rendered":"Film a doba 2\/2025"},"content":{"rendered":"<p>Druh\u00e9 leto\u0161n\u00ed \u010d\u00edslo p\u0159ich\u00e1z\u00ed s velmi pestrou nab\u00eddkou text\u016f, nap\u0159. o indick\u00e9 re\u017eis\u00e9rce P. Kapadii, jej\u00ed\u017e celove\u010dern\u00ed debut \u201cZ\u00e1blesky nad\u011bje\u201d je k vid\u011bn\u00ed i v \u010desk\u00fdch kinech. Dal\u0161\u00ed texty se v\u011bnuj\u00ed W. Andersonovi, \u017e\u00e1nrov\u00e9mu slovensk\u00e9mu filmu nebo film\u016fm z\u00e1vodn\u00edm. Rozhovor jsme tentokr\u00e1t vedli s kub\u00e1nsk\u00fdm re\u017eis\u00e9rem Davidem Bimem. Kritiky se v\u011bnuj\u00ed vybran\u00fdm filmov\u00fdch d\u00edl\u016fm (Operace Black Bag, Surfa\u0159, Z\u00e1blesky nad\u011bje, F\u00e9nick\u00e9 spiknut\u00ed a dal\u0161\u00edm), zat\u00edmco v kni\u017en\u00ed sekci lze \u010d\u00edst o d\u011bjin\u00e1ch \u010desk\u00e9 scen\u00e1ristiky nebo o tom, jak lze myslet m\u00e9dia. V z\u00e1v\u011bru \u010d\u00edsla p\u0159edstavujeme materi\u00e1ly z nov\u00e9ho sn\u00edmku Zuzany Kirchnerov\u00e9 \u201cKaravan\u201d.<\/p>\n","protected":false},"excerpt":{"rendered":"<p>Druh\u00e9 leto\u0161n\u00ed \u010d\u00edslo p\u0159ich\u00e1z\u00ed s velmi pestrou nab\u00eddkou text\u016f, nap\u0159. o indick\u00e9 re\u017eis\u00e9rce P. Kapadii, jej\u00ed\u017e celove\u010dern\u00ed debut \u201cZ\u00e1blesky nad\u011bje\u201d je k vid\u011bn\u00ed i v \u010desk\u00fdch kinech. Dal\u0161\u00ed texty se v\u011bnuj\u00ed W. Andersonovi, \u017e\u00e1nrov\u00e9mu slovensk\u00e9mu filmu nebo film\u016fm z\u00e1vodn\u00edm. Rozhovor jsme tentokr\u00e1t vedli s kub\u00e1nsk\u00fdm re\u017eis\u00e9rem Davidem Bimem. Kritiky se v\u011bnuj\u00ed vybran\u00fdm filmov\u00fdch d\u00edl\u016fm (Operace [&hellip;]<\/p>\n","protected":false},"featured_media":48536,"comment_status":"closed","ping_status":"closed","template":"","meta":{"_acf_changed":false,"inline_featured_image":false},"product_brand":[],"product_cat":[29,334,327],"product_tag":[],"class_list":{"0":"post-48535","1":"product","2":"type-product","3":"status-publish","4":"has-post-thumbnail","6":"product_cat-casopisy","7":"product_cat-film-a-doba-tituly-inych-vydavatelstiev-casopisy","8":"product_cat-tituly-inych-vydavatelstiev-casopisy","10":"first","11":"instock","12":"shipping-taxable","13":"purchasable","14":"product-type-simple"},"acf":[],"_links":{"self":[{"href":"https:\/\/sfu.sk\/en\/wp-json\/wp\/v2\/product\/48535","targetHints":{"allow":["GET"]}}],"collection":[{"href":"https:\/\/sfu.sk\/en\/wp-json\/wp\/v2\/product"}],"about":[{"href":"https:\/\/sfu.sk\/en\/wp-json\/wp\/v2\/types\/product"}],"replies":[{"embeddable":true,"href":"https:\/\/sfu.sk\/en\/wp-json\/wp\/v2\/comments?post=48535"}],"wp:featuredmedia":[{"embeddable":true,"href":"https:\/\/sfu.sk\/en\/wp-json\/wp\/v2\/media\/48536"}],"wp:attachment":[{"href":"https:\/\/sfu.sk\/en\/wp-json\/wp\/v2\/media?parent=48535"}],"wp:term":[{"taxonomy":"product_brand","embeddable":true,"href":"https:\/\/sfu.sk\/en\/wp-json\/wp\/v2\/product_brand?post=48535"},{"taxonomy":"product_cat","embeddable":true,"href":"https:\/\/sfu.sk\/en\/wp-json\/wp\/v2\/product_cat?post=48535"},{"taxonomy":"product_tag","embeddable":true,"href":"https:\/\/sfu.sk\/en\/wp-json\/wp\/v2\/product_tag?post=48535"}],"curies":[{"name":"wp","href":"https:\/\/api.w.org\/{rel}","templated":true}]}}