{"id":53916,"date":"2025-08-14T15:38:31","date_gmt":"2025-08-14T13:38:31","guid":{"rendered":"https:\/\/sfu.sk\/?post_type=product&#038;p=53916"},"modified":"2025-08-14T15:38:32","modified_gmt":"2025-08-14T13:38:32","slug":"cinepur-160-2025","status":"publish","type":"product","link":"https:\/\/sfu.sk\/en\/eshop\/cinepur-160-2025\/","title":{"rendered":"Cinepur 160\/2025"},"content":{"rendered":"<p data-start=\"115\" data-end=\"398\">Najnov\u0161ie vydanie filmov\u00e9ho \u010dasopisu prin\u00e1\u0161a bohat\u00fd v\u00fdber t\u00e9m z \u010desk\u00e9ho aj svetov\u00e9ho filmu. N\u00e1jdete tu reflexiu MFF Karlovy Vary, rozhovor s Martinom Du\u0161kom \u010di texty o filme <em data-start=\"316\" data-end=\"326\">The Noah<\/em>, seri\u00e1li <em data-start=\"336\" data-end=\"352\">The Last of Us<\/em> a hre <em data-start=\"359\" data-end=\"395\">Indiana Jones and The Great Circle<\/em>.<\/p>\n<p data-start=\"400\" data-end=\"744\">Hlavn\u00e1 tematick\u00e1 \u010das\u0165 sa venuje aktu\u00e1lnemu stavu \u010desk\u00e9ho filmu \u2013 od podmienok scen\u00e1ristov a scen\u00e1ristiek, cez nerovnosti na trhu autorskej pr\u00e1ce, a\u017e po zast\u00fapenie \u017eien v kinematografii a situ\u00e1ciu v \u010deskej anim\u00e1cii. Nech\u00fdbaj\u00fa recenzie, esej o hudbe vo videohr\u00e1ch, poh\u013ead na dokument <em data-start=\"682\" data-end=\"696\">The Settlers<\/em> a \u00favahy o autentickosti a absurdite vo filme.<\/p>\n<p data-start=\"746\" data-end=\"860\"><strong data-start=\"746\" data-end=\"858\">Obsahovo bohat\u00e9 \u010d\u00edslo pre v\u0161etk\u00fdch, ktor\u00ed chc\u00fa rozumie\u0165 nielen filmom, ale aj prostrediu, v ktorom vznikaj\u00fa.<\/strong><\/p>\n","protected":false},"excerpt":{"rendered":"<p>Najnov\u0161ie vydanie filmov\u00e9ho \u010dasopisu prin\u00e1\u0161a bohat\u00fd v\u00fdber t\u00e9m z \u010desk\u00e9ho aj svetov\u00e9ho filmu. N\u00e1jdete tu reflexiu MFF Karlovy Vary, rozhovor s Martinom Du\u0161kom \u010di texty o filme The Noah, seri\u00e1li The Last of Us a hre Indiana Jones and The Great Circle. Hlavn\u00e1 tematick\u00e1 \u010das\u0165 sa venuje aktu\u00e1lnemu stavu \u010desk\u00e9ho filmu \u2013 od podmienok scen\u00e1ristov [&hellip;]<\/p>\n","protected":false},"featured_media":53917,"comment_status":"closed","ping_status":"closed","template":"","meta":{"_acf_changed":false,"inline_featured_image":false},"product_brand":[],"product_cat":[29,333],"product_tag":[],"class_list":{"0":"post-53916","1":"product","2":"type-product","3":"status-publish","4":"has-post-thumbnail","6":"product_cat-casopisy","7":"product_cat-cinepur-tituly-inych-vydavatelstiev-casopisy","9":"first","10":"instock","11":"shipping-taxable","12":"purchasable","13":"product-type-simple"},"acf":[],"_links":{"self":[{"href":"https:\/\/sfu.sk\/en\/wp-json\/wp\/v2\/product\/53916","targetHints":{"allow":["GET"]}}],"collection":[{"href":"https:\/\/sfu.sk\/en\/wp-json\/wp\/v2\/product"}],"about":[{"href":"https:\/\/sfu.sk\/en\/wp-json\/wp\/v2\/types\/product"}],"replies":[{"embeddable":true,"href":"https:\/\/sfu.sk\/en\/wp-json\/wp\/v2\/comments?post=53916"}],"wp:featuredmedia":[{"embeddable":true,"href":"https:\/\/sfu.sk\/en\/wp-json\/wp\/v2\/media\/53917"}],"wp:attachment":[{"href":"https:\/\/sfu.sk\/en\/wp-json\/wp\/v2\/media?parent=53916"}],"wp:term":[{"taxonomy":"product_brand","embeddable":true,"href":"https:\/\/sfu.sk\/en\/wp-json\/wp\/v2\/product_brand?post=53916"},{"taxonomy":"product_cat","embeddable":true,"href":"https:\/\/sfu.sk\/en\/wp-json\/wp\/v2\/product_cat?post=53916"},{"taxonomy":"product_tag","embeddable":true,"href":"https:\/\/sfu.sk\/en\/wp-json\/wp\/v2\/product_tag?post=53916"}],"curies":[{"name":"wp","href":"https:\/\/api.w.org\/{rel}","templated":true}]}}