{"id":54249,"date":"2025-09-02T13:45:31","date_gmt":"2025-09-02T11:45:31","guid":{"rendered":"https:\/\/sfu.sk\/?post_type=product&#038;p=54249"},"modified":"2025-09-02T13:45:36","modified_gmt":"2025-09-02T11:45:36","slug":"vlna-c-100","status":"publish","type":"product","link":"https:\/\/sfu.sk\/en\/eshop\/vlna-c-100\/","title":{"rendered":"Vlna \u010d. 100"},"content":{"rendered":"<p data-start=\"101\" data-end=\"442\"><strong data-start=\"101\" data-end=\"135\">Vlna \u010d. 100 <\/strong>predstavuje jubilejn\u00fd, st\u00fd ro\u010dn\u00edk tohto kult\u00farno-umenie zameran\u00e9ho magaz\u00ednu, ktor\u00fd spojil reproduk\u010dn\u00e9 vizu\u00e1lne formy s liter\u00e1rnymi a esejistick\u00fdmi dielami. V \u010d\u00edselnej kompoz\u00edcii n\u00e1jde\u0161 rozmanit\u00e9 texty od redaktorov a\u017e po prekladate\u013eov, reflektuj\u00face \u0161irok\u00e9 spektrum t\u00e9m, kult\u00farnych ot\u00e1zok a s\u00fa\u010dasn\u00fdch javov:<\/p>\n<ul data-start=\"444\" data-end=\"2691\">\n<li data-start=\"444\" data-end=\"520\">\n<p data-start=\"446\" data-end=\"520\"><strong data-start=\"446\" data-end=\"458\">Editor\u00e1l<\/strong> od redakcie, ktor\u00e9 sl\u00fa\u017ei ako \u00favodn\u00e9 orchester pre cel\u00e9 \u010d\u00edslo.<\/p>\n<\/li>\n<li data-start=\"521\" data-end=\"556\">\n<p data-start=\"523\" data-end=\"556\"><strong data-start=\"523\" data-end=\"533\">Komiks<\/strong> od Barbory Biskupovej.<\/p>\n<\/li>\n<li data-start=\"557\" data-end=\"660\">\n<p data-start=\"559\" data-end=\"660\"><strong data-start=\"559\" data-end=\"579\">Anketa s ot\u00e1zkou<\/strong> \u201e\u010co pre v\u00e1s znamen\u00e1\/-al \u010dasopis Vlna?\u201c \u2014 vstup \u010ditate\u013eov do dial\u00f3gu s magaz\u00ednom.<\/p>\n<\/li>\n<li data-start=\"661\" data-end=\"905\">\n<p data-start=\"663\" data-end=\"905\"><strong data-start=\"663\" data-end=\"716\">Cestopisn\u00e9, kult\u00farne a kritick\u00e9 esejistick\u00e9 texty<\/strong>, napr\u00edklad \u201eNieko\u013eko dn\u00ed v Katan\u00edi\u201c (Lorcan Finnegan, preklad M\u00e1ria Modrovich), \u010di \u201eSocializmus alebo barbarstvo. Pozn\u00e1mky ku koncu patriarch\u00e1tu\u201c od Rytsa Moneta (preklad Stanislav Vallo).<\/p>\n<\/li>\n<li data-start=\"906\" data-end=\"1055\">\n<p data-start=\"908\" data-end=\"1055\"><strong data-start=\"908\" data-end=\"946\">Poezia a s\u00fa\u010dasn\u00e1 katal\u00e1nska tvorba<\/strong> \u2013 texty od C\u00e8lie Nolly, Joana Carnicera, Joana Torrenta, s prekladmi Evy Lalkovi\u010dovej a \u00favodom Petra \u0160uleja.<\/p>\n<\/li>\n<li data-start=\"1056\" data-end=\"1264\">\n<p data-start=\"1058\" data-end=\"1264\"><strong data-start=\"1058\" data-end=\"1079\">Eseje a report\u00e1\u017ee<\/strong>: \u201eUprostred bitevn\u00e9ho po\u013ea\u201c (Jen Kratochvil), \u201eAlek O. Vlny\u201c (Alek O., preklad Petra Feriancov\u00e1), \u010di s\u00e9ria o 60. bien\u00e1le umenia v Ben\u00e1tkach \u2013 \u201eV\u0161ade si len cudzincem\u201c (Lucia Gavulov\u00e1).<\/p>\n<\/li>\n<li data-start=\"1265\" data-end=\"1360\">\n<p data-start=\"1267\" data-end=\"1360\"><strong data-start=\"1267\" data-end=\"1294\">Hlb\u0161ie kritick\u00e9 poh\u013eady<\/strong>: \u201eProbl\u00e9m je hlb\u0161\u00ed\u201c (Francesco Gavieri, preklad M\u00e1ria Modrovich).<\/p>\n<\/li>\n<li data-start=\"1265\" data-end=\"1360\"><strong data-start=\"1363\" data-end=\"1375\">Rozhovor<\/strong> medzi Petrou Feriancovou, Petrou Fornayovou a M\u00e1riou Modrovich \u2013 ocenen\u00fd \u201est\u00e1le prebiehaj\u00faci dial\u00f3g\u201c \u2013 reflektuje tvorbu a reflexiu v priamom stretnut\u00ed.<\/li>\n<li data-start=\"1265\" data-end=\"1360\">a mnoho \u010fal\u0161ieho.<\/li>\n<\/ul>\n","protected":false},"excerpt":{"rendered":"<p>Vlna \u010d. 100 predstavuje jubilejn\u00fd, st\u00fd ro\u010dn\u00edk tohto kult\u00farno-umenie zameran\u00e9ho magaz\u00ednu, ktor\u00fd spojil reproduk\u010dn\u00e9 vizu\u00e1lne formy s liter\u00e1rnymi a esejistick\u00fdmi dielami. V \u010d\u00edselnej kompoz\u00edcii n\u00e1jde\u0161 rozmanit\u00e9 texty od redaktorov a\u017e po prekladate\u013eov, reflektuj\u00face \u0161irok\u00e9 spektrum t\u00e9m, kult\u00farnych ot\u00e1zok a s\u00fa\u010dasn\u00fdch javov: Editor\u00e1l od redakcie, ktor\u00e9 sl\u00fa\u017ei ako \u00favodn\u00e9 orchester pre cel\u00e9 \u010d\u00edslo. Komiks od Barbory [&hellip;]<\/p>\n","protected":false},"featured_media":54250,"comment_status":"closed","ping_status":"closed","template":"","meta":{"_acf_changed":false,"inline_featured_image":false},"product_brand":[],"product_cat":[29,327],"product_tag":[],"class_list":{"0":"post-54249","1":"product","2":"type-product","3":"status-publish","4":"has-post-thumbnail","6":"product_cat-casopisy","7":"product_cat-tituly-inych-vydavatelstiev-casopisy","9":"first","10":"instock","11":"shipping-taxable","12":"purchasable","13":"product-type-simple"},"acf":[],"_links":{"self":[{"href":"https:\/\/sfu.sk\/en\/wp-json\/wp\/v2\/product\/54249","targetHints":{"allow":["GET"]}}],"collection":[{"href":"https:\/\/sfu.sk\/en\/wp-json\/wp\/v2\/product"}],"about":[{"href":"https:\/\/sfu.sk\/en\/wp-json\/wp\/v2\/types\/product"}],"replies":[{"embeddable":true,"href":"https:\/\/sfu.sk\/en\/wp-json\/wp\/v2\/comments?post=54249"}],"wp:featuredmedia":[{"embeddable":true,"href":"https:\/\/sfu.sk\/en\/wp-json\/wp\/v2\/media\/54250"}],"wp:attachment":[{"href":"https:\/\/sfu.sk\/en\/wp-json\/wp\/v2\/media?parent=54249"}],"wp:term":[{"taxonomy":"product_brand","embeddable":true,"href":"https:\/\/sfu.sk\/en\/wp-json\/wp\/v2\/product_brand?post=54249"},{"taxonomy":"product_cat","embeddable":true,"href":"https:\/\/sfu.sk\/en\/wp-json\/wp\/v2\/product_cat?post=54249"},{"taxonomy":"product_tag","embeddable":true,"href":"https:\/\/sfu.sk\/en\/wp-json\/wp\/v2\/product_tag?post=54249"}],"curies":[{"name":"wp","href":"https:\/\/api.w.org\/{rel}","templated":true}]}}