{"id":54252,"date":"2025-09-02T13:48:45","date_gmt":"2025-09-02T11:48:45","guid":{"rendered":"https:\/\/sfu.sk\/?post_type=product&#038;p=54252"},"modified":"2025-09-02T13:48:45","modified_gmt":"2025-09-02T11:48:45","slug":"vlna-c-101","status":"publish","type":"product","link":"https:\/\/sfu.sk\/en\/eshop\/vlna-c-101\/","title":{"rendered":"Vlna \u010d. 101"},"content":{"rendered":"<p data-start=\"379\" data-end=\"641\">V tomto vydan\u00ed Vlna s chu\u0165ou na dom\u00e1cu atmosf\u00e9ru spriada rozmanit\u00e9 texty, ktor\u00e9 steles\u0148uj\u00fa nielen rodinn\u00fd st\u00f4l, ale aj kult\u00farne i filozofick\u00e9 ingrediencie. Editori\u00e1l od Petra \u0160uleja otv\u00e1ra vydanie, \u010falej s\u00fa to eseje, fejt\u00f3ny, liter\u00e1rne reflexie i hudobn\u00e9 vh\u013eady:<\/p>\n<ul data-start=\"643\" data-end=\"3602\">\n<li data-start=\"643\" data-end=\"802\">\n<p data-start=\"645\" data-end=\"802\"><strong data-start=\"645\" data-end=\"664\">Gastroeditori\u00e1l<\/strong> \u2013 \u00favodn\u00e1 porcia na\u0161tartuje \u010d\u00edtanie originalitou a t\u00e9mou \u201e\u010do sa doma navar\u00ed\u201c \u2013 nap\u00edsal Peter \u0160ulej.<span class=\"\" data-state=\"closed\"><span class=\"ms-1 inline-flex max-w-full items-center relative top-[-0.094rem] animate-[show_150ms_ease-in]\" data-testid=\"webpage-citation-pill\"><a class=\"flex h-4.5 overflow-hidden rounded-xl px-2 text-[9px] font-medium text-token-text-secondary! bg-[#F4F4F4]! dark:bg-[#303030]! transition-colors duration-150 ease-in-out\" href=\"https:\/\/www.vlna.sk\/vlna-98-s-temou-co-sa-doma-navari\/\" target=\"_blank\" rel=\"noopener\"><span class=\"relative start-0 bottom-0 flex h-full w-full items-center\"><span class=\"flex h-4 w-full items-center justify-between overflow-hidden\"><span class=\"max-w-full grow truncate overflow-hidden text-center\">vlna.sk<\/span><\/span><\/span><\/a><\/span><\/span><\/p>\n<\/li>\n<li data-start=\"803\" data-end=\"948\">\n<p data-start=\"805\" data-end=\"948\"><strong data-start=\"805\" data-end=\"824\">Resistance Now!<\/strong> \u2013 text od Petry Fornayovej, ktor\u00fd mo\u017eno zav\u00e1\u0148a nesp\u00fatan\u00fdm rozmerom dom\u00e1cej identity.<span class=\"\" data-state=\"closed\"><span class=\"ms-1 inline-flex max-w-full items-center relative top-[-0.094rem] animate-[show_150ms_ease-in]\" data-testid=\"webpage-citation-pill\"><a class=\"flex h-4.5 overflow-hidden rounded-xl px-2 text-[9px] font-medium text-token-text-secondary! bg-[#F4F4F4]! dark:bg-[#303030]! transition-colors duration-150 ease-in-out\" href=\"https:\/\/www.vlna.sk\/vlna-98-s-temou-co-sa-doma-navari\/\" target=\"_blank\" rel=\"noopener\"><span class=\"relative start-0 bottom-0 flex h-full w-full items-center\"><span class=\"flex h-4 w-full items-center justify-between overflow-hidden\"><span class=\"max-w-full grow truncate overflow-hidden text-center\">vlna.sk<\/span><\/span><\/span><\/a><\/span><\/span><\/p>\n<\/li>\n<li data-start=\"949\" data-end=\"1055\">\n<p data-start=\"951\" data-end=\"1055\"><strong data-start=\"951\" data-end=\"968\">Homo Panellus<\/strong> \u2013 esej od J\u00e1na \u0160imka roz\u0161iruje kult\u00farny tanier.<span class=\"\" data-state=\"closed\"><span class=\"ms-1 inline-flex max-w-full items-center relative top-[-0.094rem] animate-[show_150ms_ease-in]\" data-testid=\"webpage-citation-pill\"><a class=\"flex h-4.5 overflow-hidden rounded-xl px-2 text-[9px] font-medium text-token-text-secondary! bg-[#F4F4F4]! dark:bg-[#303030]! transition-colors duration-150 ease-in-out\" href=\"https:\/\/www.vlna.sk\/vlna-98-s-temou-co-sa-doma-navari\/\" target=\"_blank\" rel=\"noopener\"><span class=\"relative start-0 bottom-0 flex h-full w-full items-center\"><span class=\"flex h-4 w-full items-center justify-between overflow-hidden\"><span class=\"max-w-full grow truncate overflow-hidden text-center\">vlna.sk<\/span><\/span><\/span><\/a><\/span><\/span><\/p>\n<\/li>\n<li data-start=\"1056\" data-end=\"1226\">\n<p data-start=\"1058\" data-end=\"1226\"><strong data-start=\"1058\" data-end=\"1101\">\u201eslov\u00e1ci o\u017eij\u00fa. hymna pre 21. storo\u010die\u201c<\/strong> <em data-start=\"1102\" data-end=\"1113\">(ts&amp;red.)<\/em> \u2013 symbolick\u00fd a mo\u017eno aj poetick\u00fd pr\u00edspevok do dom\u00e1cej kolekt\u00edvnej piesne.<span class=\"\" data-state=\"closed\"><span class=\"ms-1 inline-flex max-w-full items-center relative top-[-0.094rem] animate-[show_150ms_ease-in]\" data-testid=\"webpage-citation-pill\"><a class=\"flex h-4.5 overflow-hidden rounded-xl px-2 text-[9px] font-medium text-token-text-secondary! bg-[#F4F4F4]! dark:bg-[#303030]! transition-colors duration-150 ease-in-out\" href=\"https:\/\/www.vlna.sk\/vlna-98-s-temou-co-sa-doma-navari\/\" target=\"_blank\" rel=\"noopener\"><span class=\"relative start-0 bottom-0 flex h-full w-full items-center\"><span class=\"flex h-4 w-full items-center justify-between overflow-hidden\"><span class=\"max-w-full grow truncate overflow-hidden text-center\">vlna.sk<\/span><\/span><\/span><\/a><\/span><\/span><\/p>\n<\/li>\n<li data-start=\"1227\" data-end=\"1362\">\n<p data-start=\"1229\" data-end=\"1362\"><strong data-start=\"1229\" data-end=\"1247\">Revolta a telo<\/strong> \u2013 Robert \u0160varc prin\u00e1\u0161a silu tela ako v\u00fdraz osobnej \u010di spolo\u010denskej revolty.<span class=\"\" data-state=\"closed\"><span class=\"ms-1 inline-flex max-w-full items-center relative top-[-0.094rem] animate-[show_150ms_ease-in]\" data-testid=\"webpage-citation-pill\"><a class=\"flex h-4.5 overflow-hidden rounded-xl px-2 text-[9px] font-medium text-token-text-secondary! bg-[#F4F4F4]! dark:bg-[#303030]! transition-colors duration-150 ease-in-out\" href=\"https:\/\/www.vlna.sk\/vlna-98-s-temou-co-sa-doma-navari\/\" target=\"_blank\" rel=\"noopener\"><span class=\"relative start-0 bottom-0 flex h-full w-full items-center\"><span class=\"flex h-4 w-full items-center justify-between overflow-hidden\"><span class=\"max-w-full grow truncate overflow-hidden text-center\">vlna.sk<\/span><\/span><\/span><\/a><\/span><\/span><\/p>\n<\/li>\n<li data-start=\"1363\" data-end=\"1503\">\n<p data-start=\"1365\" data-end=\"1503\"><strong data-start=\"1365\" data-end=\"1375\">Z\u00e1toka<\/strong> \u2013 anonymn\u00fd (redak\u010dn\u00fd) text, ktor\u00fd m\u00f4\u017ee p\u00f4sobi\u0165 ako medit\u00e1cia na miesta alebo stav bytia.<span class=\"\" data-state=\"closed\"><span class=\"ms-1 inline-flex max-w-full items-center relative top-[-0.094rem] animate-[show_150ms_ease-in]\" data-testid=\"webpage-citation-pill\"><a class=\"flex h-4.5 overflow-hidden rounded-xl px-2 text-[9px] font-medium text-token-text-secondary! bg-[#F4F4F4]! dark:bg-[#303030]! transition-colors duration-150 ease-in-out\" href=\"https:\/\/www.vlna.sk\/vlna-98-s-temou-co-sa-doma-navari\/\" target=\"_blank\" rel=\"noopener\"><span class=\"relative start-0 bottom-0 flex h-full w-full items-center\"><span class=\"flex h-4 w-full items-center justify-between overflow-hidden\"><span class=\"max-w-full grow truncate overflow-hidden text-center\">vlna.sk<\/span><\/span><\/span><\/a><\/span><\/span><\/p>\n<\/li>\n<li data-start=\"1504\" data-end=\"1651\">\n<p data-start=\"1506\" data-end=\"1651\"><strong data-start=\"1506\" data-end=\"1544\">IPUT &#8230; \u010cESKOSLOVENSK\u00c9 R\u00c1DIO 1968<\/strong> \u2013 komplexne tematizovan\u00e1, historick\u00e1 reflexia v n\u00e1paditom ozna\u010den\u00ed.<span class=\"\" data-state=\"closed\"><span class=\"ms-1 inline-flex max-w-full items-center relative top-[-0.094rem] animate-[show_150ms_ease-in]\" data-testid=\"webpage-citation-pill\"><a class=\"flex h-4.5 overflow-hidden rounded-xl px-2 text-[9px] font-medium text-token-text-secondary! bg-[#F4F4F4]! dark:bg-[#303030]! transition-colors duration-150 ease-in-out\" href=\"https:\/\/www.vlna.sk\/vlna-98-s-temou-co-sa-doma-navari\/\" target=\"_blank\" rel=\"noopener\"><span class=\"relative start-0 bottom-0 flex h-full w-full items-center\"><span class=\"flex h-4 w-full items-center justify-between overflow-hidden\"><span class=\"max-w-full grow truncate overflow-hidden text-center\">vlna.sk<\/span><\/span><\/span><\/a><\/span><\/span><\/p>\n<\/li>\n<li data-start=\"1652\" data-end=\"1781\">\n<p data-start=\"1654\" data-end=\"1781\"><strong data-start=\"1654\" data-end=\"1669\">A KENTAURUS<\/strong> \u2013 podpis autora Petra Feriancov\u00e1, antick\u00fd z\u00e1van v dom\u00e1cej kuchyni mo\u017eno?<span class=\"\" data-state=\"closed\"><span class=\"ms-1 inline-flex max-w-full items-center relative top-[-0.094rem] animate-[show_150ms_ease-in]\" data-testid=\"webpage-citation-pill\"><a class=\"flex h-4.5 overflow-hidden rounded-xl px-2 text-[9px] font-medium text-token-text-secondary! bg-[#F4F4F4]! dark:bg-[#303030]! transition-colors duration-150 ease-in-out\" href=\"https:\/\/www.vlna.sk\/vlna-98-s-temou-co-sa-doma-navari\/\" target=\"_blank\" rel=\"noopener\"><span class=\"relative start-0 bottom-0 flex h-full w-full items-center\"><span class=\"flex h-4 w-full items-center justify-between overflow-hidden\"><span class=\"max-w-full grow truncate overflow-hidden text-center\">vlna.sk<\/span><\/span><\/span><\/a><\/span><\/span><\/p>\n<\/li>\n<li data-start=\"1782\" data-end=\"1907\">\n<p data-start=\"1784\" data-end=\"1907\"><strong data-start=\"1784\" data-end=\"1797\">Perpetuum<\/strong> \u2013 op\u00e4\u0165 Petra Feriancov\u00e1 \u0165a\u017eko via\u017ee kontinuitu \u010di ve\u010dn\u00fd pohyb kult\u00fary.<span class=\"\" data-state=\"closed\"><span class=\"ms-1 inline-flex max-w-full items-center relative top-[-0.094rem] animate-[show_150ms_ease-in]\" data-testid=\"webpage-citation-pill\"><a class=\"flex h-4.5 overflow-hidden rounded-xl px-2 text-[9px] font-medium text-token-text-secondary! bg-[#F4F4F4]! dark:bg-[#303030]! transition-colors duration-150 ease-in-out\" href=\"https:\/\/www.vlna.sk\/vlna-98-s-temou-co-sa-doma-navari\/\" target=\"_blank\" rel=\"noopener\"><span class=\"relative start-0 bottom-0 flex h-full w-full items-center\"><span class=\"flex h-4 w-full items-center justify-between overflow-hidden\"><span class=\"max-w-full grow truncate overflow-hidden text-center\">vlna.sk<\/span><\/span><\/span><\/a><\/span><\/span><\/p>\n<\/li>\n<li data-start=\"1908\" data-end=\"2339\">\n<p data-start=\"1910\" data-end=\"1981\"><strong data-start=\"1910\" data-end=\"1936\">\u010eal\u0161ie liter\u00e1rne k\u00fasky<\/strong>, ktor\u00e9 postupne varia na\u0161e vn\u00edmanie reality:<\/p>\n<ul data-start=\"1984\" data-end=\"2339\">\n<li data-start=\"1984\" data-end=\"2107\">\n<p data-start=\"1986\" data-end=\"2107\"><em data-start=\"1986\" data-end=\"2004\">\u017divot performera<\/em> (Rokko Juh\u00e1sz, p\u0159elo\u017een\u00e9 Ren\u00e1tou De\u00e1k) \u2013 performat\u00edvny z\u00e1\u017eitok.<span class=\"\" data-state=\"closed\"><span class=\"ms-1 inline-flex max-w-full items-center relative top-[-0.094rem] animate-[show_150ms_ease-in]\" data-testid=\"webpage-citation-pill\"><a class=\"flex h-4.5 overflow-hidden rounded-xl px-2 text-[9px] font-medium text-token-text-secondary! bg-[#F4F4F4]! dark:bg-[#303030]! transition-colors duration-150 ease-in-out\" href=\"https:\/\/www.vlna.sk\/vlna-98-s-temou-co-sa-doma-navari\/\" target=\"_blank\" rel=\"noopener\"><span class=\"relative start-0 bottom-0 flex h-full w-full items-center\"><span class=\"flex h-4 w-full items-center justify-between overflow-hidden\"><span class=\"max-w-full grow truncate overflow-hidden text-center\">vlna.sk<\/span><\/span><\/span><\/a><\/span><\/span><\/p>\n<\/li>\n<li data-start=\"2110\" data-end=\"2339\">\n<p data-start=\"2112\" data-end=\"2339\"><em data-start=\"2112\" data-end=\"2129\">O na\u010d\u00favan\u00ed snom<\/em> (\u013dubom\u00edr Pavelka), <em data-start=\"2149\" data-end=\"2164\">Lily was here<\/em> (Ivica Ruttkayov\u00e1), <em data-start=\"2185\" data-end=\"2202\">Tradi\u010dn\u00e1 rodina<\/em> (Robo \u0160varc) a <em data-start=\"2218\" data-end=\"2225\">Jan\u00e1\u010d<\/em> (Ivana Gibov\u00e1) \u2013 tematick\u00e1 paleta dom\u00e1cnosti, snov, trad\u00edcie a identity.<\/p>\n<\/li>\n<\/ul>\n<\/li>\n<li>a mnoho \u010fal\u0161ieho.<\/li>\n<\/ul>\n","protected":false},"excerpt":{"rendered":"<p>V tomto vydan\u00ed Vlna s chu\u0165ou na dom\u00e1cu atmosf\u00e9ru spriada rozmanit\u00e9 texty, ktor\u00e9 steles\u0148uj\u00fa nielen rodinn\u00fd st\u00f4l, ale aj kult\u00farne i filozofick\u00e9 ingrediencie. Editori\u00e1l od Petra \u0160uleja otv\u00e1ra vydanie, \u010falej s\u00fa to eseje, fejt\u00f3ny, liter\u00e1rne reflexie i hudobn\u00e9 vh\u013eady: Gastroeditori\u00e1l \u2013 \u00favodn\u00e1 porcia na\u0161tartuje \u010d\u00edtanie originalitou a t\u00e9mou \u201e\u010do sa doma navar\u00ed\u201c \u2013 nap\u00edsal Peter [&hellip;]<\/p>\n","protected":false},"featured_media":54253,"comment_status":"closed","ping_status":"closed","template":"","meta":{"_acf_changed":false,"inline_featured_image":false},"product_brand":[],"product_cat":[29,327],"product_tag":[],"class_list":{"0":"post-54252","1":"product","2":"type-product","3":"status-publish","4":"has-post-thumbnail","6":"product_cat-casopisy","7":"product_cat-tituly-inych-vydavatelstiev-casopisy","9":"first","10":"instock","11":"shipping-taxable","12":"purchasable","13":"product-type-simple"},"acf":[],"_links":{"self":[{"href":"https:\/\/sfu.sk\/en\/wp-json\/wp\/v2\/product\/54252","targetHints":{"allow":["GET"]}}],"collection":[{"href":"https:\/\/sfu.sk\/en\/wp-json\/wp\/v2\/product"}],"about":[{"href":"https:\/\/sfu.sk\/en\/wp-json\/wp\/v2\/types\/product"}],"replies":[{"embeddable":true,"href":"https:\/\/sfu.sk\/en\/wp-json\/wp\/v2\/comments?post=54252"}],"wp:featuredmedia":[{"embeddable":true,"href":"https:\/\/sfu.sk\/en\/wp-json\/wp\/v2\/media\/54253"}],"wp:attachment":[{"href":"https:\/\/sfu.sk\/en\/wp-json\/wp\/v2\/media?parent=54252"}],"wp:term":[{"taxonomy":"product_brand","embeddable":true,"href":"https:\/\/sfu.sk\/en\/wp-json\/wp\/v2\/product_brand?post=54252"},{"taxonomy":"product_cat","embeddable":true,"href":"https:\/\/sfu.sk\/en\/wp-json\/wp\/v2\/product_cat?post=54252"},{"taxonomy":"product_tag","embeddable":true,"href":"https:\/\/sfu.sk\/en\/wp-json\/wp\/v2\/product_tag?post=54252"}],"curies":[{"name":"wp","href":"https:\/\/api.w.org\/{rel}","templated":true}]}}