{"id":54255,"date":"2025-09-02T13:52:04","date_gmt":"2025-09-02T11:52:04","guid":{"rendered":"https:\/\/sfu.sk\/?post_type=product&#038;p=54255"},"modified":"2025-09-02T13:52:05","modified_gmt":"2025-09-02T11:52:05","slug":"vlna-c-102","status":"publish","type":"product","link":"https:\/\/sfu.sk\/en\/eshop\/vlna-c-102\/","title":{"rendered":"Vlna \u010d. 102"},"content":{"rendered":"<p>Toto vydanie Vlna v\u00e1s vtiahne do sveta v\u00e4zieb \u2013 t\u00fdch, \u010do n\u00e1s sp\u00e1jaj\u00fa, ale aj t\u00fdch, \u010do n\u00e1s via\u017eu \u010di vyz\u00fdvaj\u00fa prekro\u010di\u0165 hranice. \u010casopis ide medzi kult\u00fary, \u017e\u00e1nre a o\u010dami autorov otv\u00e1ra priestor, kde osobn\u00e9, spolo\u010densk\u00e9 aj liter\u00e1rne v\u00e4zby rezonuj\u00fa v kreat\u00edvnych form\u00e1ch.<\/p>\n<ul>\n<li data-start=\"374\" data-end=\"531\">\n<p data-start=\"376\" data-end=\"531\"><strong data-start=\"376\" data-end=\"389\">EDITORI\u00c1L<\/strong> \u2013 Franti\u0161ek Mal\u00edk otv\u00e1ra \u010d\u00edslo s textom, ktor\u00fd vn\u00e1\u0161a do t\u00e9my \u201ev\u00e4zieb\u201c prv\u00fa nitku kontextu a n\u00e1lady.<br data-start=\"489\" data-end=\"492\" \/><span class=\"\" data-state=\"closed\"><span class=\"ms-1 inline-flex max-w-full items-center relative top-[-0.094rem] animate-[show_150ms_ease-in]\" data-testid=\"webpage-citation-pill\"><a class=\"flex h-4.5 overflow-hidden rounded-xl px-2 text-[9px] font-medium text-token-text-secondary! bg-[#F4F4F4]! dark:bg-[#303030]! transition-colors duration-150 ease-in-out\" href=\"https:\/\/www.vlna.sk\/vlna-102-s-temou-vazbi\/\" target=\"_blank\" rel=\"noopener\"><span class=\"relative start-0 bottom-0 flex h-full w-full items-center\"><span class=\"flex h-4 w-full items-center justify-between overflow-hidden\"><span class=\"max-w-full grow truncate overflow-hidden text-center\">vlna.sk<\/span><\/span><\/span><\/a><\/span><\/span><\/p>\n<\/li>\n<li data-start=\"532\" data-end=\"702\">\n<p data-start=\"534\" data-end=\"702\"><strong data-start=\"534\" data-end=\"558\">PREVIAZAN\u00dd EDITORI\u00c1L<\/strong> \u2013 Peter \u0160ulej plynulo nadv\u00e4zuje na \u00favod, ako metaforick\u00fd preplet \u010fal\u0161\u00edch v\u00fdznamov, vrstiev a spojen\u00ed.<br data-start=\"660\" data-end=\"663\" \/><span class=\"\" data-state=\"closed\"><span class=\"ms-1 inline-flex max-w-full items-center relative top-[-0.094rem] animate-[show_150ms_ease-in]\" data-testid=\"webpage-citation-pill\"><a class=\"flex h-4.5 overflow-hidden rounded-xl px-2 text-[9px] font-medium text-token-text-secondary! bg-[#F4F4F4]! dark:bg-[#303030]! transition-colors duration-150 ease-in-out\" href=\"https:\/\/www.vlna.sk\/vlna-102-s-temou-vazbi\/\" target=\"_blank\" rel=\"noopener\"><span class=\"relative start-0 bottom-0 flex h-full w-full items-center\"><span class=\"flex h-4 w-full items-center justify-between overflow-hidden\"><span class=\"max-w-full grow truncate overflow-hidden text-center\">vlna.sk<\/span><\/span><\/span><\/a><\/span><\/span><\/p>\n<\/li>\n<li data-start=\"703\" data-end=\"864\">\n<p data-start=\"705\" data-end=\"864\"><strong data-start=\"705\" data-end=\"721\">BRAK VO VLNE<\/strong> \u2013 M\u00e1ria Modrovich sk\u00fama slab\u00e9 miesta \u010di medzery, ktor\u00e9 \u010dasto formuj\u00fa v\u00e4zby silnej\u0161ie ne\u017e pevn\u00e9 uzly.<br data-start=\"822\" data-end=\"825\" \/><span class=\"\" data-state=\"closed\"><span class=\"ms-1 inline-flex max-w-full items-center relative top-[-0.094rem] animate-[show_150ms_ease-in]\" data-testid=\"webpage-citation-pill\"><a class=\"flex h-4.5 overflow-hidden rounded-xl px-2 text-[9px] font-medium text-token-text-secondary! bg-[#F4F4F4]! dark:bg-[#303030]! transition-colors duration-150 ease-in-out\" href=\"https:\/\/www.vlna.sk\/vlna-102-s-temou-vazbi\/\" target=\"_blank\" rel=\"noopener\"><span class=\"relative start-0 bottom-0 flex h-full w-full items-center\"><span class=\"flex h-4 w-full items-center justify-between overflow-hidden\"><span class=\"max-w-full grow truncate overflow-hidden text-center\">vlna.sk<\/span><\/span><\/span><\/a><\/span><\/span><\/p>\n<\/li>\n<li data-start=\"865\" data-end=\"1014\">\n<p data-start=\"867\" data-end=\"1014\"><strong data-start=\"867\" data-end=\"893\">NEOLOGIZMY A ICH V\u00c4ZBY<\/strong> \u2013 Robo \u0160varc zachyt\u00e1va, ako nov\u00e9 slov\u00e1 prep\u00e1jaj\u00fa jazyky, gener\u00e1cie aj vedomie.<br data-start=\"972\" data-end=\"975\" \/><span class=\"\" data-state=\"closed\"><span class=\"ms-1 inline-flex max-w-full items-center relative top-[-0.094rem] animate-[show_150ms_ease-in]\" data-testid=\"webpage-citation-pill\"><a class=\"flex h-4.5 overflow-hidden rounded-xl px-2 text-[9px] font-medium text-token-text-secondary! bg-[#F4F4F4]! dark:bg-[#303030]! transition-colors duration-150 ease-in-out\" href=\"https:\/\/www.vlna.sk\/vlna-102-s-temou-vazbi\/\" target=\"_blank\" rel=\"noopener\"><span class=\"relative start-0 bottom-0 flex h-full w-full items-center\"><span class=\"flex h-4 w-full items-center justify-between overflow-hidden\"><span class=\"max-w-full grow truncate overflow-hidden text-center\">vlna.sk<\/span><\/span><\/span><\/a><\/span><\/span><\/p>\n<\/li>\n<li data-start=\"1015\" data-end=\"1190\">\n<p data-start=\"1017\" data-end=\"1190\"><strong data-start=\"1017\" data-end=\"1045\">JE TREBA ZABI\u0164 FRANTI\u0160KA<\/strong> \u2013 Provokat\u00edvny n\u00e1zov textu \u013dubom\u00edra Pavelku nazna\u010duje, \u017ee niektor\u00e9 v\u00e4zby si vy\u017eaduj\u00fa radik\u00e1lny prelom.<br data-start=\"1148\" data-end=\"1151\" \/><span class=\"\" data-state=\"closed\"><span class=\"ms-1 inline-flex max-w-full items-center relative top-[-0.094rem] animate-[show_150ms_ease-in]\" data-testid=\"webpage-citation-pill\"><a class=\"flex h-4.5 overflow-hidden rounded-xl px-2 text-[9px] font-medium text-token-text-secondary! bg-[#F4F4F4]! dark:bg-[#303030]! transition-colors duration-150 ease-in-out\" href=\"https:\/\/www.vlna.sk\/vlna-102-s-temou-vazbi\/\" target=\"_blank\" rel=\"noopener\"><span class=\"relative start-0 bottom-0 flex h-full w-full items-center\"><span class=\"flex h-4 w-full items-center justify-between overflow-hidden\"><span class=\"max-w-full grow truncate overflow-hidden text-center\">vlna.sk<\/span><\/span><\/span><\/a><\/span><\/span><\/p>\n<\/li>\n<li data-start=\"1191\" data-end=\"1358\">\n<p data-start=\"1193\" data-end=\"1358\"><strong data-start=\"1193\" data-end=\"1226\">NE\u010cAKAN\u00c1 SPOMIENKA NA JARA F.<\/strong> \u2013 Michael Papcun o\u017eivuje nostalgick\u00fa \u010di ne\u010dakan\u00fa v\u00e4zbu k minulosti a osobn\u00fdm predobrazom.<br data-start=\"1316\" data-end=\"1319\" \/><span class=\"\" data-state=\"closed\"><span class=\"ms-1 inline-flex max-w-full items-center relative top-[-0.094rem] animate-[show_150ms_ease-in]\" data-testid=\"webpage-citation-pill\"><a class=\"flex h-4.5 overflow-hidden rounded-xl px-2 text-[9px] font-medium text-token-text-secondary! bg-[#F4F4F4]! dark:bg-[#303030]! transition-colors duration-150 ease-in-out\" href=\"https:\/\/www.vlna.sk\/vlna-102-s-temou-vazbi\/\" target=\"_blank\" rel=\"noopener\"><span class=\"relative start-0 bottom-0 flex h-full w-full items-center\"><span class=\"flex h-4 w-full items-center justify-between overflow-hidden\"><span class=\"max-w-full grow truncate overflow-hidden text-center\">vlna.sk<\/span><\/span><\/span><\/a><\/span><\/span><\/p>\n<\/li>\n<li data-start=\"1359\" data-end=\"1538\">\n<p data-start=\"1361\" data-end=\"1538\"><strong data-start=\"1361\" data-end=\"1406\">ZBIERKOU JE MO\u017dN\u00c9 ROZPR\u00c1VA\u0164 R\u00d4ZNE PR\u00cdBEHY<\/strong> \u2013 Lucia Gavulov\u00e1 otv\u00e1ra t\u00e9mu kolekci\u00ed a ich schopnos\u0165 vytv\u00e1ra\u0165 rozmanit\u00e9 pr\u00edbehov\u00e9 v\u00e4zby.<br data-start=\"1496\" data-end=\"1499\" \/><span class=\"\" data-state=\"closed\"><span class=\"ms-1 inline-flex max-w-full items-center relative top-[-0.094rem] animate-[show_150ms_ease-in]\" data-testid=\"webpage-citation-pill\"><a class=\"flex h-4.5 overflow-hidden rounded-xl px-2 text-[9px] font-medium text-token-text-secondary! bg-[#F4F4F4]! dark:bg-[#303030]! transition-colors duration-150 ease-in-out\" href=\"https:\/\/www.vlna.sk\/vlna-102-s-temou-vazbi\/\" target=\"_blank\" rel=\"noopener\"><span class=\"relative start-0 bottom-0 flex h-full w-full items-center\"><span class=\"flex h-4 w-full items-center justify-between overflow-hidden\"><span class=\"max-w-full grow truncate overflow-hidden text-center\">vlna.sk<\/span><\/span><\/span><\/a><\/span><\/span><\/p>\n<\/li>\n<li data-start=\"1359\" data-end=\"1538\">a mnoho \u010fal\u0161ieho.<\/li>\n<\/ul>\n","protected":false},"excerpt":{"rendered":"<p>Toto vydanie Vlna v\u00e1s vtiahne do sveta v\u00e4zieb \u2013 t\u00fdch, \u010do n\u00e1s sp\u00e1jaj\u00fa, ale aj t\u00fdch, \u010do n\u00e1s via\u017eu \u010di vyz\u00fdvaj\u00fa prekro\u010di\u0165 hranice. \u010casopis ide medzi kult\u00fary, \u017e\u00e1nre a o\u010dami autorov otv\u00e1ra priestor, kde osobn\u00e9, spolo\u010densk\u00e9 aj liter\u00e1rne v\u00e4zby rezonuj\u00fa v kreat\u00edvnych form\u00e1ch. EDITORI\u00c1L \u2013 Franti\u0161ek Mal\u00edk otv\u00e1ra \u010d\u00edslo s textom, ktor\u00fd vn\u00e1\u0161a do t\u00e9my [&hellip;]<\/p>\n","protected":false},"featured_media":54256,"comment_status":"closed","ping_status":"closed","template":"","meta":{"_acf_changed":false,"inline_featured_image":false},"product_brand":[],"product_cat":[29,327],"product_tag":[],"class_list":{"0":"post-54255","1":"product","2":"type-product","3":"status-publish","4":"has-post-thumbnail","6":"product_cat-casopisy","7":"product_cat-tituly-inych-vydavatelstiev-casopisy","9":"first","10":"instock","11":"shipping-taxable","12":"purchasable","13":"product-type-simple"},"acf":[],"_links":{"self":[{"href":"https:\/\/sfu.sk\/en\/wp-json\/wp\/v2\/product\/54255","targetHints":{"allow":["GET"]}}],"collection":[{"href":"https:\/\/sfu.sk\/en\/wp-json\/wp\/v2\/product"}],"about":[{"href":"https:\/\/sfu.sk\/en\/wp-json\/wp\/v2\/types\/product"}],"replies":[{"embeddable":true,"href":"https:\/\/sfu.sk\/en\/wp-json\/wp\/v2\/comments?post=54255"}],"wp:featuredmedia":[{"embeddable":true,"href":"https:\/\/sfu.sk\/en\/wp-json\/wp\/v2\/media\/54256"}],"wp:attachment":[{"href":"https:\/\/sfu.sk\/en\/wp-json\/wp\/v2\/media?parent=54255"}],"wp:term":[{"taxonomy":"product_brand","embeddable":true,"href":"https:\/\/sfu.sk\/en\/wp-json\/wp\/v2\/product_brand?post=54255"},{"taxonomy":"product_cat","embeddable":true,"href":"https:\/\/sfu.sk\/en\/wp-json\/wp\/v2\/product_cat?post=54255"},{"taxonomy":"product_tag","embeddable":true,"href":"https:\/\/sfu.sk\/en\/wp-json\/wp\/v2\/product_tag?post=54255"}],"curies":[{"name":"wp","href":"https:\/\/api.w.org\/{rel}","templated":true}]}}