{"id":54258,"date":"2025-09-02T13:54:35","date_gmt":"2025-09-02T11:54:35","guid":{"rendered":"https:\/\/sfu.sk\/?post_type=product&#038;p=54258"},"modified":"2025-09-02T13:54:36","modified_gmt":"2025-09-02T11:54:36","slug":"vlna-c-103","status":"publish","type":"product","link":"https:\/\/sfu.sk\/en\/eshop\/vlna-c-103\/","title":{"rendered":"Vlna \u010d. 103"},"content":{"rendered":"<p data-start=\"174\" data-end=\"311\">Toto \u010d\u00edslo sa zasadzuj\u00fa jazykovo aj my\u0161lienkovo o od\u013eah\u010denie i z\u00e1va\u017enos\u0165, kde slov\u00ed\u010dko <strong data-start=\"261\" data-end=\"270\">\u201ebez\u201c<\/strong> odha\u013euje pr\u00e1zdno aj v\u00fdzvy s\u00fa\u010dasnej doby:<\/p>\n<ul data-start=\"313\" data-end=\"2734\">\n<li data-start=\"313\" data-end=\"466\">\n<p data-start=\"315\" data-end=\"466\"><strong data-start=\"315\" data-end=\"333\">BEZ EDITORI\u00c1LU<\/strong> \u2013 Peter \u0160ulej otv\u00e1ra vydanie \u00faderne a s minimalistickou silou, ktor\u00e1 prep\u00e1ja t\u00e9mu so \u0161t\u00fdlom. <span class=\"\" data-state=\"closed\"><span class=\"ms-1 inline-flex max-w-full items-center relative top-[-0.094rem] animate-[show_150ms_ease-in]\" data-testid=\"webpage-citation-pill\"><a class=\"flex h-4.5 overflow-hidden rounded-xl px-2 text-[9px] font-medium text-token-text-secondary! bg-[#F4F4F4]! dark:bg-[#303030]! transition-colors duration-150 ease-in-out\" href=\"https:\/\/www.vlna.sk\/vlna-103-s-temou-bez\/\" target=\"_blank\" rel=\"noopener\"><span class=\"relative start-0 bottom-0 flex h-full w-full items-center\"><span class=\"flex h-4 w-full items-center justify-between overflow-hidden\"><span class=\"max-w-full grow truncate overflow-hidden text-center\">vlna.sk<\/span><\/span><\/span><\/a><\/span><\/span><\/p>\n<\/li>\n<li data-start=\"467\" data-end=\"681\">\n<p data-start=\"469\" data-end=\"681\"><strong data-start=\"469\" data-end=\"534\">MODEL: M\u00daZEUM S\u00da\u010cASN\u00c9HO UMENIA alebo Expoz\u00edcia bez bud\u00facnosti<\/strong> \u2013 Lucia Gavulov\u00e1 sk\u00fama kult\u00farne in\u0161tit\u00facie vo svetle ich ideologickej, \u010dasovej i existenci\u00e1lnej pr\u00e1zdnoty. <span class=\"\" data-state=\"closed\"><span class=\"ms-1 inline-flex max-w-full items-center relative top-[-0.094rem] animate-[show_150ms_ease-in]\" data-testid=\"webpage-citation-pill\"><a class=\"flex h-4.5 overflow-hidden rounded-xl px-2 text-[9px] font-medium text-token-text-secondary! bg-[#F4F4F4]! dark:bg-[#303030]! transition-colors duration-150 ease-in-out\" href=\"https:\/\/www.vlna.sk\/vlna-103-s-temou-bez\/\" target=\"_blank\" rel=\"noopener\"><span class=\"relative start-0 bottom-0 flex h-full w-full items-center\"><span class=\"flex h-4 w-full items-center justify-between overflow-hidden\"><span class=\"max-w-full grow truncate overflow-hidden text-center\">vlna.sk<\/span><\/span><\/span><\/a><\/span><\/span><\/p>\n<\/li>\n<li data-start=\"682\" data-end=\"921\">\n<p data-start=\"684\" data-end=\"921\"><strong data-start=\"684\" data-end=\"764\">Ekodramatick\u00e9 divadlo: BEZ greenwashingu v aktu\u00e1lnych klimatick\u00fdch debat\u00e1ch?<\/strong> \u2013 Robo \u0160varc vstupuje do diskusie o potrebe autentick\u00e9ho environment\u00e1lneho anga\u017em\u00e1, odha\u013euj\u00facu falo\u0161n\u00e9 zelen\u00e9 gest\u00e1. <span class=\"\" data-state=\"closed\"><span class=\"ms-1 inline-flex max-w-full items-center relative top-[-0.094rem] animate-[show_150ms_ease-in]\" data-testid=\"webpage-citation-pill\"><a class=\"flex h-4.5 overflow-hidden rounded-xl px-2 text-[9px] font-medium text-token-text-secondary! bg-[#F4F4F4]! dark:bg-[#303030]! transition-colors duration-150 ease-in-out\" href=\"https:\/\/www.vlna.sk\/vlna-103-s-temou-bez\/\" target=\"_blank\" rel=\"noopener\"><span class=\"relative start-0 bottom-0 flex h-full w-full items-center\"><span class=\"flex h-4 w-full items-center justify-between overflow-hidden\"><span class=\"max-w-full grow truncate overflow-hidden text-center\">vlna.sk<\/span><\/span><\/span><\/a><\/span><\/span><\/p>\n<\/li>\n<li data-start=\"922\" data-end=\"1128\">\n<p data-start=\"924\" data-end=\"1128\"><strong data-start=\"924\" data-end=\"980\">Smutn\u00e9 rozko\u0161e O\u013egy Belajovej: Medzi snom a realitou<\/strong> \u2013 S\u00e1ra Jele\u0148ov\u00e1 balansuje medzi t\u00fa\u017ebou a existenciou, kde pr\u00e1zdnota i estetika prech\u00e1dzaj\u00fa jedna do druhej. <span class=\"\" data-state=\"closed\"><span class=\"ms-1 inline-flex max-w-full items-center relative top-[-0.094rem] animate-[show_150ms_ease-in]\" data-testid=\"webpage-citation-pill\"><a class=\"flex h-4.5 overflow-hidden rounded-xl px-2 text-[9px] font-medium text-token-text-secondary! bg-[#F4F4F4]! dark:bg-[#303030]! transition-colors duration-150 ease-in-out\" href=\"https:\/\/www.vlna.sk\/vlna-103-s-temou-bez\/\" target=\"_blank\" rel=\"noopener\"><span class=\"relative start-0 bottom-0 flex h-full w-full items-center\"><span class=\"flex h-4 w-full items-center justify-between overflow-hidden\"><span class=\"max-w-full grow truncate overflow-hidden text-center\">vlna.sk<\/span><\/span><\/span><\/a><\/span><\/span><\/p>\n<\/li>\n<li data-start=\"1129\" data-end=\"1305\">\n<p data-start=\"1131\" data-end=\"1305\"><strong data-start=\"1131\" data-end=\"1173\">BEZ energie, bez boja, bez bud\u00facnosti\u2026<\/strong> \u2013 Lucia Gavulov\u00e1 sa vracia k mot\u00edvu \u201ebez\u201c a na\u010drt\u00e1va emocion\u00e1lne \u010di spolo\u010densk\u00e9 vy\u010derpanie. <span class=\"\" data-state=\"closed\"><span class=\"ms-1 inline-flex max-w-full items-center relative top-[-0.094rem] animate-[show_150ms_ease-in]\" data-testid=\"webpage-citation-pill\"><a class=\"flex h-4.5 overflow-hidden rounded-xl px-2 text-[9px] font-medium text-token-text-secondary! bg-[#F4F4F4]! dark:bg-[#303030]! transition-colors duration-150 ease-in-out\" href=\"https:\/\/www.vlna.sk\/vlna-103-s-temou-bez\/\" target=\"_blank\" rel=\"noopener\"><span class=\"relative start-0 bottom-0 flex h-full w-full items-center\"><span class=\"flex h-4 w-full items-center justify-between overflow-hidden\"><span class=\"max-w-full grow truncate overflow-hidden text-center\">vlna.sk<\/span><\/span><\/span><\/a><\/span><\/span><\/p>\n<\/li>\n<li data-start=\"1306\" data-end=\"1504\">\n<p data-start=\"1308\" data-end=\"1504\"><strong data-start=\"1308\" data-end=\"1324\">Alica a hmyz<\/strong> \u2013 reflektuje t\u00e9mu v texte o knihe Andreja D\u00fabravsk\u00e9ho (vydavate\u013estvo brak), kde nepatrn\u00e9 tvory predstavuj\u00fa ved\u013eaj\u0161ie, no siln\u00e9 prvky bytia. <span class=\"\" data-state=\"closed\"><span class=\"ms-1 inline-flex max-w-full items-center relative top-[-0.094rem] animate-[show_150ms_ease-in]\" data-testid=\"webpage-citation-pill\"><a class=\"flex h-4.5 overflow-hidden rounded-xl px-2 text-[9px] font-medium text-token-text-secondary! bg-[#F4F4F4]! dark:bg-[#303030]! transition-colors duration-150 ease-in-out\" href=\"https:\/\/www.vlna.sk\/vlna-103-s-temou-bez\/\" target=\"_blank\" rel=\"noopener\"><span class=\"relative start-0 bottom-0 flex h-full w-full items-center\"><span class=\"flex h-4 w-full items-center justify-between overflow-hidden\"><span class=\"max-w-full grow truncate overflow-hidden text-center\">vlna.sk<\/span><\/span><\/span><\/a><\/span><\/span><\/p>\n<\/li>\n<li data-start=\"1505\" data-end=\"1644\">\n<p data-start=\"1507\" data-end=\"1644\"><strong data-start=\"1507\" data-end=\"1516\">\u0160tv\u0155\u0165<\/strong> \u2013 Peter \u0160ulej zrejme nach\u00e1dza \u201ebez\u201c v \u0161trukt\u00farach mestsk\u00e9ho prostredia a ka\u017edodennosti. <span class=\"\" data-state=\"closed\"><span class=\"ms-1 inline-flex max-w-full items-center relative top-[-0.094rem] animate-[show_150ms_ease-in]\" data-testid=\"webpage-citation-pill\"><a class=\"flex h-4.5 overflow-hidden rounded-xl px-2 text-[9px] font-medium text-token-text-secondary! bg-[#F4F4F4]! dark:bg-[#303030]! transition-colors duration-150 ease-in-out\" href=\"https:\/\/www.vlna.sk\/vlna-103-s-temou-bez\/\" target=\"_blank\" rel=\"noopener\"><span class=\"relative start-0 bottom-0 flex h-full w-full items-center\"><span class=\"flex h-4 w-full items-center justify-between overflow-hidden\"><span class=\"max-w-full grow truncate overflow-hidden text-center\">vlna.sk<\/span><\/span><\/span><\/a><\/span><\/span><\/p>\n<\/li>\n<li data-start=\"1645\" data-end=\"1813\">\n<p data-start=\"1647\" data-end=\"1813\"><strong data-start=\"1647\" data-end=\"1664\">Slab\u00fd partner<\/strong> \u2013 Przemyslaw Pilarski sk\u00fama asymetrick\u00e9 vz\u0165ahy, kde slabos\u0165 m\u00f4\u017ee znamena\u0165 nedostatok, alebo oslabenie v\u00e4zby. <span class=\"\" data-state=\"closed\"><span class=\"ms-1 inline-flex max-w-full items-center relative top-[-0.094rem] animate-[show_150ms_ease-in]\" data-testid=\"webpage-citation-pill\"><a class=\"flex h-4.5 overflow-hidden rounded-xl px-2 text-[9px] font-medium text-token-text-secondary! bg-[#F4F4F4]! dark:bg-[#303030]! transition-colors duration-150 ease-in-out\" href=\"https:\/\/www.vlna.sk\/vlna-103-s-temou-bez\/\" target=\"_blank\" rel=\"noopener\"><span class=\"relative start-0 bottom-0 flex h-full w-full items-center\"><span class=\"flex h-4 w-full items-center justify-between overflow-hidden\"><span class=\"max-w-full grow truncate overflow-hidden text-center\">vlna.sk<\/span><\/span><\/span><\/a><\/span><\/span><\/p>\n<\/li>\n<li data-start=\"1814\" data-end=\"1983\">\n<p data-start=\"1816\" data-end=\"1983\"><strong data-start=\"1816\" data-end=\"1855\">\u013du\u013eok zlomocn\u00fd (Atropa bella-donna)<\/strong> \u2013 Michal Bal\u00e1\u017e rozv\u00edja \u201ebez\u201c v t\u00e9me jedu, n\u00e1strahy i tmy v dom\u00e1cej i klinickej realite. <span class=\"\" data-state=\"closed\"><span class=\"ms-1 inline-flex max-w-full items-center relative top-[-0.094rem] animate-[show_150ms_ease-in]\" data-testid=\"webpage-citation-pill\"><a class=\"flex h-4.5 overflow-hidden rounded-xl px-2 text-[9px] font-medium text-token-text-secondary! bg-[#F4F4F4]! dark:bg-[#303030]! transition-colors duration-150 ease-in-out\" href=\"https:\/\/www.vlna.sk\/vlna-103-s-temou-bez\/\" target=\"_blank\" rel=\"noopener\"><span class=\"relative start-0 bottom-0 flex h-full w-full items-center\"><span class=\"flex h-4 w-full items-center justify-between overflow-hidden\"><span class=\"max-w-full grow truncate overflow-hidden text-center\">vlna.sk<\/span><\/span><\/span><\/a><\/span><\/span><\/p>\n<\/li>\n<li data-start=\"1984\" data-end=\"2157\">\n<p data-start=\"1986\" data-end=\"2157\"><strong data-start=\"1986\" data-end=\"2015\">Volanie karm\u00ednovej pagody<\/strong> \u2013 Peter Macsovszky op\u00e4\u0165 rezonuje s melanch\u00f3liou a kr\u00e1sou, kde aj \u201ebez\u201c m\u00f4\u017ee by\u0165 esteticky napl\u0148uj\u00face.<\/p>\n<\/li>\n<li data-start=\"1984\" data-end=\"2157\">a mnoho \u010fal\u0161ieho.<\/li>\n<\/ul>\n","protected":false},"excerpt":{"rendered":"<p>Toto \u010d\u00edslo sa zasadzuj\u00fa jazykovo aj my\u0161lienkovo o od\u013eah\u010denie i z\u00e1va\u017enos\u0165, kde slov\u00ed\u010dko \u201ebez\u201c odha\u013euje pr\u00e1zdno aj v\u00fdzvy s\u00fa\u010dasnej doby: BEZ EDITORI\u00c1LU \u2013 Peter \u0160ulej otv\u00e1ra vydanie \u00faderne a s minimalistickou silou, ktor\u00e1 prep\u00e1ja t\u00e9mu so \u0161t\u00fdlom. vlna.sk MODEL: M\u00daZEUM S\u00da\u010cASN\u00c9HO UMENIA alebo Expoz\u00edcia bez bud\u00facnosti \u2013 Lucia Gavulov\u00e1 sk\u00fama kult\u00farne in\u0161tit\u00facie vo svetle ich [&hellip;]<\/p>\n","protected":false},"featured_media":54259,"comment_status":"closed","ping_status":"closed","template":"","meta":{"_acf_changed":false,"inline_featured_image":false},"product_brand":[],"product_cat":[29,327],"product_tag":[],"class_list":{"0":"post-54258","1":"product","2":"type-product","3":"status-publish","4":"has-post-thumbnail","6":"product_cat-casopisy","7":"product_cat-tituly-inych-vydavatelstiev-casopisy","9":"first","10":"instock","11":"shipping-taxable","12":"purchasable","13":"product-type-simple"},"acf":[],"_links":{"self":[{"href":"https:\/\/sfu.sk\/en\/wp-json\/wp\/v2\/product\/54258","targetHints":{"allow":["GET"]}}],"collection":[{"href":"https:\/\/sfu.sk\/en\/wp-json\/wp\/v2\/product"}],"about":[{"href":"https:\/\/sfu.sk\/en\/wp-json\/wp\/v2\/types\/product"}],"replies":[{"embeddable":true,"href":"https:\/\/sfu.sk\/en\/wp-json\/wp\/v2\/comments?post=54258"}],"wp:featuredmedia":[{"embeddable":true,"href":"https:\/\/sfu.sk\/en\/wp-json\/wp\/v2\/media\/54259"}],"wp:attachment":[{"href":"https:\/\/sfu.sk\/en\/wp-json\/wp\/v2\/media?parent=54258"}],"wp:term":[{"taxonomy":"product_brand","embeddable":true,"href":"https:\/\/sfu.sk\/en\/wp-json\/wp\/v2\/product_brand?post=54258"},{"taxonomy":"product_cat","embeddable":true,"href":"https:\/\/sfu.sk\/en\/wp-json\/wp\/v2\/product_cat?post=54258"},{"taxonomy":"product_tag","embeddable":true,"href":"https:\/\/sfu.sk\/en\/wp-json\/wp\/v2\/product_tag?post=54258"}],"curies":[{"name":"wp","href":"https:\/\/api.w.org\/{rel}","templated":true}]}}