{"id":55222,"date":"2025-10-14T16:21:52","date_gmt":"2025-10-14T14:21:52","guid":{"rendered":"https:\/\/sfu.sk\/?post_type=product&#038;p=55222"},"modified":"2026-04-09T14:39:28","modified_gmt":"2026-04-09T12:39:28","slug":"kino-ikon-1-2025","status":"publish","type":"product","link":"https:\/\/sfu.sk\/en\/eshop\/kino-ikon-1-2025\/","title":{"rendered":"KINO IKON 1\/2025"},"content":{"rendered":"<p>\u010c\u00edslo otv\u00e1ra \u0161t\u00fadia venovan\u00e1 poetike dokument\u00e1rnej tvorby Drahom\u00edry Vihanovej od Martina \u0160rajera z\u00a0NFA Praha. Pok\u00fa\u0161a sa v nej analyzova\u0165 \u201eh\u013eadanie tvaru\u201c dokumentu v\u00a0r\u00e1mci korpusu \u0161estn\u00e1stich filmov, ktor\u00e9 Vihanov\u00e1 nakr\u00fatila pod hlavi\u010dkou Kr\u00e1tkeho filmu Praha v\u00a0rokoch 1977 \u2013 1989.\u00a0 V\u00a0rubrike STUDIUM vych\u00e1dza aj obsiahly text Petry Han\u00e1kovej venovan\u00fd \u201e\u00faspe\u0161n\u00e9mu starnutiu\u201c hollywoodskych hviezd, ktor\u00e9 sk\u00fama v\u00a0r\u00e1mci kari\u00e9r piatich vybran\u00fdch hereck\u00fdch legiend (od Roberta Redforda po Morgana Freemana). V\u00a0rubrike zameranej na dejiny slovenskej kinematografie sa rak\u00faska autorka Simone Wille venuje jedn\u00e9mu z\u00a0najzn\u00e1mej\u0161\u00edch indick\u00fdch filmov Vlada Kubenka <em>Modern\u00ed indick\u00ed maliari. <\/em>Spomienkam na atomick\u00e9 kontexty doby prvej polovice 60. rokov, ktor\u00e9 pozna\u010dili nakr\u00facanie filmu <em>Ka\u017ed\u00fd t\u00fd\u017ede\u0148 sedem dn\u00ed<\/em> sa venuje Milan Cyro\u0148 v\u00a0rozhovore s\u00a0Eduardom Gre\u010dnerom. Rudolf Schimera venoval nieko\u013eko pozn\u00e1mok\u00a0 ot\u00e1zke prel\u00ednania \u010dlenov redakcie Cahiers du cin\u00e9ma s\u00a0vymedzovan\u00edm autorstva franc\u00fazskej novej vlny. V\u00a0r\u00e1mci reflexi\u00ed uv\u00e1dzame aj kr\u00e1tky obdivn\u00fd text n\u00e1\u0161ho st\u00e1leho spolupracovn\u00edka Paola Speranzu venovan\u00fd \u017eenskej novej vlne v\u00a0talianskom filme. Ko\u0161ick\u00fd autor Martin Kone\u010dn\u00fd uzatv\u00e1ra \u010d\u00edslo vh\u013eadom do reflexie Osvobozen\u00e9ho divadla Voskovca a Wericha v\u00a0predvojnovej v\u00fdchodoslovenskej tla\u010di.<\/p>\n","protected":false},"excerpt":{"rendered":"<p>\u010c\u00edslo otv\u00e1ra \u0161t\u00fadia venovan\u00e1 poetike dokument\u00e1rnej tvorby Drahom\u00edry Vihanovej od Martina \u0160rajera z\u00a0NFA Praha. Pok\u00fa\u0161a sa v nej analyzova\u0165 \u201eh\u013eadanie tvaru\u201c dokumentu v\u00a0r\u00e1mci korpusu \u0161estn\u00e1stich filmov, ktor\u00e9 Vihanov\u00e1 nakr\u00fatila pod hlavi\u010dkou Kr\u00e1tkeho filmu Praha v\u00a0rokoch 1977 \u2013 1989.\u00a0 V\u00a0rubrike STUDIUM vych\u00e1dza aj obsiahly text Petry Han\u00e1kovej venovan\u00fd \u201e\u00faspe\u0161n\u00e9mu starnutiu\u201c hollywoodskych hviezd, ktor\u00e9 sk\u00fama v\u00a0r\u00e1mci kari\u00e9r [&hellip;]<\/p>\n","protected":false},"featured_media":55224,"comment_status":"closed","ping_status":"closed","template":"","meta":{"_acf_changed":false,"inline_featured_image":false},"product_brand":[],"product_cat":[29,340,335],"product_tag":[],"class_list":{"0":"post-55222","1":"product","2":"type-product","3":"status-publish","4":"has-post-thumbnail","6":"product_cat-casopisy","7":"product_cat-kino-ikon","8":"product_cat-tituly-sfu-casopisy","10":"first","11":"instock","12":"shipping-taxable","13":"purchasable","14":"product-type-simple"},"acf":[],"_links":{"self":[{"href":"https:\/\/sfu.sk\/en\/wp-json\/wp\/v2\/product\/55222","targetHints":{"allow":["GET"]}}],"collection":[{"href":"https:\/\/sfu.sk\/en\/wp-json\/wp\/v2\/product"}],"about":[{"href":"https:\/\/sfu.sk\/en\/wp-json\/wp\/v2\/types\/product"}],"replies":[{"embeddable":true,"href":"https:\/\/sfu.sk\/en\/wp-json\/wp\/v2\/comments?post=55222"}],"wp:featuredmedia":[{"embeddable":true,"href":"https:\/\/sfu.sk\/en\/wp-json\/wp\/v2\/media\/55224"}],"wp:attachment":[{"href":"https:\/\/sfu.sk\/en\/wp-json\/wp\/v2\/media?parent=55222"}],"wp:term":[{"taxonomy":"product_brand","embeddable":true,"href":"https:\/\/sfu.sk\/en\/wp-json\/wp\/v2\/product_brand?post=55222"},{"taxonomy":"product_cat","embeddable":true,"href":"https:\/\/sfu.sk\/en\/wp-json\/wp\/v2\/product_cat?post=55222"},{"taxonomy":"product_tag","embeddable":true,"href":"https:\/\/sfu.sk\/en\/wp-json\/wp\/v2\/product_tag?post=55222"}],"curies":[{"name":"wp","href":"https:\/\/api.w.org\/{rel}","templated":true}]}}