{"id":55271,"date":"2025-10-16T10:31:13","date_gmt":"2025-10-16T08:31:13","guid":{"rendered":"https:\/\/sfu.sk\/?post_type=product&#038;p=55271"},"modified":"2026-01-05T02:06:36","modified_gmt":"2026-01-05T01:06:36","slug":"estetika-filmu","status":"publish","type":"product","link":"https:\/\/sfu.sk\/en\/eshop\/estetika-filmu\/","title":{"rendered":"Estetika filmu"},"content":{"rendered":"<p>Estetika filmu je reprezentat\u00edvna preh\u013eadov\u00e1 publik\u00e1cia, ktor\u00e1 origin\u00e1lnym sp\u00f4sobom predstavuje a\u00a0sumarizuje viac ako storo\u010die kritick\u00e9ho, nielen eur\u00f3pskeho myslenia o\u00a0vybran\u00fdch filmoch, kinematografi\u00e1ch, svetov\u00fdch filmov\u00fdch kult\u00farach. Jej autormi s\u00fa \u0161tyria najv\u00fdznamnej\u0161\u00ed s\u00fa\u010dasn\u00ed franc\u00fazski filmov\u00ed teoretici, estetici, filozofi \u2013 Jacques Aumont, Alain Bergala, Michel Marie a\u00a0Marc Vernet. Napriek vlastnej akademickej profil\u00e1cii naz\u00fdvaj\u00fa knihu u\u010debnicou, av\u0161ak prim\u00e1rne im ne\u0161lo o\u00a0tradi\u010dn\u00fa enumer\u00e1ciu mien, defin\u00edci\u00ed, pojmov \u010di\u00a0pr\u00edstupov. V\u00a0\u0161iestich kapitol\u00e1ch dali prednos\u0165 sk\u00f4r fokusu na pomenovanie toho najpodstatnej\u0161ieho, na prepojenia ide\u00ed, na jasnos\u0165 a stru\u010dnos\u0165 explik\u00e1cie.<\/p>\n<p>Slovensk\u00fd preklad \u0161tvrt\u00e9ho franc\u00fazskeho vydania <em>Estetiky filmu<\/em>, ktor\u00e1 prv\u00fdkr\u00e1t vy\u0161la v\u00a0roku 1983 a\u00a0ktor\u00fa autori pravidelne aktualizuj\u00fa (v tomto vydan\u00ed je u\u017e aj kapitola o\u00a0rozmachu digit\u00e1lnej \u00e9ry), je prvou publik\u00e1ciou tak\u00e9hoto zamerania a\u00a0rozsahu u\u00a0n\u00e1s (po Aristarcovi, Plazewskom, alebo aj\u00a0ned\u00e1vno v\u00a0\u010cech\u00e1ch vydanom <em>Umen\u00ed filmu<\/em> od Kristin Thompsonovej a\u00a0Davida Bordwella). Jej hlavn\u00fdm cie\u013eom je sprostredkova\u0165 dne\u0161n\u00e9mu mlad\u00e9mu \u010ditate\u013eovi silu trad\u00edcie i\u00a0s\u00fa\u010dasn\u00fa \u0161\u00edrku \u00favah o\u00a0bud\u00facnosti audiov\u00edzie.<\/p>\n<p>&nbsp;<\/p>\n<p>&nbsp;<\/p>\n","protected":false},"excerpt":{"rendered":"<p>Estetika filmu je reprezentat\u00edvna preh\u013eadov\u00e1 publik\u00e1cia, ktor\u00e1 origin\u00e1lnym sp\u00f4sobom predstavuje a\u00a0sumarizuje viac ako storo\u010die kritick\u00e9ho, nielen eur\u00f3pskeho myslenia o\u00a0vybran\u00fdch filmoch, kinematografi\u00e1ch, svetov\u00fdch filmov\u00fdch kult\u00farach. Jej autormi s\u00fa \u0161tyria najv\u00fdznamnej\u0161\u00ed s\u00fa\u010dasn\u00ed franc\u00fazski filmov\u00ed teoretici, estetici, filozofi \u2013 Jacques Aumont, Alain Bergala, Michel Marie a\u00a0Marc Vernet. Napriek vlastnej akademickej profil\u00e1cii naz\u00fdvaj\u00fa knihu u\u010debnicou, av\u0161ak prim\u00e1rne im ne\u0161lo [&hellip;]<\/p>\n","protected":false},"featured_media":55272,"comment_status":"closed","ping_status":"closed","template":"","meta":{"_acf_changed":false,"inline_featured_image":false},"product_brand":[],"product_cat":[28,324],"product_tag":[],"class_list":{"0":"post-55271","1":"product","2":"type-product","3":"status-publish","4":"has-post-thumbnail","6":"product_cat-knihy","7":"product_cat-tituly-sfu-knihy","9":"first","10":"instock","11":"shipping-taxable","12":"purchasable","13":"product-type-simple"},"acf":[],"_links":{"self":[{"href":"https:\/\/sfu.sk\/en\/wp-json\/wp\/v2\/product\/55271","targetHints":{"allow":["GET"]}}],"collection":[{"href":"https:\/\/sfu.sk\/en\/wp-json\/wp\/v2\/product"}],"about":[{"href":"https:\/\/sfu.sk\/en\/wp-json\/wp\/v2\/types\/product"}],"replies":[{"embeddable":true,"href":"https:\/\/sfu.sk\/en\/wp-json\/wp\/v2\/comments?post=55271"}],"wp:featuredmedia":[{"embeddable":true,"href":"https:\/\/sfu.sk\/en\/wp-json\/wp\/v2\/media\/55272"}],"wp:attachment":[{"href":"https:\/\/sfu.sk\/en\/wp-json\/wp\/v2\/media?parent=55271"}],"wp:term":[{"taxonomy":"product_brand","embeddable":true,"href":"https:\/\/sfu.sk\/en\/wp-json\/wp\/v2\/product_brand?post=55271"},{"taxonomy":"product_cat","embeddable":true,"href":"https:\/\/sfu.sk\/en\/wp-json\/wp\/v2\/product_cat?post=55271"},{"taxonomy":"product_tag","embeddable":true,"href":"https:\/\/sfu.sk\/en\/wp-json\/wp\/v2\/product_tag?post=55271"}],"curies":[{"name":"wp","href":"https:\/\/api.w.org\/{rel}","templated":true}]}}