{"id":55353,"date":"2025-10-17T16:41:30","date_gmt":"2025-10-17T14:41:30","guid":{"rendered":"https:\/\/sfu.sk\/?post_type=product&#038;p=55353"},"modified":"2025-10-17T16:41:32","modified_gmt":"2025-10-17T14:41:32","slug":"cinepur-161-2025","status":"publish","type":"product","link":"https:\/\/sfu.sk\/en\/eshop\/cinepur-161-2025\/","title":{"rendered":"Cinepur 161\/2025"},"content":{"rendered":"<p data-start=\"154\" data-end=\"483\">Najnov\u0161ie \u010d\u00edslo filmov\u00e9ho \u010dasopisu <em data-start=\"189\" data-end=\"198\">Cinepur<\/em> prin\u00e1\u0161a t\u00e9mu <strong data-start=\"212\" data-end=\"235\">\u201eTelevize a d\u011bjiny\u201c<\/strong>, ktor\u00e1 sk\u00fama prepojenia medzi telev\u00edznym m\u00e9diom, historickou pam\u00e4\u0165ou a kult\u00farnou identitou. Redakcia sa venuje tomu, ako telev\u00edzia formuje na\u0161e vn\u00edmanie minulosti \u2013 od dokument\u00e1rnych a historick\u00fdch seri\u00e1lov cez reality TV a\u017e po politick\u00fa satiru.<\/p>\n<p data-start=\"485\" data-end=\"696\">V tematickom bloku n\u00e1jdete napr\u00edklad texty Luk\u00e1\u0161a Skupu, Kamily Zlatu\u0161kovej, Jany \u010c\u00ed\u017ekovskej \u010di Jaroslava Pinkasa o telev\u00edznej hist\u00f3rii, profil re\u017eis\u00e9rky Evy Sadkovej \u010di \u0161t\u00fadiu o seri\u00e1loch \u0161es\u0165desiatych rokov.<\/p>\n<p data-start=\"698\" data-end=\"1109\">Okrem hlavnej t\u00e9my \u010d\u00edslo prin\u00e1\u0161a aj mno\u017estvo \u010fal\u0161\u00edch rubr\u00edk \u2013 rozhovor s gruz\u00ednskou re\u017eis\u00e9rkou <strong data-start=\"793\" data-end=\"816\">Deou Kulumbega\u0161vili<\/strong>, portr\u00e9t tvorby <strong data-start=\"833\" data-end=\"853\">D\u017eafara Panah\u00edho<\/strong>, eseje o japonsk\u00fdch tokusacu seri\u00e1loch \u010di o digit\u00e1lnom impresionizme vo filme. Nech\u00fdbaj\u00fa ani pravideln\u00e9 rubriky <em data-start=\"966\" data-end=\"975\">Kritika<\/em>, <em data-start=\"977\" data-end=\"987\">Videohra<\/em>, <em data-start=\"989\" data-end=\"1001\">Soundtrack<\/em> \u010di <em data-start=\"1005\" data-end=\"1012\">Kniha<\/em>, ktor\u00e9 reflektuj\u00fa nov\u00e9 tituly ako <em data-start=\"1047\" data-end=\"1063\">\u017divot v hajzlu<\/em>, <em data-start=\"1065\" data-end=\"1081\">Dokonal\u00e1 shoda<\/em> \u010di <em data-start=\"1085\" data-end=\"1106\">Doom: The Dark Ages<\/em>.<\/p>\n<p data-start=\"1111\" data-end=\"1251\">Cinepur 161 tak predstavuje pestr\u00fd a premyslen\u00fd poh\u013ead na to, ako telev\u00edzia \u2013 ako m\u00e9dium i kult\u00farny priestor \u2013 rozpr\u00e1va a pretv\u00e1ra dejiny.<\/p>\n","protected":false},"excerpt":{"rendered":"<p>Najnov\u0161ie \u010d\u00edslo filmov\u00e9ho \u010dasopisu Cinepur prin\u00e1\u0161a t\u00e9mu \u201eTelevize a d\u011bjiny\u201c, ktor\u00e1 sk\u00fama prepojenia medzi telev\u00edznym m\u00e9diom, historickou pam\u00e4\u0165ou a kult\u00farnou identitou. Redakcia sa venuje tomu, ako telev\u00edzia formuje na\u0161e vn\u00edmanie minulosti \u2013 od dokument\u00e1rnych a historick\u00fdch seri\u00e1lov cez reality TV a\u017e po politick\u00fa satiru. V tematickom bloku n\u00e1jdete napr\u00edklad texty Luk\u00e1\u0161a Skupu, Kamily Zlatu\u0161kovej, Jany [&hellip;]<\/p>\n","protected":false},"featured_media":55354,"comment_status":"closed","ping_status":"closed","template":"","meta":{"_acf_changed":false,"inline_featured_image":false},"product_brand":[],"product_cat":[29,333],"product_tag":[],"class_list":{"0":"post-55353","1":"product","2":"type-product","3":"status-publish","4":"has-post-thumbnail","6":"product_cat-casopisy","7":"product_cat-cinepur-tituly-inych-vydavatelstiev-casopisy","9":"first","10":"instock","11":"shipping-taxable","12":"purchasable","13":"product-type-simple"},"acf":[],"_links":{"self":[{"href":"https:\/\/sfu.sk\/en\/wp-json\/wp\/v2\/product\/55353","targetHints":{"allow":["GET"]}}],"collection":[{"href":"https:\/\/sfu.sk\/en\/wp-json\/wp\/v2\/product"}],"about":[{"href":"https:\/\/sfu.sk\/en\/wp-json\/wp\/v2\/types\/product"}],"replies":[{"embeddable":true,"href":"https:\/\/sfu.sk\/en\/wp-json\/wp\/v2\/comments?post=55353"}],"wp:featuredmedia":[{"embeddable":true,"href":"https:\/\/sfu.sk\/en\/wp-json\/wp\/v2\/media\/55354"}],"wp:attachment":[{"href":"https:\/\/sfu.sk\/en\/wp-json\/wp\/v2\/media?parent=55353"}],"wp:term":[{"taxonomy":"product_brand","embeddable":true,"href":"https:\/\/sfu.sk\/en\/wp-json\/wp\/v2\/product_brand?post=55353"},{"taxonomy":"product_cat","embeddable":true,"href":"https:\/\/sfu.sk\/en\/wp-json\/wp\/v2\/product_cat?post=55353"},{"taxonomy":"product_tag","embeddable":true,"href":"https:\/\/sfu.sk\/en\/wp-json\/wp\/v2\/product_tag?post=55353"}],"curies":[{"name":"wp","href":"https:\/\/api.w.org\/{rel}","templated":true}]}}