{"id":55408,"date":"2025-10-22T11:49:29","date_gmt":"2025-10-22T09:49:29","guid":{"rendered":"https:\/\/sfu.sk\/?post_type=product&#038;p=55408"},"modified":"2025-12-10T14:37:07","modified_gmt":"2025-12-10T13:37:07","slug":"uz-davno-nie-som-mladsi-rozhovory-s-emilom-horvathom","status":"publish","type":"product","link":"https:\/\/sfu.sk\/en\/eshop\/uz-davno-nie-som-mladsi-rozhovory-s-emilom-horvathom\/","title":{"rendered":"U\u017d D\u00c1VNO NIE SOM MLAD\u0160\u00cd. Rozhovory s Emilom Horv\u00e1thom"},"content":{"rendered":"<p>\u201ePovedal by som, \u017ee som syn svojho otca. Spom\u00ednam si, \u017ee za\u010diatkom osemdesiatych rokov ho Juraj Jakubisko obsadil do mali\u010dkej roly v\u00a0Tis\u00edcro\u010dnej v\u010dele, otec hral \u017eelezni\u010diara a\u00a0mal tu\u0161\u00edm jeden filmovac\u00ed de\u0148. Opatrne som sa ho sp\u00fdtal, pre\u010do to prijal a\u00a0on mi odpovedal: \u201eEmil, dostal som rolu, v\u00e1\u017eim si to.\u201c Ja som ako herec mal a\u00a0m\u00e1m \u0161\u0165astie. Ve\u013ea \u0161\u0165astia. (&#8230;)\u201c<\/p>\n<p>Kniha J\u00e1na \u0160trassera a Emila Horv\u00e1tha je siln\u00fdm \u010ditate\u013esk\u00fdm z\u00e1\u017eitkom pre ka\u017ed\u00e9ho, kto miluje divadlo a chce nahliadnu\u0165 do myslenia jedn\u00e9ho z najv\u00e4\u010d\u0161\u00edch slovensk\u00fdch hercov.<\/p>\n<p>Pon\u00faka poh\u013ead do z\u00e1kulisia tvorby, odovzd\u00e1va hlbok\u00e9 osobn\u00e9 poznatky Emila Horv\u00e1tha o\u00a0hereckej tvorbe, vz\u0165ahu k\u00a0re\u017eis\u00e9rom, s\u00a0ktor\u00fdmi si umelecky porozumel v\u00a0divadle (\u013dubom\u00edr Vajdi\u010dka, Stanislav P\u00e1rnick\u00fd, Milo\u0161 Pietor, Vladim\u00edr Strnisko), o\u00a0literat\u00fare, filme. Je preto cenn\u00fd zdroj poznania aj pre \u0161tudentov divadeln\u00fdch \u0161k\u00f4l r\u00f4znych odborov, rovnako ako v\u0161etk\u00fdch, ktor\u00ed sa profesion\u00e1lne venuj\u00fa divadlu.<\/p>\n<p>Prostredn\u00edctvom rozpr\u00e1vania o\u00a0filmov\u00fdch sk\u00fasenostiach sa ocitneme uprostred nakr\u00facania filmov pod veden\u00edm re\u017eis\u00e9rov ako Karel Zeman, Juraj Herz, Pavel Jur\u00e1\u010dek, Petr Weigl.<\/p>\n<p>\u00daprimn\u00fdm obrazom nazerania na pohnut\u00fa hist\u00f3riu a krehk\u00fa s\u00fa\u010dasnos\u0165 u n\u00e1s, a\u00a0to nielen v divadelnej oblasti, sa rozhovory stavaj\u00fa cenn\u00fdm materi\u00e1lom pre sk\u00famanie slovenskej spolo\u010dnosti od druhej polovice 20. storo\u010dia do s\u00fa\u010dasnosti.<\/p>\n<p>Publik\u00e1cia je v\u00fdnimo\u010dnou sondou do tvoriv\u00e9ho procesu a myslenia divadeln\u00e9ho umelca, pri\u010dom cel\u00e9 jeho hereck\u00e9 dielo je nespochybnite\u013en\u00fdm svedectvom o tom, \u017ee za skuto\u010dn\u00fdm majstrovstvom, stoj\u00ed popri talente poctiv\u00e1 pr\u00e1ca a umeleck\u00e1 discipl\u00edna.<\/p>\n","protected":false},"excerpt":{"rendered":"<p>\u201ePovedal by som, \u017ee som syn svojho otca. Spom\u00ednam si, \u017ee za\u010diatkom osemdesiatych rokov ho Juraj Jakubisko obsadil do mali\u010dkej roly v\u00a0Tis\u00edcro\u010dnej v\u010dele, otec hral \u017eelezni\u010diara a\u00a0mal tu\u0161\u00edm jeden filmovac\u00ed de\u0148. Opatrne som sa ho sp\u00fdtal, pre\u010do to prijal a\u00a0on mi odpovedal: \u201eEmil, dostal som rolu, v\u00e1\u017eim si to.\u201c Ja som ako herec mal a\u00a0m\u00e1m [&hellip;]<\/p>\n","protected":false},"featured_media":55409,"comment_status":"closed","ping_status":"closed","template":"","meta":{"_acf_changed":false,"inline_featured_image":false},"product_brand":[],"product_cat":[28,318],"product_tag":[],"class_list":{"0":"post-55408","1":"product","2":"type-product","3":"status-publish","4":"has-post-thumbnail","6":"product_cat-knihy","7":"product_cat-tituly-inych-vydavatelstiev","9":"first","10":"outofstock","11":"shipping-taxable","12":"purchasable","13":"product-type-simple"},"acf":[],"_links":{"self":[{"href":"https:\/\/sfu.sk\/en\/wp-json\/wp\/v2\/product\/55408","targetHints":{"allow":["GET"]}}],"collection":[{"href":"https:\/\/sfu.sk\/en\/wp-json\/wp\/v2\/product"}],"about":[{"href":"https:\/\/sfu.sk\/en\/wp-json\/wp\/v2\/types\/product"}],"replies":[{"embeddable":true,"href":"https:\/\/sfu.sk\/en\/wp-json\/wp\/v2\/comments?post=55408"}],"wp:featuredmedia":[{"embeddable":true,"href":"https:\/\/sfu.sk\/en\/wp-json\/wp\/v2\/media\/55409"}],"wp:attachment":[{"href":"https:\/\/sfu.sk\/en\/wp-json\/wp\/v2\/media?parent=55408"}],"wp:term":[{"taxonomy":"product_brand","embeddable":true,"href":"https:\/\/sfu.sk\/en\/wp-json\/wp\/v2\/product_brand?post=55408"},{"taxonomy":"product_cat","embeddable":true,"href":"https:\/\/sfu.sk\/en\/wp-json\/wp\/v2\/product_cat?post=55408"},{"taxonomy":"product_tag","embeddable":true,"href":"https:\/\/sfu.sk\/en\/wp-json\/wp\/v2\/product_tag?post=55408"}],"curies":[{"name":"wp","href":"https:\/\/api.w.org\/{rel}","templated":true}]}}