{"id":55470,"date":"2025-10-28T13:22:41","date_gmt":"2025-10-28T12:22:41","guid":{"rendered":"https:\/\/sfu.sk\/?post_type=product&#038;p=55470"},"modified":"2026-04-23T11:00:58","modified_gmt":"2026-04-23T09:00:58","slug":"clovek-na-okrai-postantropocen-viery-cakanyovej","status":"publish","type":"product","link":"https:\/\/sfu.sk\/en\/eshop\/clovek-na-okrai-postantropocen-viery-cakanyovej\/","title":{"rendered":"\u010clovek na okrAI. Postantropoc\u00e9n Viery \u010c\u00e1kanyovej."},"content":{"rendered":"<p>Monografia Jany Dudkovej <em>\u010clovek na okraAI. Postantropoc\u00e9n Viery \u010c\u00e1kaynovej<\/em> je anal\u00fdzou doteraj\u0161ej filmovej tvorby Viery \u010c\u00e1kanyovej, ktor\u00e1 do slovenskej kinematografie prin\u00e1\u0161a \u00favahy o potrebe posthumanistick\u00e9ho prehodnotenia \u013eudskej \u00falohy a \u00fadelu v dejin\u00e1ch plan\u00e9ty. Kniha sa venuje \u010c\u00e1kanyovej filmom na pozad\u00ed aktu\u00e1lneho prem\u00fd\u0161\u013eania post- a transhumanizmu, ekokriticizmu, \u010di nov\u00e9ho materializmu, resp. na pozad\u00ed aktu\u00e1lnych \u00favah o antropoc\u00e9ne a postantropoc\u00e9ne.<\/p>\n<p>Kniha pozost\u00e1va zo \u0161tyroch kapitol, tie dop\u013a\u0148a rozhovor autorky s\u00a0Vierou \u010c\u00e1kanyovou. Prv\u00e1 kapitola nazer\u00e1 s\u00fa\u010dasn\u00fa tvorbu Viery \u010c\u00e1kanyovej v kontexte jej ran\u00e9ho v\u00fdvoja (mimoriadne ko\u0161at\u00e1 a zauj\u00edmav\u00e1 \u0161tudentsk\u00e1 a telev\u00edzna tvorba, ktor\u00e1 u\u017e nazna\u010duje jej bud\u00face z\u00e1ujmy). \u010eal\u0161ia predstavuje jej zn\u00e1mu tril\u00f3giu (<em>FREM, Biela na bielej, Pozn\u00e1mky z\u00a0Eremoc\u00e9nu<\/em>) z h\u013eadiska opoz\u00edcie umel\u00e9 vs. umeleck\u00e9 a n\u00e1sledne sa monografia zaober\u00e1 \u0161pecifick\u00fdmi ot\u00e1zkami prehodnocovania \u00falohy \u010dloveka v kontexte planet\u00e1rnych z\u00e1ujmov cez opoz\u00edciu pr\u00edroda \u2013 kult\u00fara a cez predstavenie konceptu transperson\u00e1lnej perspekt\u00edvy ako \u0161pecifick\u00e9ho pr\u00ednosu k ekokritickej kinematografii.<\/p>\n","protected":false},"excerpt":{"rendered":"<p>Monografia Jany Dudkovej \u010clovek na okraAI. Postantropoc\u00e9n Viery \u010c\u00e1kaynovej je anal\u00fdzou doteraj\u0161ej filmovej tvorby Viery \u010c\u00e1kanyovej, ktor\u00e1 do slovenskej kinematografie prin\u00e1\u0161a \u00favahy o potrebe posthumanistick\u00e9ho prehodnotenia \u013eudskej \u00falohy a \u00fadelu v dejin\u00e1ch plan\u00e9ty. Kniha sa venuje \u010c\u00e1kanyovej filmom na pozad\u00ed aktu\u00e1lneho prem\u00fd\u0161\u013eania post- a transhumanizmu, ekokriticizmu, \u010di nov\u00e9ho materializmu, resp. na pozad\u00ed aktu\u00e1lnych \u00favah o [&hellip;]<\/p>\n","protected":false},"featured_media":55471,"comment_status":"closed","ping_status":"closed","template":"","meta":{"_acf_changed":false,"inline_featured_image":false},"product_brand":[],"product_cat":[325,28,324],"product_tag":[],"class_list":{"0":"post-55470","1":"product","2":"type-product","3":"status-publish","4":"has-post-thumbnail","6":"product_cat-edicia-camera-obscura","7":"product_cat-knihy","8":"product_cat-tituly-sfu-knihy","10":"first","11":"instock","12":"shipping-taxable","13":"purchasable","14":"product-type-simple"},"acf":[],"_links":{"self":[{"href":"https:\/\/sfu.sk\/en\/wp-json\/wp\/v2\/product\/55470","targetHints":{"allow":["GET"]}}],"collection":[{"href":"https:\/\/sfu.sk\/en\/wp-json\/wp\/v2\/product"}],"about":[{"href":"https:\/\/sfu.sk\/en\/wp-json\/wp\/v2\/types\/product"}],"replies":[{"embeddable":true,"href":"https:\/\/sfu.sk\/en\/wp-json\/wp\/v2\/comments?post=55470"}],"wp:featuredmedia":[{"embeddable":true,"href":"https:\/\/sfu.sk\/en\/wp-json\/wp\/v2\/media\/55471"}],"wp:attachment":[{"href":"https:\/\/sfu.sk\/en\/wp-json\/wp\/v2\/media?parent=55470"}],"wp:term":[{"taxonomy":"product_brand","embeddable":true,"href":"https:\/\/sfu.sk\/en\/wp-json\/wp\/v2\/product_brand?post=55470"},{"taxonomy":"product_cat","embeddable":true,"href":"https:\/\/sfu.sk\/en\/wp-json\/wp\/v2\/product_cat?post=55470"},{"taxonomy":"product_tag","embeddable":true,"href":"https:\/\/sfu.sk\/en\/wp-json\/wp\/v2\/product_tag?post=55470"}],"curies":[{"name":"wp","href":"https:\/\/api.w.org\/{rel}","templated":true}]}}