{"id":55518,"date":"2025-10-30T13:21:53","date_gmt":"2025-10-30T12:21:53","guid":{"rendered":"https:\/\/sfu.sk\/?post_type=product&#038;p=55518"},"modified":"2026-01-05T02:05:45","modified_gmt":"2026-01-05T01:05:45","slug":"blu-ray-322","status":"publish","type":"product","link":"https:\/\/sfu.sk\/en\/eshop\/blu-ray-322\/","title":{"rendered":"blu-ray 322"},"content":{"rendered":"<p>Pr\u00edbeh \u010dloveka, ktor\u00fd v obave z nevylie\u010dite\u013enej choroby prehodnocuje svjo \u017eivot i poh\u013ead na svet. Situ\u00e1ciu ch\u00e1pe ako trest za skutky, ktor\u00fdch sa dopustil v minulosti,\u00a0 a z\u00e1rove\u0148 ako pr\u00edle\u017eitos\u0165 zbavi\u0165 sa pocitu viny a o\u010disti\u0165 si svedomie.<\/p>\n<p>Bonusy: Anal\u00f3gie\/Analogies (Du\u0161an Han\u00e1k, 1965), V\u00fdzva do ticha\/Call into Silence (Du\u0161an Han\u00e1k, 1965)<\/p>\n<p>Obsahuje booklet s textami o filme \/ Includes a booklet with texts about the film<\/p>\n","protected":false},"excerpt":{"rendered":"<p>Pr\u00edbeh \u010dloveka, ktor\u00fd v obave z nevylie\u010dite\u013enej choroby prehodnocuje svjo \u017eivot i poh\u013ead na svet. Situ\u00e1ciu ch\u00e1pe ako trest za skutky, ktor\u00fdch sa dopustil v minulosti,\u00a0 a z\u00e1rove\u0148 ako pr\u00edle\u017eitos\u0165 zbavi\u0165 sa pocitu viny a o\u010disti\u0165 si svedomie. Bonusy: Anal\u00f3gie\/Analogies (Du\u0161an Han\u00e1k, 1965), V\u00fdzva do ticha\/Call into Silence (Du\u0161an Han\u00e1k, 1965) Obsahuje booklet s textami [&hellip;]<\/p>\n","protected":false},"featured_media":55602,"comment_status":"closed","ping_status":"closed","template":"","meta":{"_acf_changed":false,"inline_featured_image":false},"product_brand":[],"product_cat":[31,330],"product_tag":[],"class_list":{"0":"post-55518","1":"product","2":"type-product","3":"status-publish","4":"has-post-thumbnail","6":"product_cat-blu-ray","7":"product_cat-tituly-sfu-blu-ray","9":"first","10":"instock","11":"shipping-taxable","12":"purchasable","13":"product-type-simple"},"acf":[],"_links":{"self":[{"href":"https:\/\/sfu.sk\/en\/wp-json\/wp\/v2\/product\/55518","targetHints":{"allow":["GET"]}}],"collection":[{"href":"https:\/\/sfu.sk\/en\/wp-json\/wp\/v2\/product"}],"about":[{"href":"https:\/\/sfu.sk\/en\/wp-json\/wp\/v2\/types\/product"}],"replies":[{"embeddable":true,"href":"https:\/\/sfu.sk\/en\/wp-json\/wp\/v2\/comments?post=55518"}],"wp:featuredmedia":[{"embeddable":true,"href":"https:\/\/sfu.sk\/en\/wp-json\/wp\/v2\/media\/55602"}],"wp:attachment":[{"href":"https:\/\/sfu.sk\/en\/wp-json\/wp\/v2\/media?parent=55518"}],"wp:term":[{"taxonomy":"product_brand","embeddable":true,"href":"https:\/\/sfu.sk\/en\/wp-json\/wp\/v2\/product_brand?post=55518"},{"taxonomy":"product_cat","embeddable":true,"href":"https:\/\/sfu.sk\/en\/wp-json\/wp\/v2\/product_cat?post=55518"},{"taxonomy":"product_tag","embeddable":true,"href":"https:\/\/sfu.sk\/en\/wp-json\/wp\/v2\/product_tag?post=55518"}],"curies":[{"name":"wp","href":"https:\/\/api.w.org\/{rel}","templated":true}]}}