{"id":55522,"date":"2025-10-30T13:35:49","date_gmt":"2025-10-30T12:35:49","guid":{"rendered":"https:\/\/sfu.sk\/?post_type=product&#038;p=55522"},"modified":"2026-01-05T02:05:50","modified_gmt":"2026-01-05T01:05:50","slug":"blu-ray-kym-sa-skonci-tato-noc","status":"publish","type":"product","link":"https:\/\/sfu.sk\/en\/eshop\/blu-ray-kym-sa-skonci-tato-noc\/","title":{"rendered":"blu-ray K\u00fdm sa skon\u010d\u00ed t\u00e1to noc"},"content":{"rendered":"<p>V no\u010dnom bare v Tatr\u00e1ch sa stretn\u00fa dve \u00faradn\u00ed\u010dky, ktor\u00e9 si u\u017e\u00edvaj\u00fa zop\u00e1r dn\u00ed bezstarostnosti, in\u0161talat\u00e9ri t\u00fa\u017eiaci po erotickej af\u00e9re, stavebn\u00fd majster rozhodnut\u00fd prepi\u0165 v\u00fdplaty celej partie a b\u00fdval\u00fd major alkoholik. A po\u010das jednej noci sa postupne odha\u013euj\u00fa il\u00fazie a sklamania \u201epriemern\u00e9ho\u201c \u010dloveka.<\/p>\n<p>Bonusy: Burza\/Stamp Fair (Peter Solan, 1965), Ve\u010dern\u00fd predaj\/Evening Sale (Jozef Zachar, 1955), Akcia BL\/BL Action (Flori\u00e1n Andris, 1959), Rozhovory o filme\/Interview about the film (Maro\u0161 Br\u00e1zda, 2020)<\/p>\n<p>Obsahuje booklet s textami o filme \/ Includes a booklet with texts about the film<\/p>\n","protected":false},"excerpt":{"rendered":"<p>V no\u010dnom bare v Tatr\u00e1ch sa stretn\u00fa dve \u00faradn\u00ed\u010dky, ktor\u00e9 si u\u017e\u00edvaj\u00fa zop\u00e1r dn\u00ed bezstarostnosti, in\u0161talat\u00e9ri t\u00fa\u017eiaci po erotickej af\u00e9re, stavebn\u00fd majster rozhodnut\u00fd prepi\u0165 v\u00fdplaty celej partie a b\u00fdval\u00fd major alkoholik. A po\u010das jednej noci sa postupne odha\u013euj\u00fa il\u00fazie a sklamania \u201epriemern\u00e9ho\u201c \u010dloveka. Bonusy: Burza\/Stamp Fair (Peter Solan, 1965), Ve\u010dern\u00fd predaj\/Evening Sale (Jozef Zachar, 1955), [&hellip;]<\/p>\n","protected":false},"featured_media":55598,"comment_status":"closed","ping_status":"closed","template":"","meta":{"_acf_changed":false,"inline_featured_image":false},"product_brand":[],"product_cat":[31,330],"product_tag":[],"class_list":{"0":"post-55522","1":"product","2":"type-product","3":"status-publish","4":"has-post-thumbnail","6":"product_cat-blu-ray","7":"product_cat-tituly-sfu-blu-ray","9":"first","10":"instock","11":"shipping-taxable","12":"purchasable","13":"product-type-simple"},"acf":[],"_links":{"self":[{"href":"https:\/\/sfu.sk\/en\/wp-json\/wp\/v2\/product\/55522","targetHints":{"allow":["GET"]}}],"collection":[{"href":"https:\/\/sfu.sk\/en\/wp-json\/wp\/v2\/product"}],"about":[{"href":"https:\/\/sfu.sk\/en\/wp-json\/wp\/v2\/types\/product"}],"replies":[{"embeddable":true,"href":"https:\/\/sfu.sk\/en\/wp-json\/wp\/v2\/comments?post=55522"}],"wp:featuredmedia":[{"embeddable":true,"href":"https:\/\/sfu.sk\/en\/wp-json\/wp\/v2\/media\/55598"}],"wp:attachment":[{"href":"https:\/\/sfu.sk\/en\/wp-json\/wp\/v2\/media?parent=55522"}],"wp:term":[{"taxonomy":"product_brand","embeddable":true,"href":"https:\/\/sfu.sk\/en\/wp-json\/wp\/v2\/product_brand?post=55522"},{"taxonomy":"product_cat","embeddable":true,"href":"https:\/\/sfu.sk\/en\/wp-json\/wp\/v2\/product_cat?post=55522"},{"taxonomy":"product_tag","embeddable":true,"href":"https:\/\/sfu.sk\/en\/wp-json\/wp\/v2\/product_tag?post=55522"}],"curies":[{"name":"wp","href":"https:\/\/api.w.org\/{rel}","templated":true}]}}