{"id":55535,"date":"2025-10-31T15:41:24","date_gmt":"2025-10-31T14:41:24","guid":{"rendered":"https:\/\/sfu.sk\/?post_type=product&#038;p=55535"},"modified":"2026-01-05T02:05:48","modified_gmt":"2026-01-05T01:05:48","slug":"blu-ray-emilia","status":"publish","type":"product","link":"https:\/\/sfu.sk\/en\/eshop\/blu-ray-emilia\/","title":{"rendered":"blu-ray Em\u00edlia"},"content":{"rendered":"<p>Jej tv\u00e1r pozn\u00e1me z tituln\u00fdch str\u00e1n nov\u00edn a \u010dasopisov i z filmov\u00fdch plag\u00e1tov, a predsa o nej vieme tak m\u00e1lo. Viac ako \u0161es\u0165desiat rokov spoluvytv\u00e1ra podobu modern\u00e9ho \u010desko-slovensk\u00e9ho divadla, filmu a telev\u00edzie, ale zdroje jej tvoriv\u00e9ho \u00fasilia pozn\u00e1 len p\u00e1r spolupracovn\u00edkov. Dokument\u00e1rny portr\u00e9t jednej z najlep\u0161\u00edch a najpopul\u00e1rnej\u0161\u00edch slovensk\u00fdch here\u010diek prevedie div\u00e1ka jej bohat\u00fdm umleck\u00fdm i osobn\u00fdm \u017eivotom a pon\u00fakne mu ve\u013emi komplexn\u00fd obraz tejto vz\u00e1cnej a v\u00fdnimo\u010dnej osobnosti.<\/p>\n","protected":false},"excerpt":{"rendered":"<p>Jej tv\u00e1r pozn\u00e1me z tituln\u00fdch str\u00e1n nov\u00edn a \u010dasopisov i z filmov\u00fdch plag\u00e1tov, a predsa o nej vieme tak m\u00e1lo. Viac ako \u0161es\u0165desiat rokov spoluvytv\u00e1ra podobu modern\u00e9ho \u010desko-slovensk\u00e9ho divadla, filmu a telev\u00edzie, ale zdroje jej tvoriv\u00e9ho \u00fasilia pozn\u00e1 len p\u00e1r spolupracovn\u00edkov. Dokument\u00e1rny portr\u00e9t jednej z najlep\u0161\u00edch a najpopul\u00e1rnej\u0161\u00edch slovensk\u00fdch here\u010diek prevedie div\u00e1ka jej bohat\u00fdm umleck\u00fdm [&hellip;]<\/p>\n","protected":false},"featured_media":55592,"comment_status":"closed","ping_status":"closed","template":"","meta":{"_acf_changed":false,"inline_featured_image":false},"product_brand":[],"product_cat":[31,330],"product_tag":[],"class_list":{"0":"post-55535","1":"product","2":"type-product","3":"status-publish","4":"has-post-thumbnail","6":"product_cat-blu-ray","7":"product_cat-tituly-sfu-blu-ray","9":"first","10":"instock","11":"shipping-taxable","12":"purchasable","13":"product-type-simple"},"acf":[],"_links":{"self":[{"href":"https:\/\/sfu.sk\/en\/wp-json\/wp\/v2\/product\/55535","targetHints":{"allow":["GET"]}}],"collection":[{"href":"https:\/\/sfu.sk\/en\/wp-json\/wp\/v2\/product"}],"about":[{"href":"https:\/\/sfu.sk\/en\/wp-json\/wp\/v2\/types\/product"}],"replies":[{"embeddable":true,"href":"https:\/\/sfu.sk\/en\/wp-json\/wp\/v2\/comments?post=55535"}],"wp:featuredmedia":[{"embeddable":true,"href":"https:\/\/sfu.sk\/en\/wp-json\/wp\/v2\/media\/55592"}],"wp:attachment":[{"href":"https:\/\/sfu.sk\/en\/wp-json\/wp\/v2\/media?parent=55535"}],"wp:term":[{"taxonomy":"product_brand","embeddable":true,"href":"https:\/\/sfu.sk\/en\/wp-json\/wp\/v2\/product_brand?post=55535"},{"taxonomy":"product_cat","embeddable":true,"href":"https:\/\/sfu.sk\/en\/wp-json\/wp\/v2\/product_cat?post=55535"},{"taxonomy":"product_tag","embeddable":true,"href":"https:\/\/sfu.sk\/en\/wp-json\/wp\/v2\/product_tag?post=55535"}],"curies":[{"name":"wp","href":"https:\/\/api.w.org\/{rel}","templated":true}]}}