{"id":55973,"date":"2025-12-05T11:08:54","date_gmt":"2025-12-05T10:08:54","guid":{"rendered":"https:\/\/sfu.sk\/?post_type=product&#038;p=55973"},"modified":"2025-12-05T11:11:08","modified_gmt":"2025-12-05T10:11:08","slug":"filmovy-kalendar-2025-vlado-muller","status":"publish","type":"product","link":"https:\/\/sfu.sk\/en\/eshop\/filmovy-kalendar-2025-vlado-muller\/","title":{"rendered":"Filmov\u00fd kalend\u00e1r 2026 &#8211; Vlado M\u00fcller"},"content":{"rendered":"<p>Filmov\u00fd kalend\u00e1r Slovensk\u00e9ho filmov\u00e9ho \u00fastavu na rok 2026 venovan\u00fd\u00a0 nedo\u017eit\u00fdm dev\u00e4\u0165desiatin\u00e1m slovensk\u00e9ho herca Vlada M\u00fcllera (1936 &#8211; 1996)<\/p>\n<p>Janu\u00e1r: Zvony pre bos\u00fdch, 1965, autor fotografie: Milan Kordo\u0161<br \/>\nFebru\u00e1r: Majster kat, 1966, autor fotografie: Milan Kordo\u0161<br \/>\nMarec: Kristove roky 1967, autor fotografie: Vladim\u00edr Vavrek<br \/>\nApr\u00edl: Meden\u00e1 ve\u017ea, 1970, autor fotografie: V\u00e1clav Pol\u00e1k<br \/>\nM\u00e1j: Dos\u0165 dobr\u00ed chlapi 1971, autorka fotografie:\u00a0 Judita Cs\u00e1derov\u00e1<br \/>\nJ\u00fan: Smr\u0165 \u0161it\u00e1 na mieru, autorka fotografie: Elena Pova\u017eanov\u00e1<br \/>\nJ\u00fal: Signum laudis, 1980, autor fotografie: V\u00e1clav Bene\u0161<br \/>\nAugust: Popolv\u00e1r najv\u00e4\u010d\u0161\u00ed na svete, 1982, autor fotografie: V\u00e1clav Pol\u00e1k<br \/>\nSeptember: Tu\u0161enie, 1982, autorka fotografie: Elena Pova\u017eanov\u00e1<br \/>\nOkt\u00f3ber: M\u0155tvi u\u010dia \u017eiv\u00fdch, 1983, autor fotografie: Du\u0161an Duk\u00e1t<br \/>\nNovember: O sl\u00e1ve a tr\u00e1ve, 1984, autor fotografie: V\u00e1clav Pol\u00e1k<br \/>\nDecember: Galo\u0161e \u0161\u0165astia, 1986, autor fotografie: V\u00e1clav Pol\u00e1k<\/p>\n","protected":false},"excerpt":{"rendered":"<p>Filmov\u00fd kalend\u00e1r Slovensk\u00e9ho filmov\u00e9ho \u00fastavu na rok 2026 venovan\u00fd\u00a0 nedo\u017eit\u00fdm dev\u00e4\u0165desiatin\u00e1m slovensk\u00e9ho herca Vlada M\u00fcllera (1936 &#8211; 1996) Janu\u00e1r: Zvony pre bos\u00fdch, 1965, autor fotografie: Milan Kordo\u0161 Febru\u00e1r: Majster kat, 1966, autor fotografie: Milan Kordo\u0161 Marec: Kristove roky 1967, autor fotografie: Vladim\u00edr Vavrek Apr\u00edl: Meden\u00e1 ve\u017ea, 1970, autor fotografie: V\u00e1clav Pol\u00e1k M\u00e1j: Dos\u0165 dobr\u00ed chlapi [&hellip;]<\/p>\n","protected":false},"featured_media":55975,"comment_status":"closed","ping_status":"closed","template":"","meta":{"_acf_changed":false,"inline_featured_image":false},"product_brand":[],"product_cat":[22,337],"product_tag":[],"class_list":{"0":"post-55973","1":"product","2":"type-product","3":"status-publish","4":"has-post-thumbnail","6":"product_cat-ine","7":"product_cat-tituly-sfu-ine","9":"first","10":"instock","11":"sale","12":"shipping-taxable","13":"purchasable","14":"product-type-simple"},"acf":[],"_links":{"self":[{"href":"https:\/\/sfu.sk\/en\/wp-json\/wp\/v2\/product\/55973","targetHints":{"allow":["GET"]}}],"collection":[{"href":"https:\/\/sfu.sk\/en\/wp-json\/wp\/v2\/product"}],"about":[{"href":"https:\/\/sfu.sk\/en\/wp-json\/wp\/v2\/types\/product"}],"replies":[{"embeddable":true,"href":"https:\/\/sfu.sk\/en\/wp-json\/wp\/v2\/comments?post=55973"}],"wp:featuredmedia":[{"embeddable":true,"href":"https:\/\/sfu.sk\/en\/wp-json\/wp\/v2\/media\/55975"}],"wp:attachment":[{"href":"https:\/\/sfu.sk\/en\/wp-json\/wp\/v2\/media?parent=55973"}],"wp:term":[{"taxonomy":"product_brand","embeddable":true,"href":"https:\/\/sfu.sk\/en\/wp-json\/wp\/v2\/product_brand?post=55973"},{"taxonomy":"product_cat","embeddable":true,"href":"https:\/\/sfu.sk\/en\/wp-json\/wp\/v2\/product_cat?post=55973"},{"taxonomy":"product_tag","embeddable":true,"href":"https:\/\/sfu.sk\/en\/wp-json\/wp\/v2\/product_tag?post=55973"}],"curies":[{"name":"wp","href":"https:\/\/api.w.org\/{rel}","templated":true}]}}