{"id":56051,"date":"2025-12-08T13:47:13","date_gmt":"2025-12-08T12:47:13","guid":{"rendered":"https:\/\/sfu.sk\/?post_type=product&#038;p=56051"},"modified":"2025-12-08T13:47:39","modified_gmt":"2025-12-08T12:47:39","slug":"blu-ray-sedim-na-konari-a-je-mi-dobre","status":"publish","type":"product","link":"https:\/\/sfu.sk\/en\/eshop\/blu-ray-sedim-na-konari-a-je-mi-dobre\/","title":{"rendered":"blu-ray Sed\u00edm na kon\u00e1ri a je mi dobre"},"content":{"rendered":"<p>Pr\u00edbeh odli\u0161n\u00fdch, no nerozlu\u010dn\u00fdch priate\u013eov &#8211; komedianta Pepeho a vojaka Prengela &#8211; sa odohr\u00e1va kr\u00e1tko po 2. svetovej vojne. Ke\u010f ich osudy spoj\u00ed n\u00e1hodne n\u00e1jden\u00e9 zlato a prid\u00e1 sa k nim \u017eidovsk\u00e9 diev\u010da Ester, za\u010dn\u00fa sa spolu v trojici pok\u00fa\u0161a\u0165 o naplnenie svojej predstavy o \u0161\u0165ast\u00ed.<\/p>\n<p>Bonusy: dokument\u00e1rny film Portr\u00e9t re\u017eis\u00e9ra \/ the documentary Portrait of the Director (Matej Min\u00e1\u010d, 1999)<\/p>\n<p>&nbsp;<\/p>\n","protected":false},"excerpt":{"rendered":"<p>Pr\u00edbeh odli\u0161n\u00fdch, no nerozlu\u010dn\u00fdch priate\u013eov &#8211; komedianta Pepeho a vojaka Prengela &#8211; sa odohr\u00e1va kr\u00e1tko po 2. svetovej vojne. Ke\u010f ich osudy spoj\u00ed n\u00e1hodne n\u00e1jden\u00e9 zlato a prid\u00e1 sa k nim \u017eidovsk\u00e9 diev\u010da Ester, za\u010dn\u00fa sa spolu v trojici pok\u00fa\u0161a\u0165 o naplnenie svojej predstavy o \u0161\u0165ast\u00ed. Bonusy: dokument\u00e1rny film Portr\u00e9t re\u017eis\u00e9ra \/ the documentary Portrait [&hellip;]<\/p>\n","protected":false},"featured_media":56053,"comment_status":"closed","ping_status":"closed","template":"","meta":{"_acf_changed":false,"inline_featured_image":false},"product_brand":[],"product_cat":[31,330],"product_tag":[],"class_list":{"0":"post-56051","1":"product","2":"type-product","3":"status-publish","4":"has-post-thumbnail","6":"product_cat-blu-ray","7":"product_cat-tituly-sfu-blu-ray","9":"first","10":"instock","11":"shipping-taxable","12":"purchasable","13":"product-type-simple"},"acf":[],"_links":{"self":[{"href":"https:\/\/sfu.sk\/en\/wp-json\/wp\/v2\/product\/56051","targetHints":{"allow":["GET"]}}],"collection":[{"href":"https:\/\/sfu.sk\/en\/wp-json\/wp\/v2\/product"}],"about":[{"href":"https:\/\/sfu.sk\/en\/wp-json\/wp\/v2\/types\/product"}],"replies":[{"embeddable":true,"href":"https:\/\/sfu.sk\/en\/wp-json\/wp\/v2\/comments?post=56051"}],"wp:featuredmedia":[{"embeddable":true,"href":"https:\/\/sfu.sk\/en\/wp-json\/wp\/v2\/media\/56053"}],"wp:attachment":[{"href":"https:\/\/sfu.sk\/en\/wp-json\/wp\/v2\/media?parent=56051"}],"wp:term":[{"taxonomy":"product_brand","embeddable":true,"href":"https:\/\/sfu.sk\/en\/wp-json\/wp\/v2\/product_brand?post=56051"},{"taxonomy":"product_cat","embeddable":true,"href":"https:\/\/sfu.sk\/en\/wp-json\/wp\/v2\/product_cat?post=56051"},{"taxonomy":"product_tag","embeddable":true,"href":"https:\/\/sfu.sk\/en\/wp-json\/wp\/v2\/product_tag?post=56051"}],"curies":[{"name":"wp","href":"https:\/\/api.w.org\/{rel}","templated":true}]}}