{"id":56058,"date":"2025-12-08T14:02:36","date_gmt":"2025-12-08T13:02:36","guid":{"rendered":"https:\/\/sfu.sk\/?post_type=product&#038;p=56058"},"modified":"2025-12-08T14:02:37","modified_gmt":"2025-12-08T13:02:37","slug":"blu-ray-kangchenjunga","status":"publish","type":"product","link":"https:\/\/sfu.sk\/en\/eshop\/blu-ray-kangchenjunga\/","title":{"rendered":"blu-ray Kangchenjunga"},"content":{"rendered":"<p>Dokument\u00e1rny film o horolezeckej exped\u00edcii na tretiu najvy\u0161\u0161iu horu sveta.<\/p>\n<p>Bonusy: Teplota vzduchu 50\u00b0C vlhos\u0165 97 % \/ Air Temperature 50\u00b0C Humidity 97% (J\u00e1n Piroh, 1981), Vysok\u00e9 nap\u00e4tie \/ High Vottage (J\u00e1n Piroh, 1982), Kr\u00e1tke \u00favahy o horskom filme a pokladnici ve\u010dn\u00e9ho snehu \/ Brief Refelections on Mountain Film and the Treasure Trove of Eternal Snows (Maro\u0161 Br\u00e1zda, 2025)<\/p>\n","protected":false},"excerpt":{"rendered":"<p>Dokument\u00e1rny film o horolezeckej exped\u00edcii na tretiu najvy\u0161\u0161iu horu sveta. Bonusy: Teplota vzduchu 50\u00b0C vlhos\u0165 97 % \/ Air Temperature 50\u00b0C Humidity 97% (J\u00e1n Piroh, 1981), Vysok\u00e9 nap\u00e4tie \/ High Vottage (J\u00e1n Piroh, 1982), Kr\u00e1tke \u00favahy o horskom filme a pokladnici ve\u010dn\u00e9ho snehu \/ Brief Refelections on Mountain Film and the Treasure Trove of Eternal [&hellip;]<\/p>\n","protected":false},"featured_media":56059,"comment_status":"closed","ping_status":"closed","template":"","meta":{"_acf_changed":false,"inline_featured_image":false},"product_brand":[],"product_cat":[31,330],"product_tag":[],"class_list":{"0":"post-56058","1":"product","2":"type-product","3":"status-publish","4":"has-post-thumbnail","6":"product_cat-blu-ray","7":"product_cat-tituly-sfu-blu-ray","9":"first","10":"instock","11":"shipping-taxable","12":"purchasable","13":"product-type-simple"},"acf":[],"_links":{"self":[{"href":"https:\/\/sfu.sk\/en\/wp-json\/wp\/v2\/product\/56058","targetHints":{"allow":["GET"]}}],"collection":[{"href":"https:\/\/sfu.sk\/en\/wp-json\/wp\/v2\/product"}],"about":[{"href":"https:\/\/sfu.sk\/en\/wp-json\/wp\/v2\/types\/product"}],"replies":[{"embeddable":true,"href":"https:\/\/sfu.sk\/en\/wp-json\/wp\/v2\/comments?post=56058"}],"wp:featuredmedia":[{"embeddable":true,"href":"https:\/\/sfu.sk\/en\/wp-json\/wp\/v2\/media\/56059"}],"wp:attachment":[{"href":"https:\/\/sfu.sk\/en\/wp-json\/wp\/v2\/media?parent=56058"}],"wp:term":[{"taxonomy":"product_brand","embeddable":true,"href":"https:\/\/sfu.sk\/en\/wp-json\/wp\/v2\/product_brand?post=56058"},{"taxonomy":"product_cat","embeddable":true,"href":"https:\/\/sfu.sk\/en\/wp-json\/wp\/v2\/product_cat?post=56058"},{"taxonomy":"product_tag","embeddable":true,"href":"https:\/\/sfu.sk\/en\/wp-json\/wp\/v2\/product_tag?post=56058"}],"curies":[{"name":"wp","href":"https:\/\/api.w.org\/{rel}","templated":true}]}}