{"id":56094,"date":"2025-12-09T14:38:06","date_gmt":"2025-12-09T13:38:06","guid":{"rendered":"https:\/\/sfu.sk\/?post_type=product&#038;p=56094"},"modified":"2025-12-09T14:38:17","modified_gmt":"2025-12-09T13:38:17","slug":"myslet-media","status":"publish","type":"product","link":"https:\/\/sfu.sk\/en\/eshop\/myslet-media\/","title":{"rendered":"Myslet m\u00e9dia"},"content":{"rendered":"<p>Kniha Myslet m\u00e9dia, j\u00ed\u017e se Herzogenrath poprv\u00e9 p\u0159edstavuje \u010desk\u00e9mu publiku, je v\u00fdborem z krat\u0161\u00edch text\u016f (kapitol a \u010dl\u00e1nk\u016f), upraven\u00fdch pro \u010desk\u00e9 vyd\u00e1n\u00ed a opat\u0159en\u00fdch origin\u00e1ln\u00edm doslovem Tom\u00e1\u0161e Dvo\u0159\u00e1ka a Martina Charv\u00e1ta. V\u00fdchodiskem v\u011bt\u0161iny text\u016f je filozofie Gillese Deleuze a sou\u010dasn\u00e1 n\u011bmeck\u00e1 filozofie m\u00e9di\u00ed, studie jsou v\u0161ak z\u00e1rove\u0148 detailn\u00edmi anal\u00fdzami konkr\u00e9tn\u00edch um\u011bleck\u00fdch d\u011bl, postup\u016f a \u017e\u00e1nr\u016f. Filmov\u00fd odd\u00edl se v\u011bnuje mj. film\u016fm Billa Morrisona, Davida Lynche, \u017e\u00e1nru found footage, vztah\u016fm mezi filmem a filozofi\u00ed nebo audiovizu\u00e1ln\u00ed eseji, odd\u00edl zvukov\u00fd pak elektronick\u00e9 hudb\u011b a jej\u00edm politick\u00fdm a environment\u00e1ln\u00edm aspekt\u016fm \u010di problematice rytmu. V\u0161echny vybran\u00e9 studie prostupuj\u00ed dv\u011b z\u00e1kladn\u00ed t\u00e9mata, je\u017e jsou samostatn\u011b pojedn\u00e1na v z\u00e1v\u011bre\u010dn\u00fdch kapitol\u00e1ch antologie: ot\u00e1zky materiality m\u00e9di\u00ed a praktick\u00e9 estetiky. Kniha navrhuje nov\u00e9 zp\u016fsoby uva\u017eov\u00e1n\u00ed o m\u00e9di\u00edch a um\u011bn\u00ed, kter\u00e9 nejsou v tradi\u010dn\u00edm smyslu filozofick\u00e9 \u010di v\u011bdeck\u00e9, n\u00fdbr\u017e bl\u00ed\u017e\u00ed se perspektiv\u011b um\u011bleck\u00e9ho v\u00fdzkumu: my\u0161len\u00ed o m\u00e9di\u00edch, filmu, \u010di zvuku, kter\u00e9 je sou\u010dasn\u011b my\u0161len\u00edm m\u00e9dii, filmem \u010di zvukem.<\/p>\n","protected":false},"excerpt":{"rendered":"<p>Kniha Myslet m\u00e9dia, j\u00ed\u017e se Herzogenrath poprv\u00e9 p\u0159edstavuje \u010desk\u00e9mu publiku, je v\u00fdborem z krat\u0161\u00edch text\u016f (kapitol a \u010dl\u00e1nk\u016f), upraven\u00fdch pro \u010desk\u00e9 vyd\u00e1n\u00ed a opat\u0159en\u00fdch origin\u00e1ln\u00edm doslovem Tom\u00e1\u0161e Dvo\u0159\u00e1ka a Martina Charv\u00e1ta. V\u00fdchodiskem v\u011bt\u0161iny text\u016f je filozofie Gillese Deleuze a sou\u010dasn\u00e1 n\u011bmeck\u00e1 filozofie m\u00e9di\u00ed, studie jsou v\u0161ak z\u00e1rove\u0148 detailn\u00edmi anal\u00fdzami konkr\u00e9tn\u00edch um\u011bleck\u00fdch d\u011bl, postup\u016f a \u017e\u00e1nr\u016f. [&hellip;]<\/p>\n","protected":false},"featured_media":56095,"comment_status":"closed","ping_status":"closed","template":"","meta":{"_acf_changed":false,"inline_featured_image":false},"product_brand":[],"product_cat":[28,318],"product_tag":[],"class_list":{"0":"post-56094","1":"product","2":"type-product","3":"status-publish","4":"has-post-thumbnail","6":"product_cat-knihy","7":"product_cat-tituly-inych-vydavatelstiev","9":"first","10":"instock","11":"shipping-taxable","12":"purchasable","13":"product-type-simple"},"acf":[],"_links":{"self":[{"href":"https:\/\/sfu.sk\/en\/wp-json\/wp\/v2\/product\/56094","targetHints":{"allow":["GET"]}}],"collection":[{"href":"https:\/\/sfu.sk\/en\/wp-json\/wp\/v2\/product"}],"about":[{"href":"https:\/\/sfu.sk\/en\/wp-json\/wp\/v2\/types\/product"}],"replies":[{"embeddable":true,"href":"https:\/\/sfu.sk\/en\/wp-json\/wp\/v2\/comments?post=56094"}],"wp:featuredmedia":[{"embeddable":true,"href":"https:\/\/sfu.sk\/en\/wp-json\/wp\/v2\/media\/56095"}],"wp:attachment":[{"href":"https:\/\/sfu.sk\/en\/wp-json\/wp\/v2\/media?parent=56094"}],"wp:term":[{"taxonomy":"product_brand","embeddable":true,"href":"https:\/\/sfu.sk\/en\/wp-json\/wp\/v2\/product_brand?post=56094"},{"taxonomy":"product_cat","embeddable":true,"href":"https:\/\/sfu.sk\/en\/wp-json\/wp\/v2\/product_cat?post=56094"},{"taxonomy":"product_tag","embeddable":true,"href":"https:\/\/sfu.sk\/en\/wp-json\/wp\/v2\/product_tag?post=56094"}],"curies":[{"name":"wp","href":"https:\/\/api.w.org\/{rel}","templated":true}]}}