{"id":56097,"date":"2025-12-09T14:40:51","date_gmt":"2025-12-09T13:40:51","guid":{"rendered":"https:\/\/sfu.sk\/?post_type=product&#038;p=56097"},"modified":"2025-12-09T14:40:51","modified_gmt":"2025-12-09T13:40:51","slug":"ksd-scenare-2023","status":"publish","type":"product","link":"https:\/\/sfu.sk\/en\/eshop\/ksd-scenare-2023\/","title":{"rendered":"KSD: sc\u00e9n\u00e1\u0159e 2023"},"content":{"rendered":"<p>V po\u0159ad\u00ed ji\u017e sedm\u00fd sborn\u00edk sc\u00e9n\u00e1\u0159\u016f student\u016f a studentek katedry scen\u00e1ristiky a dramaturgie je tu. T\u011b\u0161it se m\u016f\u017eete na ji\u017e tradi\u010dn\u00ed v\u00fdb\u011br text\u016f nap\u0159\u00ed\u010d jednotliv\u00fdmi cvi\u010den\u00edmi, kter\u00fd je tentokr\u00e1t obohacen unik\u00e1tn\u00edmi autorsk\u00fdmi ilustracemi. Ty vznikly ve spolupr\u00e1ci s ilustr\u00e1tory z Ateli\u00e9ru ilustrace a grafiky na pra\u017esk\u00e9 UMPRUM a dopl\u0148uj\u00ed ka\u017ed\u00fd ze zahrnut\u00fdch text\u016f. Situace scen\u00e1rist\u016f a jejich oboru se neust\u00e1le vyv\u00edj\u00ed a prom\u011b\u0148uje. Douf\u00e1me v\u0161ak, \u017ee tento sborn\u00edk bude nad\u00e1le slou\u017eit jako zdroj inspirace a pot\u011b\u0161en\u00ed, v tom nejkr\u00e1sn\u011bj\u0161\u00edm p\u0159\u00edpad\u011b pak jako podn\u011bt k realizaci n\u011bkter\u00e9ho z projekt\u016f.<\/p>\n","protected":false},"excerpt":{"rendered":"<p>V po\u0159ad\u00ed ji\u017e sedm\u00fd sborn\u00edk sc\u00e9n\u00e1\u0159\u016f student\u016f a studentek katedry scen\u00e1ristiky a dramaturgie je tu. T\u011b\u0161it se m\u016f\u017eete na ji\u017e tradi\u010dn\u00ed v\u00fdb\u011br text\u016f nap\u0159\u00ed\u010d jednotliv\u00fdmi cvi\u010den\u00edmi, kter\u00fd je tentokr\u00e1t obohacen unik\u00e1tn\u00edmi autorsk\u00fdmi ilustracemi. Ty vznikly ve spolupr\u00e1ci s ilustr\u00e1tory z Ateli\u00e9ru ilustrace a grafiky na pra\u017esk\u00e9 UMPRUM a dopl\u0148uj\u00ed ka\u017ed\u00fd ze zahrnut\u00fdch text\u016f. Situace scen\u00e1rist\u016f [&hellip;]<\/p>\n","protected":false},"featured_media":56098,"comment_status":"closed","ping_status":"closed","template":"","meta":{"_acf_changed":false,"inline_featured_image":false},"product_brand":[],"product_cat":[28,318],"product_tag":[],"class_list":{"0":"post-56097","1":"product","2":"type-product","3":"status-publish","4":"has-post-thumbnail","6":"product_cat-knihy","7":"product_cat-tituly-inych-vydavatelstiev","9":"first","10":"instock","11":"shipping-taxable","12":"purchasable","13":"product-type-simple"},"acf":[],"_links":{"self":[{"href":"https:\/\/sfu.sk\/en\/wp-json\/wp\/v2\/product\/56097","targetHints":{"allow":["GET"]}}],"collection":[{"href":"https:\/\/sfu.sk\/en\/wp-json\/wp\/v2\/product"}],"about":[{"href":"https:\/\/sfu.sk\/en\/wp-json\/wp\/v2\/types\/product"}],"replies":[{"embeddable":true,"href":"https:\/\/sfu.sk\/en\/wp-json\/wp\/v2\/comments?post=56097"}],"wp:featuredmedia":[{"embeddable":true,"href":"https:\/\/sfu.sk\/en\/wp-json\/wp\/v2\/media\/56098"}],"wp:attachment":[{"href":"https:\/\/sfu.sk\/en\/wp-json\/wp\/v2\/media?parent=56097"}],"wp:term":[{"taxonomy":"product_brand","embeddable":true,"href":"https:\/\/sfu.sk\/en\/wp-json\/wp\/v2\/product_brand?post=56097"},{"taxonomy":"product_cat","embeddable":true,"href":"https:\/\/sfu.sk\/en\/wp-json\/wp\/v2\/product_cat?post=56097"},{"taxonomy":"product_tag","embeddable":true,"href":"https:\/\/sfu.sk\/en\/wp-json\/wp\/v2\/product_tag?post=56097"}],"curies":[{"name":"wp","href":"https:\/\/api.w.org\/{rel}","templated":true}]}}