{"id":56100,"date":"2025-12-09T14:43:57","date_gmt":"2025-12-09T13:43:57","guid":{"rendered":"https:\/\/sfu.sk\/?post_type=product&#038;p=56100"},"modified":"2025-12-09T14:43:57","modified_gmt":"2025-12-09T13:43:57","slug":"filmova-a-audiovizualni-vychova","status":"publish","type":"product","link":"https:\/\/sfu.sk\/en\/eshop\/filmova-a-audiovizualni-vychova\/","title":{"rendered":"Filmov\u00e1 a audiovizu\u00e1ln\u00ed v\u00fdchova"},"content":{"rendered":"<p>V dynamicky se vyv\u00edjej\u00edc\u00edm sv\u011bt\u011b na\u0161\u00ed ka\u017edodennosti hraj\u00ed st\u00e1le v\u00fdznamn\u011bj\u0161\u00ed roli audiovizu\u00e1ln\u00ed a digit\u00e1ln\u00ed technologie, a to i pro d\u011bti, kter\u00e9 do jeho nest\u00e1l\u00e9 a prom\u011bnliv\u00e9 reality p\u0159ich\u00e1zej\u00ed. Jak se maj\u00ed adaptovat na v\u0161udyp\u0159\u00edtomnou nal\u00e9havost digit\u00e1ln\u00edch obraz\u016f? Jak\u00fdm zp\u016fsobem m\u016f\u017eeme v oborov\u00e9m kontextu vn\u00edmat vzd\u011bl\u00e1vac\u00ed potenci\u00e1l experiment\u00e1ln\u00edch a ran\u00fdch film\u016f, digit\u00e1ln\u00edch her a dal\u0161\u00edch neprob\u00e1dan\u00fdch oblast\u00ed ponorn\u00e9 \u0159eky audiovize? V publikaci je filmov\u00e1 a audiovizu\u00e1ln\u00ed v\u00fdchova vymezena jako nov\u011b emancipovan\u00fd obor na pomez\u00ed um\u011bleck\u00e9 a pedagogick\u00e9 praxe, kter\u00fd nab\u00edz\u00ed \u0161irok\u00e9 mo\u017enosti uplatn\u011bn\u00ed \u2013 od form\u00e1ln\u00edho vzd\u011bl\u00e1v\u00e1n\u00ed a volno\u010dasov\u00fdch aktivit po r\u016fzn\u00e1 odv\u011btv\u00ed filmov\u00e9 kultury. C\u00edlem textu je p\u0159edstavit transforma\u010dn\u00ed procesy, od nich\u017e by filmov\u00e1 a audiovizu\u00e1ln\u00ed v\u00fdchova mohla odv\u00edjet svou didaktiku; ta sice \u010derp\u00e1 inspiraci z dramatick\u00e9 a v\u00fdtvarn\u00e9 v\u00fdchovy, ale vych\u00e1z\u00ed p\u0159i tom ze sv\u00e9bytn\u00fdch v\u00fdrazov\u00fdch prost\u0159edk\u016f filmov\u00e9ho um\u011bn\u00ed. Publikace systematizuje oborov\u00e9 pozn\u00e1n\u00ed a pojmenov\u00e1v\u00e1 cesty, kter\u00e9 povedou k postupn\u00e9mu rozvoji didaktiky a infrastruktury.<\/p>\n","protected":false},"excerpt":{"rendered":"<p>V dynamicky se vyv\u00edjej\u00edc\u00edm sv\u011bt\u011b na\u0161\u00ed ka\u017edodennosti hraj\u00ed st\u00e1le v\u00fdznamn\u011bj\u0161\u00ed roli audiovizu\u00e1ln\u00ed a digit\u00e1ln\u00ed technologie, a to i pro d\u011bti, kter\u00e9 do jeho nest\u00e1l\u00e9 a prom\u011bnliv\u00e9 reality p\u0159ich\u00e1zej\u00ed. Jak se maj\u00ed adaptovat na v\u0161udyp\u0159\u00edtomnou nal\u00e9havost digit\u00e1ln\u00edch obraz\u016f? Jak\u00fdm zp\u016fsobem m\u016f\u017eeme v oborov\u00e9m kontextu vn\u00edmat vzd\u011bl\u00e1vac\u00ed potenci\u00e1l experiment\u00e1ln\u00edch a ran\u00fdch film\u016f, digit\u00e1ln\u00edch her a dal\u0161\u00edch neprob\u00e1dan\u00fdch [&hellip;]<\/p>\n","protected":false},"featured_media":56101,"comment_status":"closed","ping_status":"closed","template":"","meta":{"_acf_changed":false,"inline_featured_image":false},"product_brand":[],"product_cat":[28,318],"product_tag":[],"class_list":{"0":"post-56100","1":"product","2":"type-product","3":"status-publish","4":"has-post-thumbnail","6":"product_cat-knihy","7":"product_cat-tituly-inych-vydavatelstiev","9":"first","10":"instock","11":"shipping-taxable","12":"purchasable","13":"product-type-simple"},"acf":[],"_links":{"self":[{"href":"https:\/\/sfu.sk\/en\/wp-json\/wp\/v2\/product\/56100","targetHints":{"allow":["GET"]}}],"collection":[{"href":"https:\/\/sfu.sk\/en\/wp-json\/wp\/v2\/product"}],"about":[{"href":"https:\/\/sfu.sk\/en\/wp-json\/wp\/v2\/types\/product"}],"replies":[{"embeddable":true,"href":"https:\/\/sfu.sk\/en\/wp-json\/wp\/v2\/comments?post=56100"}],"wp:featuredmedia":[{"embeddable":true,"href":"https:\/\/sfu.sk\/en\/wp-json\/wp\/v2\/media\/56101"}],"wp:attachment":[{"href":"https:\/\/sfu.sk\/en\/wp-json\/wp\/v2\/media?parent=56100"}],"wp:term":[{"taxonomy":"product_brand","embeddable":true,"href":"https:\/\/sfu.sk\/en\/wp-json\/wp\/v2\/product_brand?post=56100"},{"taxonomy":"product_cat","embeddable":true,"href":"https:\/\/sfu.sk\/en\/wp-json\/wp\/v2\/product_cat?post=56100"},{"taxonomy":"product_tag","embeddable":true,"href":"https:\/\/sfu.sk\/en\/wp-json\/wp\/v2\/product_tag?post=56100"}],"curies":[{"name":"wp","href":"https:\/\/api.w.org\/{rel}","templated":true}]}}