{"id":56103,"date":"2025-12-09T14:46:22","date_gmt":"2025-12-09T13:46:22","guid":{"rendered":"https:\/\/sfu.sk\/?post_type=product&#038;p=56103"},"modified":"2025-12-09T14:46:23","modified_gmt":"2025-12-09T13:46:23","slug":"audio-vize","status":"publish","type":"product","link":"https:\/\/sfu.sk\/en\/eshop\/audio-vize\/","title":{"rendered":"Audio-vize"},"content":{"rendered":"<p>Audio-vize: pojem, kter\u00fd v prvn\u00edm vyd\u00e1n\u00ed tohoto d\u00edla v roce 1990 byl je\u0161t\u011b novotvarem, ale r\u016fzn\u00fdmi citacemi, parafr\u00e1zemi a p\u0159eklady se propsal do obecn\u00e9ho pov\u011bdom\u00ed. M\u011bl zna\u010dit, \u017ee se jedn\u00e1 o sv\u00e9bytn\u00fd vjem, a v d\u016fsledku tedy \u017ee studovat filmov\u00fd zvuk \u010di obraz odd\u011blen\u011b, samy o sob\u011b, postr\u00e1d\u00e1 smysl.<\/p>\n<p>A p\u0159ece i dnes kdekdo st\u00e1le odm\u00e1vne kinematografii jako vizu\u00e1ln\u00ed um\u011bn\u00ed. \u0158\u00edk\u00e1v\u00e1me \u201evid\u011bt\u201c film, seri\u00e1l \u010di vys\u00edl\u00e1n\u00ed, a zanedb\u00e1v\u00e1me zm\u011bnu vyzn\u011bn\u00ed obrazu, danou u\u017e samotnou p\u0159\u00edtomnost\u00ed synchronn\u00edho zvuku. Anebo se spokojujeme s aditivn\u00edm sch\u00e9matem: jako by sledov\u00e1n\u00ed audio-vizu\u00e1ln\u00edho p\u0159edstaven\u00ed znamenalo, \u017ee dostaneme \u201eobrazovou stopu\u201c, k n\u00ed\u017e je p\u0159ipojena \u201ezvukov\u00e1 stopa\u201c (p\u0159edstava, kter\u00e1 neodpov\u00edd\u00e1 skute\u010dnosti v \u017e\u00e1dn\u00e9m ohledu krom\u011b \u010dist\u011b technologick\u00e9ho), a jako by ka\u017ed\u00fd vjem pokorn\u011b z\u016fst\u00e1val ve sv\u00e9m kout\u011b.<\/p>\n<p>C\u00edlem t\u00e9to knihy je uk\u00e1zat, jak se ve skute\u010dnosti v audio-vizu\u00e1ln\u00edm spojen\u00ed vjemy vz\u00e1jemn\u011b ovliv\u0148uj\u00ed a p\u0159etv\u00e1\u0159ej\u00ed. Vid\u011bn\u00e9 se zm\u011bn\u00ed, kdy\u017e jej i usly\u0161\u00edme; sly\u0161en\u00e9 se zm\u011bn\u00ed, kdy\u017e jej i uvid\u00edme.<\/p>\n","protected":false},"excerpt":{"rendered":"<p>Audio-vize: pojem, kter\u00fd v prvn\u00edm vyd\u00e1n\u00ed tohoto d\u00edla v roce 1990 byl je\u0161t\u011b novotvarem, ale r\u016fzn\u00fdmi citacemi, parafr\u00e1zemi a p\u0159eklady se propsal do obecn\u00e9ho pov\u011bdom\u00ed. M\u011bl zna\u010dit, \u017ee se jedn\u00e1 o sv\u00e9bytn\u00fd vjem, a v d\u016fsledku tedy \u017ee studovat filmov\u00fd zvuk \u010di obraz odd\u011blen\u011b, samy o sob\u011b, postr\u00e1d\u00e1 smysl. A p\u0159ece i dnes kdekdo st\u00e1le [&hellip;]<\/p>\n","protected":false},"featured_media":56104,"comment_status":"closed","ping_status":"closed","template":"","meta":{"_acf_changed":false,"inline_featured_image":false},"product_brand":[],"product_cat":[28,318],"product_tag":[],"class_list":{"0":"post-56103","1":"product","2":"type-product","3":"status-publish","4":"has-post-thumbnail","6":"product_cat-knihy","7":"product_cat-tituly-inych-vydavatelstiev","9":"first","10":"instock","11":"shipping-taxable","12":"purchasable","13":"product-type-simple"},"acf":[],"_links":{"self":[{"href":"https:\/\/sfu.sk\/en\/wp-json\/wp\/v2\/product\/56103","targetHints":{"allow":["GET"]}}],"collection":[{"href":"https:\/\/sfu.sk\/en\/wp-json\/wp\/v2\/product"}],"about":[{"href":"https:\/\/sfu.sk\/en\/wp-json\/wp\/v2\/types\/product"}],"replies":[{"embeddable":true,"href":"https:\/\/sfu.sk\/en\/wp-json\/wp\/v2\/comments?post=56103"}],"wp:featuredmedia":[{"embeddable":true,"href":"https:\/\/sfu.sk\/en\/wp-json\/wp\/v2\/media\/56104"}],"wp:attachment":[{"href":"https:\/\/sfu.sk\/en\/wp-json\/wp\/v2\/media?parent=56103"}],"wp:term":[{"taxonomy":"product_brand","embeddable":true,"href":"https:\/\/sfu.sk\/en\/wp-json\/wp\/v2\/product_brand?post=56103"},{"taxonomy":"product_cat","embeddable":true,"href":"https:\/\/sfu.sk\/en\/wp-json\/wp\/v2\/product_cat?post=56103"},{"taxonomy":"product_tag","embeddable":true,"href":"https:\/\/sfu.sk\/en\/wp-json\/wp\/v2\/product_tag?post=56103"}],"curies":[{"name":"wp","href":"https:\/\/api.w.org\/{rel}","templated":true}]}}