{"id":56106,"date":"2025-12-09T15:10:50","date_gmt":"2025-12-09T14:10:50","guid":{"rendered":"https:\/\/sfu.sk\/?post_type=product&#038;p=56106"},"modified":"2025-12-09T15:14:03","modified_gmt":"2025-12-09T14:14:03","slug":"vynalez-zkazy-nove-vydanie","status":"publish","type":"product","link":"https:\/\/sfu.sk\/en\/eshop\/vynalez-zkazy-nove-vydanie\/","title":{"rendered":"Vyn\u00e1lez zk\u00e1zy &#8211; nov\u00e9 vydanie"},"content":{"rendered":"<p>Zrestaurovali jsme pro V\u00e1s filmov\u00fd skvost, kter\u00fd v t\u00e9 nejvy\u0161\u0161\u00ed kvalit\u011b p\u0159in\u00e1\u0161\u00edme nov\u011b i do Va\u0161ich p\u0159ehr\u00e1va\u010d\u016f!<\/p>\n<p>Slavn\u00fd film Karla Zemana vznikl na motivy rom\u00e1n\u016f Julese Vernea v roce 1958.<\/p>\n<p>V roce 1958 sn\u00edmek oblet\u011bl doslova cel\u00fd sv\u011bt, byl ov\u011bn\u010den cenami a stal se jedn\u00edm z nejv\u00fdznamn\u011bj\u0161\u00edch film\u016f 20. stolet\u00ed. Mimo jin\u00fdch ocen\u011bn\u00ed z\u00edskal Velkou cenu na sv\u011btov\u00e9 v\u00fdstav\u011b EXPO 58 v Bruselu. Jedn\u00e1 se o prvn\u00ed film Karla Zemana nato\u010den\u00fd na motivy Julesa Verna. Autor si zde vyzkou\u0161el nov\u00fd v\u00fdtvarn\u00fd styl, j\u00edm\u017e o\u017eivuje v \u010dernob\u00edl\u00e9m proveden\u00ed rytiny prvn\u00edch ilustr\u00e1tor\u016f Vernov\u00fdch knih \u00c9douarda Rioua a L\u00e9ona Benetta. Tento styl pak cel\u00fd \u017eivot rozv\u00edjel a uplat\u0148oval v n\u011bm sv\u016fj vizion\u00e1\u0159sk\u00fd pohled. Verne\u016fv nad\u010dasov\u00fd p\u0159\u00edb\u011bh o zneu\u017eit\u00e9m vyn\u00e1lezci, jeho\u017e d\u00edlo v rukou zlo\u010dinc\u016f ohroz\u00ed cel\u00fd sv\u011bt, pap\u00edrov\u00e9 kulisy a v\u00fdrazn\u00e1 stylizace &#8211; a to v\u0161e se pod\u00edl\u00ed na unik\u00e1tn\u00ed vizu\u00e1ln\u00ed podob\u011b a neopakovateln\u00e9 atmosf\u00e9\u0159e d\u00edla.<\/p>\n<p>P\u0159\u00edb\u011bh in\u017een\u00fdra \u0160imona Harta \u2013 pr\u016fb\u011b\u017en\u011b zaznamen\u00e1van\u00fd v jeho den\u00edku \u2013 se odehr\u00e1v\u00e1 v\u00a0dob\u011b, kdy lidstvo poh\u00e1n\u011bla v\u00edra v\u00a0nezadr\u017eiteln\u00fd pokrok. Nov\u00e9 vyn\u00e1lezy vznikaly jako houby po de\u0161ti a zlo\u010dince l\u00e1kaly k\u00a0jejich zneu\u017eit\u00ed\u2026<\/p>\n<p>In\u017een\u00fdr Hart je spolu se sv\u00fdm u\u010ditelem, profesorem Rochem unesen zlot\u0159il\u00fdm hrab\u011btem Artigasem. \u00dadajn\u00fd mecen\u00e1\u0161 profesorova v\u00fdzkumu je ve skute\u010dnosti cynick\u00fd \u0161\u00e9f tlupy pir\u00e1t\u016f, kte\u0159\u00ed pot\u00e1p\u011bj\u00ed civiln\u00ed kor\u00e1by a vykr\u00e1daj\u00ed jejich n\u00e1klady. D\u016fv\u011b\u0159iv\u00fd Roch si dlouho neuv\u011bdomuje, \u017ee Artigas chce jeho v\u00fdbu\u0161ninu zneu\u017e\u00edt k\u00a0ovl\u00e1dnut\u00ed sv\u011bta. In\u017een\u00fdr Hart \u2013 izolovan\u00fd od sta\u0159i\u010dk\u00e9ho v\u011bd\u00e1tora v\u00a0provizorn\u00ed chatr\u010di \u2013 se pl\u00e1ny padouch\u016f sna\u017e\u00ed p\u0159ekazit a\u00a0pokou\u0161\u00ed se informovat sv\u011bt o jejich skute\u010dn\u00fdch z\u00e1m\u011brech. Mezit\u00edm se sbli\u017euje s mladou kr\u00e1skou Janou, je\u017e byla zachr\u00e1n\u011bna p\u0159i jednom z\u00a0pir\u00e1tsk\u00fdch \u00fatok\u016f. Poslat zpr\u00e1vu z\u00a0doup\u011bte padouch\u016f na ostr\u016fvku Back Cup, je\u017e bud\u00ed dojem doutnaj\u00edc\u00ed sopky, v\u0161ak nen\u00ed snadn\u00e9. A\u00a0za\u00fato\u010dit na v\u0161ehoschopn\u00e9 nep\u0159\u00e1tele, disponuj\u00edc\u00ed smrtonosnou ponorkou Nautilus s\u00a0ostrou \u0161pic\u00ed, je je\u0161t\u011b obt\u00ed\u017en\u011bj\u0161\u00ed\u2026<\/p>\n","protected":false},"excerpt":{"rendered":"<p>Zrestaurovali jsme pro V\u00e1s filmov\u00fd skvost, kter\u00fd v t\u00e9 nejvy\u0161\u0161\u00ed kvalit\u011b p\u0159in\u00e1\u0161\u00edme nov\u011b i do Va\u0161ich p\u0159ehr\u00e1va\u010d\u016f! Slavn\u00fd film Karla Zemana vznikl na motivy rom\u00e1n\u016f Julese Vernea v roce 1958. V roce 1958 sn\u00edmek oblet\u011bl doslova cel\u00fd sv\u011bt, byl ov\u011bn\u010den cenami a stal se jedn\u00edm z nejv\u00fdznamn\u011bj\u0161\u00edch film\u016f 20. stolet\u00ed. Mimo jin\u00fdch ocen\u011bn\u00ed z\u00edskal Velkou [&hellip;]<\/p>\n","protected":false},"featured_media":56107,"comment_status":"closed","ping_status":"closed","template":"","meta":{"_acf_changed":false,"inline_featured_image":false},"product_brand":[],"product_cat":[30,319],"product_tag":[],"class_list":{"0":"post-56106","1":"product","2":"type-product","3":"status-publish","4":"has-post-thumbnail","6":"product_cat-dvd","7":"product_cat-tituly-inych-vydavatelstiev-dvd","9":"first","10":"instock","11":"shipping-taxable","12":"purchasable","13":"product-type-simple"},"acf":[],"_links":{"self":[{"href":"https:\/\/sfu.sk\/en\/wp-json\/wp\/v2\/product\/56106","targetHints":{"allow":["GET"]}}],"collection":[{"href":"https:\/\/sfu.sk\/en\/wp-json\/wp\/v2\/product"}],"about":[{"href":"https:\/\/sfu.sk\/en\/wp-json\/wp\/v2\/types\/product"}],"replies":[{"embeddable":true,"href":"https:\/\/sfu.sk\/en\/wp-json\/wp\/v2\/comments?post=56106"}],"wp:featuredmedia":[{"embeddable":true,"href":"https:\/\/sfu.sk\/en\/wp-json\/wp\/v2\/media\/56107"}],"wp:attachment":[{"href":"https:\/\/sfu.sk\/en\/wp-json\/wp\/v2\/media?parent=56106"}],"wp:term":[{"taxonomy":"product_brand","embeddable":true,"href":"https:\/\/sfu.sk\/en\/wp-json\/wp\/v2\/product_brand?post=56106"},{"taxonomy":"product_cat","embeddable":true,"href":"https:\/\/sfu.sk\/en\/wp-json\/wp\/v2\/product_cat?post=56106"},{"taxonomy":"product_tag","embeddable":true,"href":"https:\/\/sfu.sk\/en\/wp-json\/wp\/v2\/product_tag?post=56106"}],"curies":[{"name":"wp","href":"https:\/\/api.w.org\/{rel}","templated":true}]}}