{"id":56120,"date":"2025-12-09T15:34:18","date_gmt":"2025-12-09T14:34:18","guid":{"rendered":"https:\/\/sfu.sk\/?post_type=product&#038;p=56120"},"modified":"2025-12-09T16:13:12","modified_gmt":"2025-12-09T15:13:12","slug":"filmovy-plagat-ptaci-psycho","status":"publish","type":"product","link":"https:\/\/sfu.sk\/en\/eshop\/filmovy-plagat-ptaci-psycho\/","title":{"rendered":"Filmov\u00fd plag\u00e1t Pt\u00e1ci\/Psycho"},"content":{"rendered":"<p>Filmov\u00fd plag\u00e1t k filmom Pt\u00e1ci a Psycho od Alfreda Hitchcocka<\/p>\n","protected":false},"excerpt":{"rendered":"<p>Filmov\u00fd plag\u00e1t k filmom Pt\u00e1ci a Psycho od Alfreda Hitchcocka<\/p>\n","protected":false},"featured_media":56121,"comment_status":"closed","ping_status":"closed","template":"","meta":{"_acf_changed":false,"inline_featured_image":false},"product_brand":[],"product_cat":[22,322],"product_tag":[],"class_list":{"0":"post-56120","1":"product","2":"type-product","3":"status-publish","4":"has-post-thumbnail","6":"product_cat-ine","7":"product_cat-tituly-inych-vydavatelstiev-ine","9":"first","10":"instock","11":"shipping-taxable","12":"purchasable","13":"product-type-simple"},"acf":[],"_links":{"self":[{"href":"https:\/\/sfu.sk\/en\/wp-json\/wp\/v2\/product\/56120","targetHints":{"allow":["GET"]}}],"collection":[{"href":"https:\/\/sfu.sk\/en\/wp-json\/wp\/v2\/product"}],"about":[{"href":"https:\/\/sfu.sk\/en\/wp-json\/wp\/v2\/types\/product"}],"replies":[{"embeddable":true,"href":"https:\/\/sfu.sk\/en\/wp-json\/wp\/v2\/comments?post=56120"}],"wp:featuredmedia":[{"embeddable":true,"href":"https:\/\/sfu.sk\/en\/wp-json\/wp\/v2\/media\/56121"}],"wp:attachment":[{"href":"https:\/\/sfu.sk\/en\/wp-json\/wp\/v2\/media?parent=56120"}],"wp:term":[{"taxonomy":"product_brand","embeddable":true,"href":"https:\/\/sfu.sk\/en\/wp-json\/wp\/v2\/product_brand?post=56120"},{"taxonomy":"product_cat","embeddable":true,"href":"https:\/\/sfu.sk\/en\/wp-json\/wp\/v2\/product_cat?post=56120"},{"taxonomy":"product_tag","embeddable":true,"href":"https:\/\/sfu.sk\/en\/wp-json\/wp\/v2\/product_tag?post=56120"}],"curies":[{"name":"wp","href":"https:\/\/api.w.org\/{rel}","templated":true}]}}