{"id":56124,"date":"2025-12-09T16:12:01","date_gmt":"2025-12-09T15:12:01","guid":{"rendered":"https:\/\/sfu.sk\/?post_type=product&#038;p=56124"},"modified":"2025-12-09T16:12:50","modified_gmt":"2025-12-09T15:12:50","slug":"filmovy-plagat-jules-a-jim","status":"publish","type":"product","link":"https:\/\/sfu.sk\/en\/eshop\/filmovy-plagat-jules-a-jim\/","title":{"rendered":"Filmov\u00fd plag\u00e1t Jules a Jim"},"content":{"rendered":"<p>Filmov\u00fd plag\u00e1t k filmu Mu\u017e z Hongkongu od Francois Truffaut<\/p>\n","protected":false},"excerpt":{"rendered":"<p>Filmov\u00fd plag\u00e1t k filmu Mu\u017e z Hongkongu od Francois Truffaut<\/p>\n","protected":false},"featured_media":56126,"comment_status":"closed","ping_status":"closed","template":"","meta":{"_acf_changed":false,"inline_featured_image":false},"product_brand":[],"product_cat":[22,322],"product_tag":[],"class_list":{"0":"post-56124","1":"product","2":"type-product","3":"status-publish","4":"has-post-thumbnail","6":"product_cat-ine","7":"product_cat-tituly-inych-vydavatelstiev-ine","9":"first","10":"instock","11":"shipping-taxable","12":"purchasable","13":"product-type-simple"},"acf":[],"_links":{"self":[{"href":"https:\/\/sfu.sk\/en\/wp-json\/wp\/v2\/product\/56124","targetHints":{"allow":["GET"]}}],"collection":[{"href":"https:\/\/sfu.sk\/en\/wp-json\/wp\/v2\/product"}],"about":[{"href":"https:\/\/sfu.sk\/en\/wp-json\/wp\/v2\/types\/product"}],"replies":[{"embeddable":true,"href":"https:\/\/sfu.sk\/en\/wp-json\/wp\/v2\/comments?post=56124"}],"wp:featuredmedia":[{"embeddable":true,"href":"https:\/\/sfu.sk\/en\/wp-json\/wp\/v2\/media\/56126"}],"wp:attachment":[{"href":"https:\/\/sfu.sk\/en\/wp-json\/wp\/v2\/media?parent=56124"}],"wp:term":[{"taxonomy":"product_brand","embeddable":true,"href":"https:\/\/sfu.sk\/en\/wp-json\/wp\/v2\/product_brand?post=56124"},{"taxonomy":"product_cat","embeddable":true,"href":"https:\/\/sfu.sk\/en\/wp-json\/wp\/v2\/product_cat?post=56124"},{"taxonomy":"product_tag","embeddable":true,"href":"https:\/\/sfu.sk\/en\/wp-json\/wp\/v2\/product_tag?post=56124"}],"curies":[{"name":"wp","href":"https:\/\/api.w.org\/{rel}","templated":true}]}}