{"id":57279,"date":"2026-03-03T13:38:43","date_gmt":"2026-03-03T12:38:43","guid":{"rendered":"https:\/\/sfu.sk\/?post_type=product&#038;p=57279"},"modified":"2026-03-03T13:44:36","modified_gmt":"2026-03-03T12:44:36","slug":"cinepur-162-2025","status":"publish","type":"product","link":"https:\/\/sfu.sk\/en\/eshop\/cinepur-162-2025\/","title":{"rendered":"Cinepur 162\/2025"},"content":{"rendered":"<p data-start=\"0\" data-end=\"333\"><strong data-start=\"0\" data-end=\"48\"><span class=\"hover:entity-accent entity-underline inline cursor-pointer align-baseline\"><span class=\"whitespace-normal\">Cinepur<\/span><\/span> \u010d. 162<\/strong> prin\u00e1\u0161a pestr\u00fa mozaiku filmov\u00fdch esej\u00ed, portr\u00e9tov, krit\u00edk aj aktu\u00e1lnych t\u00e9m, ktor\u00e9 h\u00fdbu stredoeur\u00f3pskou kinematografiou. Najnov\u0161ie \u010d\u00edslo sa s\u00fastre\u010fuje na <strong data-start=\"203\" data-end=\"242\">queer perspekt\u00edvy v strednej Eur\u00f3pe<\/strong>, no pon\u00faka aj reflexie festivalov, kultov\u00fdch diel, videohern\u00fdch hororov \u010di hudby vo filme.<\/p>\n<p data-start=\"335\" data-end=\"694\">V \u00favodnom editoriali \u201eNach\u00e1zet jin\u00e9 filmy\u201c Jind\u0159i\u0161ka Bl\u00e1hov\u00e1 otv\u00e1ra ot\u00e1zku objavovania in\u00fdch poh\u013eadov na film. Rubrika Zoom prin\u00e1\u0161a anal\u00fdzu sn\u00edmky <em data-start=\"482\" data-end=\"494\">Osl\u00ed kr\u00e1sa<\/em> ako reflex\u00edvneho experimentu s pam\u00e4\u0165ou a report z festivalu Ji.hlava 2025. Flashback sa vracia ku kultov\u00e9mu filmu <strong data-start=\"609\" data-end=\"650\"><span class=\"hover:entity-accent entity-underline inline cursor-pointer align-baseline\"><span class=\"whitespace-normal\">9 a \u00bd t\u00fddne<\/span><\/span><\/strong> ako k erotick\u00e9mu snu o prekra\u010dovan\u00ed hran\u00edc.<\/p>\n<p data-start=\"696\" data-end=\"1089\">\u010c\u00edslo obsahuje aj rozsiahly portr\u00e9t re\u017eis\u00e9ra <strong data-start=\"741\" data-end=\"782\"><span class=\"hover:entity-accent entity-underline inline cursor-pointer align-baseline\"><span class=\"whitespace-normal\">Joachim Trier<\/span><\/span><\/strong>, \u00favahu o nemeck\u00fdch dejin\u00e1ch z queer poh\u013eadu cez filmy <em data-start=\"837\" data-end=\"852\">Velk\u00e1 svoboda<\/em> a <em data-start=\"855\" data-end=\"881\">Tan\u010d\u00edrna na hlavn\u00ed t\u0159\u00edd\u011b<\/em>, \u010di kritick\u00fa reflexiu bud\u00facnosti filmovej \u017eurnalistiky. Nech\u00fdba seri\u00e1l o univerze <strong data-start=\"964\" data-end=\"1005\"><span class=\"hover:entity-accent entity-underline inline cursor-pointer align-baseline\"><span class=\"whitespace-normal\">Vet\u0159elec<\/span><\/span><\/strong> (Vet\u0159elec: Zem\u011b), poh\u013ead na videohru <em data-start=\"1043\" data-end=\"1051\">Exit 8<\/em> ani texty o filme, telev\u00edzii a hudbe.<\/p>\n<p data-start=\"1091\" data-end=\"1303\">Tematick\u00e9 jadro \u201eQueer st\u0159edn\u00ed Evropa\u201c mapuje s\u00fa\u010dasn\u00fd queer film v regi\u00f3ne, analyzuje \u017e\u00e1nrov\u00fa tvorbu, dokumenty o LGBT+ osob\u00e1ch, reprezent\u00e1ciu v \u010deskej a po\u013eskej telev\u00edzii aj uml\u010dovanie queer tvorby na Slovensku.<\/p>\n<p data-start=\"1305\" data-end=\"1479\">Samozrejmos\u0165ou s\u00fa podrobn\u00e9 kritiky aktu\u00e1lnych filmov (<em data-start=\"1359\" data-end=\"1382\">Jedna bitva za druhou<\/em>, <em data-start=\"1384\" data-end=\"1394\">Renovace<\/em>, <em data-start=\"1396\" data-end=\"1402\">Otec<\/em>, <em data-start=\"1404\" data-end=\"1413\">Bugonia<\/em>, <em data-start=\"1415\" data-end=\"1434\">D\u016fm pln\u00fd dynamitu<\/em>) a profil debutuj\u00faceho tvorcu Lubo\u0161a Ku\u010deru.<\/p>\n","protected":false},"excerpt":{"rendered":"<p>Cinepur \u010d. 162 prin\u00e1\u0161a pestr\u00fa mozaiku filmov\u00fdch esej\u00ed, portr\u00e9tov, krit\u00edk aj aktu\u00e1lnych t\u00e9m, ktor\u00e9 h\u00fdbu stredoeur\u00f3pskou kinematografiou. Najnov\u0161ie \u010d\u00edslo sa s\u00fastre\u010fuje na queer perspekt\u00edvy v strednej Eur\u00f3pe, no pon\u00faka aj reflexie festivalov, kultov\u00fdch diel, videohern\u00fdch hororov \u010di hudby vo filme. V \u00favodnom editoriali \u201eNach\u00e1zet jin\u00e9 filmy\u201c Jind\u0159i\u0161ka Bl\u00e1hov\u00e1 otv\u00e1ra ot\u00e1zku objavovania in\u00fdch poh\u013eadov na film. [&hellip;]<\/p>\n","protected":false},"featured_media":57283,"comment_status":"closed","ping_status":"closed","template":"","meta":{"_acf_changed":false,"inline_featured_image":false},"product_brand":[],"product_cat":[29,333],"product_tag":[],"class_list":{"0":"post-57279","1":"product","2":"type-product","3":"status-publish","4":"has-post-thumbnail","6":"product_cat-casopisy","7":"product_cat-cinepur-tituly-inych-vydavatelstiev-casopisy","9":"first","10":"instock","11":"shipping-taxable","12":"purchasable","13":"product-type-simple"},"acf":[],"_links":{"self":[{"href":"https:\/\/sfu.sk\/en\/wp-json\/wp\/v2\/product\/57279","targetHints":{"allow":["GET"]}}],"collection":[{"href":"https:\/\/sfu.sk\/en\/wp-json\/wp\/v2\/product"}],"about":[{"href":"https:\/\/sfu.sk\/en\/wp-json\/wp\/v2\/types\/product"}],"replies":[{"embeddable":true,"href":"https:\/\/sfu.sk\/en\/wp-json\/wp\/v2\/comments?post=57279"}],"wp:featuredmedia":[{"embeddable":true,"href":"https:\/\/sfu.sk\/en\/wp-json\/wp\/v2\/media\/57283"}],"wp:attachment":[{"href":"https:\/\/sfu.sk\/en\/wp-json\/wp\/v2\/media?parent=57279"}],"wp:term":[{"taxonomy":"product_brand","embeddable":true,"href":"https:\/\/sfu.sk\/en\/wp-json\/wp\/v2\/product_brand?post=57279"},{"taxonomy":"product_cat","embeddable":true,"href":"https:\/\/sfu.sk\/en\/wp-json\/wp\/v2\/product_cat?post=57279"},{"taxonomy":"product_tag","embeddable":true,"href":"https:\/\/sfu.sk\/en\/wp-json\/wp\/v2\/product_tag?post=57279"}],"curies":[{"name":"wp","href":"https:\/\/api.w.org\/{rel}","templated":true}]}}