{"id":57286,"date":"2026-03-03T13:41:50","date_gmt":"2026-03-03T12:41:50","guid":{"rendered":"https:\/\/sfu.sk\/?post_type=product&#038;p=57286"},"modified":"2026-03-26T16:57:39","modified_gmt":"2026-03-26T15:57:39","slug":"cinepur-163-2026","status":"publish","type":"product","link":"https:\/\/sfu.sk\/en\/eshop\/cinepur-163-2026\/","title":{"rendered":"Cinepur 163\/2026"},"content":{"rendered":"<p data-start=\"0\" data-end=\"259\"><strong data-start=\"0\" data-end=\"48\"><span class=\"hover:entity-accent entity-underline inline cursor-pointer align-baseline\"><span class=\"whitespace-normal\">Cinepur<\/span><\/span> \u010d. 163<\/strong> prin\u00e1\u0161a bilan\u010dn\u00e9 aj polemick\u00e9 \u010d\u00edslo, ktor\u00e9 sa obzer\u00e1 za filmov\u00fdm rokom 2025 a z\u00e1rove\u0148 sa pon\u00e1ra do sveta jedn\u00e9ho z najv\u00fdraznej\u0161\u00edch filmov\u00fdch vizion\u00e1rov v\u0161etk\u00fdch \u010dias \u2013 <strong data-start=\"217\" data-end=\"258\"><span class=\"hover:entity-accent entity-underline inline cursor-pointer align-baseline\"><span class=\"whitespace-normal\">David Lynch<\/span><\/span><\/strong>.<\/p>\n<p data-start=\"261\" data-end=\"578\">V editoriali \u201eVyrovn\u00e1v\u00e1n\u00ed \u00fa\u010dt\u016f\u201c Jind\u0159i\u0161ka Bl\u00e1hov\u00e1 otv\u00e1ra t\u00e9mu bilancovania a hodn\u00f4t, ktor\u00e9 vo filme pretrv\u00e1vaj\u00fa. Nasleduje anketa o najlep\u0161\u00edch filmoch roku 2025 a v rubrike Flashback n\u00e1vrat k sn\u00edmke <strong data-start=\"460\" data-end=\"501\"><span class=\"hover:entity-accent entity-underline inline cursor-pointer align-baseline\"><span class=\"whitespace-normal\">Working Girl<\/span><\/span><\/strong> (<em data-start=\"503\" data-end=\"520\">Podnikav\u00e1 d\u00edvka<\/em>) ako k pr\u00edbehu girl power v kulis\u00e1ch drav\u00e9ho kapitalizmu.<\/p>\n<p data-start=\"580\" data-end=\"1073\">Portr\u00e9tov\u00e9 texty sa venuj\u00fa re\u017eis\u00e9rovi <strong data-start=\"618\" data-end=\"659\"><span class=\"hover:entity-accent entity-underline inline cursor-pointer align-baseline\"><span class=\"whitespace-normal\">Brian De Palma<\/span><\/span><\/strong> a jeho pr\u00e1ci s ir\u00f3niou, voyeurizmom a paranojou, ako aj tvorcom Ond\u0159ejovi Provazn\u00edkovi a Michalovi B\u00f6hmovi. Nech\u00fdba poh\u013ead na seri\u00e1l <strong data-start=\"793\" data-end=\"834\"><span class=\"hover:entity-accent entity-underline inline cursor-pointer align-baseline\"><span class=\"whitespace-normal\">Pluribus<\/span><\/span><\/strong>, videohern\u00fd titul <em data-start=\"853\" data-end=\"863\">Dispatch<\/em> \u010di fenom\u00e9n reality \u0161ou <em data-start=\"887\" data-end=\"905\">Naked Attraction<\/em>. Film a hudbu prep\u00e1ja anal\u00fdza seri\u00e1lu <strong data-start=\"944\" data-end=\"985\"><span class=\"hover:entity-accent entity-underline inline cursor-pointer align-baseline\"><span class=\"whitespace-normal\">The Vince Staples Show<\/span><\/span><\/strong>, zatia\u013e \u010do kni\u017en\u00e1 rubrika predstavuje publik\u00e1ciu <em data-start=\"1035\" data-end=\"1072\">\u010cesk\u00fd hran\u00fd film pro d\u011bti 1945\u20131993<\/em>.<\/p>\n<p data-start=\"1075\" data-end=\"1263\">Samozrejmos\u0165ou s\u00fa rozsiahle kritiky aktu\u00e1lnych titulov (<em data-start=\"1131\" data-end=\"1150\">Nen\u00ed jin\u00e1 mo\u017enost<\/em>, <em data-start=\"1152\" data-end=\"1168\">Modrou stezkou<\/em>, <em data-start=\"1170\" data-end=\"1181\">Jay Kelly<\/em>, <em data-start=\"1183\" data-end=\"1193\">Ml\u00e1ti\u010dka<\/em>, <em data-start=\"1195\" data-end=\"1208\">Velk\u00fd Marty<\/em>), ktor\u00e9 mapuj\u00fa s\u00fa\u010dasn\u00fa dom\u00e1cu aj zahrani\u010dn\u00fa produkciu.<\/p>\n<p data-start=\"1265\" data-end=\"1775\">\u0164a\u017eiskom \u010d\u00edsla je tematick\u00fd blok venovan\u00fd tvorbe Davida Lyncha. Texty analyzuj\u00fa fenom\u00e9n midnight movies, seri\u00e1l <strong data-start=\"1377\" data-end=\"1418\"><span class=\"hover:entity-accent entity-underline inline cursor-pointer align-baseline\"><span class=\"whitespace-normal\">Twin Peaks<\/span><\/span><\/strong>, kr\u00e1tkometr\u00e1\u017enu tvorbu aj filmov\u00e9 diela ako <strong data-start=\"1463\" data-end=\"1504\"><span class=\"hover:entity-accent entity-underline inline cursor-pointer align-baseline\"><span class=\"whitespace-normal\">The Straight Story<\/span><\/span><\/strong>, <strong data-start=\"1506\" data-end=\"1547\"><span class=\"hover:entity-accent entity-underline inline cursor-pointer align-baseline\"><span class=\"whitespace-normal\">Inland Empire<\/span><\/span><\/strong>, <strong data-start=\"1549\" data-end=\"1590\"><span class=\"hover:entity-accent entity-underline inline cursor-pointer align-baseline\"><span class=\"whitespace-normal\">Lost Highway<\/span><\/span><\/strong> \u010di <strong data-start=\"1594\" data-end=\"1637\"><span class=\"hover:entity-accent entity-underline inline cursor-pointer align-baseline\"><span class=\"whitespace-normal\">Mulholland Drive<\/span><\/span><\/strong>. Autori sa s\u00fastre\u010fuj\u00fa na jeho pr\u00e1cu s narat\u00edvnou il\u00faziou, fragment\u00e1rnos\u0165ou, snovou logikou aj odporom vo\u010di interpreta\u010dn\u00fdm zjednodu\u0161eniam.<\/p>\n<p data-start=\"1777\" data-end=\"2006\" data-is-last-node=\"\" data-is-only-node=\"\"><strong data-start=\"1777\" data-end=\"1792\">Cinepur 163<\/strong> je ide\u00e1lnou vo\u013ebou pre \u010ditate\u013eov, ktor\u00ed chc\u00fa prem\u00fd\u0161\u013ea\u0165 o filme do h\u013abky \u2013 od bilan\u010dn\u00fdch rebr\u00ed\u010dkov cez portr\u00e9ty osobnost\u00ed a\u017e po komplexn\u00fa anal\u00fdzu lynchovsk\u00e9ho sveta pln\u00e9ho tajomstva, nap\u00e4tia a obrazovej imagin\u00e1cie.<\/p>\n","protected":false},"excerpt":{"rendered":"<p>Cinepur \u010d. 163 prin\u00e1\u0161a bilan\u010dn\u00e9 aj polemick\u00e9 \u010d\u00edslo, ktor\u00e9 sa obzer\u00e1 za filmov\u00fdm rokom 2025 a z\u00e1rove\u0148 sa pon\u00e1ra do sveta jedn\u00e9ho z najv\u00fdraznej\u0161\u00edch filmov\u00fdch vizion\u00e1rov v\u0161etk\u00fdch \u010dias \u2013 David Lynch. V editoriali \u201eVyrovn\u00e1v\u00e1n\u00ed \u00fa\u010dt\u016f\u201c Jind\u0159i\u0161ka Bl\u00e1hov\u00e1 otv\u00e1ra t\u00e9mu bilancovania a hodn\u00f4t, ktor\u00e9 vo filme pretrv\u00e1vaj\u00fa. Nasleduje anketa o najlep\u0161\u00edch filmoch roku 2025 a v [&hellip;]<\/p>\n","protected":false},"featured_media":57288,"comment_status":"closed","ping_status":"closed","template":"","meta":{"_acf_changed":false,"inline_featured_image":false},"product_brand":[],"product_cat":[29,333],"product_tag":[],"class_list":{"0":"post-57286","1":"product","2":"type-product","3":"status-publish","4":"has-post-thumbnail","6":"product_cat-casopisy","7":"product_cat-cinepur-tituly-inych-vydavatelstiev-casopisy","9":"first","10":"outofstock","11":"shipping-taxable","12":"purchasable","13":"product-type-simple"},"acf":[],"_links":{"self":[{"href":"https:\/\/sfu.sk\/en\/wp-json\/wp\/v2\/product\/57286","targetHints":{"allow":["GET"]}}],"collection":[{"href":"https:\/\/sfu.sk\/en\/wp-json\/wp\/v2\/product"}],"about":[{"href":"https:\/\/sfu.sk\/en\/wp-json\/wp\/v2\/types\/product"}],"replies":[{"embeddable":true,"href":"https:\/\/sfu.sk\/en\/wp-json\/wp\/v2\/comments?post=57286"}],"wp:featuredmedia":[{"embeddable":true,"href":"https:\/\/sfu.sk\/en\/wp-json\/wp\/v2\/media\/57288"}],"wp:attachment":[{"href":"https:\/\/sfu.sk\/en\/wp-json\/wp\/v2\/media?parent=57286"}],"wp:term":[{"taxonomy":"product_brand","embeddable":true,"href":"https:\/\/sfu.sk\/en\/wp-json\/wp\/v2\/product_brand?post=57286"},{"taxonomy":"product_cat","embeddable":true,"href":"https:\/\/sfu.sk\/en\/wp-json\/wp\/v2\/product_cat?post=57286"},{"taxonomy":"product_tag","embeddable":true,"href":"https:\/\/sfu.sk\/en\/wp-json\/wp\/v2\/product_tag?post=57286"}],"curies":[{"name":"wp","href":"https:\/\/api.w.org\/{rel}","templated":true}]}}