{"id":57349,"date":"2026-03-04T13:17:25","date_gmt":"2026-03-04T12:17:25","guid":{"rendered":"https:\/\/sfu.sk\/?post_type=product&#038;p=57349"},"modified":"2026-04-23T11:00:27","modified_gmt":"2026-04-23T09:00:27","slug":"kino-ikon-2-2025","status":"publish","type":"product","link":"https:\/\/sfu.sk\/en\/eshop\/kino-ikon-2-2025\/","title":{"rendered":"KINO IKON 2\/2025"},"content":{"rendered":"<p>Pravideln\u00e1 rubrika venovan\u00e1 reflexii prvej storo\u010dnice slovenskej kinematografie aktu\u00e1lne zah\u0155\u0148a \u0161t\u00fadie slovensk\u00fdch i\u00a0\u010desk\u00fdch b\u00e1date\u013eov, ktor\u00ed sa venovali r\u00f4znym teoretick\u00fdm alebo filmovohistorick\u00fdm t\u00e9mam: uv\u00e1dzaniu \u010desk\u00fdch nem\u00fdch filmov v\u00a0Bratislave a\u00a0Ko\u0161iciach, hist\u00f3rii kr\u00e1tkeho strihov\u00e9ho filmu u\u00a0n\u00e1s, tvorbe Martina \u0160ul\u00edka, fenom\u00e9nu slovenskej filmovej par\u00f3die alebo pou\u017e\u00edvaniu Ai v\u00a0dokument\u00e1rnej tvorbe. \u010c\u00edslu dominuj\u00fa dialogick\u00e9 form\u00e1ty: najprv rozsiahly rekapitula\u010dn\u00fd rozhovor s\u00a0b\u00fdval\u00fdm predsedom Asoci\u00e1cie slovensk\u00fdch filmov\u00fdch klubov Petrom Dubeck\u00fdm o\u00a0troch dek\u00e1dach jej fungovania a\u00a0mnohosti jej aktiv\u00edt a\u00a0podujat\u00ed, ktor\u00e9 realizovala. N\u00e1sledne diskusia s\u00a0re\u017eis\u00e9rom Martinom Kollarom o filme <em>Letopis<\/em>, ktor\u00fa viedol Peter Michalovi\u010d. V\u00a0rubrike Zoom sa op\u00e4\u0165 venujeme fenom\u00e9nu novej vlny a\u00a0limitom politick\u00e9ho modernizmu v\u00a0\u010dl\u00e1nku Jana \u0160\u00edmu. V\u00a0sekcii filmov\u00fdch a\u00a0liter\u00e1rnych reflexi\u00ed sleduje stav s\u00fa\u010dasnej po\u013eskej hranej kinematografie alebo sa venujeme hist\u00f3rii \u017e\u00e1nru sci-fi v\u00a0r\u00e1mci talianskej kinematografie. \u010c\u00edslo uzatv\u00e1ra trojica kr\u00e1tkych esej\u00ed o\u00a0ved\u013eaj\u0161\u00edch postav\u00e1ch vo vybran\u00fdch filmov\u00fdch dielach.<\/p>\n<p>&nbsp;<\/p>\n","protected":false},"excerpt":{"rendered":"<p>Pravideln\u00e1 rubrika venovan\u00e1 reflexii prvej storo\u010dnice slovenskej kinematografie aktu\u00e1lne zah\u0155\u0148a \u0161t\u00fadie slovensk\u00fdch i\u00a0\u010desk\u00fdch b\u00e1date\u013eov, ktor\u00ed sa venovali r\u00f4znym teoretick\u00fdm alebo filmovohistorick\u00fdm t\u00e9mam: uv\u00e1dzaniu \u010desk\u00fdch nem\u00fdch filmov v\u00a0Bratislave a\u00a0Ko\u0161iciach, hist\u00f3rii kr\u00e1tkeho strihov\u00e9ho filmu u\u00a0n\u00e1s, tvorbe Martina \u0160ul\u00edka, fenom\u00e9nu slovenskej filmovej par\u00f3die alebo pou\u017e\u00edvaniu Ai v\u00a0dokument\u00e1rnej tvorbe. \u010c\u00edslu dominuj\u00fa dialogick\u00e9 form\u00e1ty: najprv rozsiahly rekapitula\u010dn\u00fd rozhovor s\u00a0b\u00fdval\u00fdm predsedom [&hellip;]<\/p>\n","protected":false},"featured_media":57350,"comment_status":"closed","ping_status":"closed","template":"","meta":{"_acf_changed":false,"inline_featured_image":false},"product_brand":[],"product_cat":[29,340,335],"product_tag":[],"class_list":{"0":"post-57349","1":"product","2":"type-product","3":"status-publish","4":"has-post-thumbnail","6":"product_cat-casopisy","7":"product_cat-kino-ikon","8":"product_cat-tituly-sfu-casopisy","10":"first","11":"instock","12":"shipping-taxable","13":"purchasable","14":"product-type-simple"},"acf":[],"_links":{"self":[{"href":"https:\/\/sfu.sk\/en\/wp-json\/wp\/v2\/product\/57349","targetHints":{"allow":["GET"]}}],"collection":[{"href":"https:\/\/sfu.sk\/en\/wp-json\/wp\/v2\/product"}],"about":[{"href":"https:\/\/sfu.sk\/en\/wp-json\/wp\/v2\/types\/product"}],"replies":[{"embeddable":true,"href":"https:\/\/sfu.sk\/en\/wp-json\/wp\/v2\/comments?post=57349"}],"wp:featuredmedia":[{"embeddable":true,"href":"https:\/\/sfu.sk\/en\/wp-json\/wp\/v2\/media\/57350"}],"wp:attachment":[{"href":"https:\/\/sfu.sk\/en\/wp-json\/wp\/v2\/media?parent=57349"}],"wp:term":[{"taxonomy":"product_brand","embeddable":true,"href":"https:\/\/sfu.sk\/en\/wp-json\/wp\/v2\/product_brand?post=57349"},{"taxonomy":"product_cat","embeddable":true,"href":"https:\/\/sfu.sk\/en\/wp-json\/wp\/v2\/product_cat?post=57349"},{"taxonomy":"product_tag","embeddable":true,"href":"https:\/\/sfu.sk\/en\/wp-json\/wp\/v2\/product_tag?post=57349"}],"curies":[{"name":"wp","href":"https:\/\/api.w.org\/{rel}","templated":true}]}}