{"id":57726,"date":"2026-03-31T14:19:45","date_gmt":"2026-03-31T12:19:45","guid":{"rendered":"https:\/\/sfu.sk\/?post_type=product&#038;p=57726"},"modified":"2026-04-23T11:00:21","modified_gmt":"2026-04-23T09:00:21","slug":"slovensky-strihovy-film","status":"publish","type":"product","link":"https:\/\/sfu.sk\/en\/eshop\/slovensky-strihovy-film\/","title":{"rendered":"Slovensk\u00fd strihov\u00fd film"},"content":{"rendered":"<p>Autor publik\u00e1cie Martin Pal\u00fach prin\u00e1\u0161a alternat\u00edvny poh\u013ead na dejiny slovensk\u00e9ho filmu z perspekt\u00edvy v\u00fdvoja strihovej formy dokument\u00e1rneho \u017e\u00e1nru z obdobia rokov 1938 \u2013 2025. Okrem historickej l\u00ednie, sleduje aj teoretick\u00fa reflexiu kompila\u010dn\u00e9ho filmu (j. Leyda), ale len v kontexte pr\u00edkladov zo slovenskej kinematografie. V\u0161\u00edma si propagandistick\u00fd potenci\u00e1l diel. Osvet\u013euje politick\u00e9 z\u00e1mery, pre ktor\u00e9 vznikli, popisuje ciele, ktor\u00e9 mali naplni\u0165, aby recyklovan\u00e9 kontexty \u00fa\u010delne vpl\u00fdvali na dobov\u00fdch recipientov. Osobitnou kapitolou s\u00fa pr\u00edklady umeleck\u00e9ho experimentovania so strihovou formou, ktor\u00e9 origin\u00e1lnym sp\u00f4sobom obohatili tvoriv\u00fd potenci\u00e1l slovenskej kinematografie.<\/p>\n","protected":false},"excerpt":{"rendered":"<p>Autor publik\u00e1cie Martin Pal\u00fach prin\u00e1\u0161a alternat\u00edvny poh\u013ead na dejiny slovensk\u00e9ho filmu z perspekt\u00edvy v\u00fdvoja strihovej formy dokument\u00e1rneho \u017e\u00e1nru z obdobia rokov 1938 \u2013 2025. Okrem historickej l\u00ednie, sleduje aj teoretick\u00fa reflexiu kompila\u010dn\u00e9ho filmu (j. Leyda), ale len v kontexte pr\u00edkladov zo slovenskej kinematografie. V\u0161\u00edma si propagandistick\u00fd potenci\u00e1l diel. Osvet\u013euje politick\u00e9 z\u00e1mery, pre ktor\u00e9 vznikli, popisuje [&hellip;]<\/p>\n","protected":false},"featured_media":57727,"comment_status":"closed","ping_status":"closed","template":"","meta":{"_acf_changed":false,"inline_featured_image":false},"product_brand":[],"product_cat":[328,28,324],"product_tag":[],"class_list":{"0":"post-57726","1":"product","2":"type-product","3":"status-publish","4":"has-post-thumbnail","6":"product_cat-edicia-studium","7":"product_cat-knihy","8":"product_cat-tituly-sfu-knihy","10":"first","11":"instock","12":"shipping-taxable","13":"purchasable","14":"product-type-simple"},"acf":[],"_links":{"self":[{"href":"https:\/\/sfu.sk\/en\/wp-json\/wp\/v2\/product\/57726","targetHints":{"allow":["GET"]}}],"collection":[{"href":"https:\/\/sfu.sk\/en\/wp-json\/wp\/v2\/product"}],"about":[{"href":"https:\/\/sfu.sk\/en\/wp-json\/wp\/v2\/types\/product"}],"replies":[{"embeddable":true,"href":"https:\/\/sfu.sk\/en\/wp-json\/wp\/v2\/comments?post=57726"}],"wp:featuredmedia":[{"embeddable":true,"href":"https:\/\/sfu.sk\/en\/wp-json\/wp\/v2\/media\/57727"}],"wp:attachment":[{"href":"https:\/\/sfu.sk\/en\/wp-json\/wp\/v2\/media?parent=57726"}],"wp:term":[{"taxonomy":"product_brand","embeddable":true,"href":"https:\/\/sfu.sk\/en\/wp-json\/wp\/v2\/product_brand?post=57726"},{"taxonomy":"product_cat","embeddable":true,"href":"https:\/\/sfu.sk\/en\/wp-json\/wp\/v2\/product_cat?post=57726"},{"taxonomy":"product_tag","embeddable":true,"href":"https:\/\/sfu.sk\/en\/wp-json\/wp\/v2\/product_tag?post=57726"}],"curies":[{"name":"wp","href":"https:\/\/api.w.org\/{rel}","templated":true}]}}