{"id":9022,"date":"2016-02-15T10:26:05","date_gmt":"2016-02-15T09:26:05","guid":{"rendered":"https:\/\/sfu.sk\/eshop\/3dvd-czech-animated-film-1925-1945\/"},"modified":"2023-08-30T09:42:24","modified_gmt":"2023-08-30T07:42:24","slug":"3dvd-czech-animated-film-1925-1945","status":"publish","type":"product","link":"https:\/\/sfu.sk\/en\/eshop\/3dvd-czech-animated-film-1925-1945\/","title":{"rendered":"3DVD Czech animated film 1925-1945"},"content":{"rendered":"<p>\n\tThe unique collection of all films originating from the outset of animated cinema (1925-1945) contains short-lenght, commercial or promotional films and abstract animated works. Films created by Karel Dodal, Herm\u00edna T\u00fdrlov\u00e1, Karel Zeman, and others are included.<\/p>\n","protected":false},"excerpt":{"rendered":"<p>The unique collection of all films originating from the outset of animated cinema (1925-1945) contains short-lenght, commercial or promotional films and abstract animated works. Films created by Karel Dodal, Herm\u00edna T\u00fdrlov\u00e1, Karel Zeman, and others are included.<\/p>\n","protected":false},"featured_media":5364,"comment_status":"closed","ping_status":"closed","template":"","meta":{"_acf_changed":false,"inline_featured_image":false},"product_brand":[],"product_cat":[72],"product_tag":[],"class_list":{"0":"post-9022","1":"product","2":"type-product","3":"status-publish","4":"has-post-thumbnail","6":"product_cat-nezaradene","7":"vydavatel-tituly-ine-en","9":"first","10":"outofstock","11":"purchasable","12":"product-type-simple"},"acf":[],"_links":{"self":[{"href":"https:\/\/sfu.sk\/en\/wp-json\/wp\/v2\/product\/9022","targetHints":{"allow":["GET"]}}],"collection":[{"href":"https:\/\/sfu.sk\/en\/wp-json\/wp\/v2\/product"}],"about":[{"href":"https:\/\/sfu.sk\/en\/wp-json\/wp\/v2\/types\/product"}],"replies":[{"embeddable":true,"href":"https:\/\/sfu.sk\/en\/wp-json\/wp\/v2\/comments?post=9022"}],"wp:featuredmedia":[{"embeddable":true,"href":"https:\/\/sfu.sk\/en\/wp-json\/wp\/v2\/media\/5364"}],"wp:attachment":[{"href":"https:\/\/sfu.sk\/en\/wp-json\/wp\/v2\/media?parent=9022"}],"wp:term":[{"taxonomy":"product_brand","embeddable":true,"href":"https:\/\/sfu.sk\/en\/wp-json\/wp\/v2\/product_brand?post=9022"},{"taxonomy":"product_cat","embeddable":true,"href":"https:\/\/sfu.sk\/en\/wp-json\/wp\/v2\/product_cat?post=9022"},{"taxonomy":"product_tag","embeddable":true,"href":"https:\/\/sfu.sk\/en\/wp-json\/wp\/v2\/product_tag?post=9022"}],"curies":[{"name":"wp","href":"https:\/\/api.w.org\/{rel}","templated":true}]}}